{"id":4456,"date":"2023-05-24T16:07:45","date_gmt":"2023-05-24T07:07:45","guid":{"rendered":"https:\/\/onlineshop.togiya.jp\/rueckerstattung-und-rueckgabepolitik\/"},"modified":"2023-05-24T16:58:50","modified_gmt":"2023-05-24T07:58:50","slug":"rueckerstattung-und-rueckgabepolitik","status":"publish","type":"page","link":"https:\/\/onlineshop.togiya.jp\/de\/rueckerstattung-und-rueckgabepolitik\/","title":{"rendered":"R\u00fcckerstattung und R\u00fcckgabepolitik"},"content":{"rendered":"\n<p><\/p><h3>Overview<\/h3>\n\n<p>Unsere Erstattungs- und R\u00fcckgabebestimmungen gelten f\u00fcr 30 Tage. Wenn seit Ihrem Kauf 30 Tage vergangen sind, k\u00f6nnen wir Ihnen keine volle R\u00fcckerstattung oder keinen Umtausch anbieten.<\/p>\n\n<p>Um f\u00fcr eine R\u00fcckgabe in Frage zu kommen, muss Ihr Artikel unbenutzt sein und sich in demselben Zustand befinden, in dem Sie ihn erhalten haben. Au\u00dferdem muss es sich in der Originalverpackung befinden.<\/p>\n\n<p>Um Ihre R\u00fccksendung abzuschlie\u00dfen, ben\u00f6tigen wir eine Quittung oder einen Kaufbeleg.<\/p>\n\n<p>Bitte senden Sie Ihren Kauf nicht an den Hersteller zur\u00fcck.<\/p>\n\n<p><\/p><h2>Refunds<\/h2>\n\n<p>Sobald wir Ihre R\u00fccksendung erhalten und gepr\u00fcft haben, senden wir Ihnen eine E-Mail, um Sie zu benachrichtigen, dass wir Ihren zur\u00fcckgesandten Artikel erhalten haben. Wir werden Sie auch \u00fcber die Genehmigung oder Ablehnung Ihrer Erstattung informieren.<\/p>\n\n<p>Wenn Sie die Genehmigung erhalten, wird Ihre R\u00fcckerstattung bearbeitet und eine Gutschrift auf Ihre Kreditkarte oder Ihre urspr\u00fcngliche Zahlungsmethode wird innerhalb einer bestimmten Anzahl von Tagen automatisch vorgenommen.<\/p>\n\n<p><b>Versp\u00e4tete oder fehlende Erstattungen<\/b><\/p>\n\n<p>Wenn Sie noch keine R\u00fcckerstattung erhalten haben, \u00fcberpr\u00fcfen Sie zun\u00e4chst Ihr Bankkonto erneut.<\/p>\n\n<p>Wenden Sie sich dann an Ihr Kreditkartenunternehmen. Es kann einige Zeit dauern, bis Ihre R\u00fcckerstattung offiziell verbucht wird.<\/p>\n\n<p>Wenden Sie sich dann an Ihre Bank. Bis eine Erstattung verbucht wird, vergeht oft eine gewisse Bearbeitungszeit.<\/p>\n\n<p>Wenn Sie all dies getan haben und Ihre R\u00fcckerstattung immer noch nicht erhalten haben, kontaktieren Sie uns bitte unter <a href=\"mailto:info@togiya.jp\" target=\"_blank\" rel=\"noreferrer noopener\">info@togiya.jp<\/a>.<\/p>\n\n<p><b>Verkaufsartikel<\/b><\/p>\n\n<p>Es k\u00f6nnen nur Artikel zum regul\u00e4ren Preis erstattet werden. Verkaufte Artikel k\u00f6nnen nicht zur\u00fcckerstattet werden.<\/p>\n\n<p><\/p><h2>Exchanges<\/h2>\n\n<p>Wir ersetzen nur Artikel, wenn sie defekt oder besch\u00e4digt sind. Wenn Sie es gegen das gleiche Produkt umtauschen m\u00f6chten, senden Sie uns eine E-Mail an <a href=\"mailto:info@togiya.jp\" target=\"_blank\" rel=\"noreferrer noopener\">info@togiya.jp<\/a>.<\/p>\n\n<p><\/p><h2>Shipping returns<\/h2>\n\n<p>Sie m\u00fcssen die Versandkosten f\u00fcr die R\u00fccksendung Ihres Artikels selbst tragen. Die Versandkosten sind nicht erstattungsf\u00e4hig. Wenn Sie eine R\u00fcckerstattung erhalten, werden die Kosten f\u00fcr den R\u00fcckversand von Ihrer R\u00fcckerstattung abgezogen.<\/p>\n\n<p>Je nachdem, wo Sie wohnen, kann es unterschiedlich lange dauern, bis Ihr ausgetauschtes Produkt bei Ihnen eintrifft.<\/p>\n\n<p>Wenn Sie teurere Artikel zur\u00fccksenden, sollten Sie einen verfolgbaren Versanddienst nutzen oder eine Versandversicherung abschlie\u00dfen. Wir k\u00f6nnen nicht garantieren, dass wir die zur\u00fcckgesendeten Artikel erhalten werden.<\/p>\n\n<p><\/p><h2>Need help?<\/h2>\n\n<p>Wenden Sie sich bei Fragen zu Erstattungen und R\u00fcckgaben an <a href=\"mailto:info@togiya.jp\" target=\"_blank\" rel=\"noreferrer noopener\">info@togiya.jp<\/a>.<\/p>\n","protected":false},"excerpt":{"rendered":"<p>Overview Unsere Erstattungs- und R\u00fcckgabebestimmungen gelten f\u00fcr 30 Tage. Wenn seit Ihrem Kauf 30 Tage vergangen sind, k\u00f6nnen wir Ihnen keine volle R\u00fcckerstattung oder keinen Umtausch anbieten. Um f\u00fcr eine R\u00fcckgabe in Frage zu kommen, muss Ihr Artikel unbenutzt sein und sich in demselben Zustand befinden, in dem Sie ihn erhalten haben. Au\u00dferdem muss es [&hellip;]<\/p>\n","protected":false},"author":1,"featured_media":0,"parent":0,"menu_order":0,"comment_status":"closed","ping_status":"closed","template":"","meta":{"footnotes":""},"class_list":["post-4456","page","type-page","status-publish","hentry"],"jetpack_sharing_enabled":true,"_links":{"self":[{"href":"https:\/\/onlineshop.togiya.jp\/de\/wp-json\/wp\/v2\/pages\/4456","targetHints":{"allow":["GET"]}}],"collection":[{"href":"https:\/\/onlineshop.togiya.jp\/de\/wp-json\/wp\/v2\/pages"}],"about":[{"href":"https:\/\/onlineshop.togiya.jp\/de\/wp-json\/wp\/v2\/types\/page"}],"author":[{"embeddable":true,"href":"https:\/\/onlineshop.togiya.jp\/de\/wp-json\/wp\/v2\/users\/1"}],"replies":[{"embeddable":true,"href":"https:\/\/onlineshop.togiya.jp\/de\/wp-json\/wp\/v2\/comments?post=4456"}],"version-history":[{"count":1,"href":"https:\/\/onlineshop.togiya.jp\/de\/wp-json\/wp\/v2\/pages\/4456\/revisions"}],"predecessor-version":[{"id":4478,"href":"https:\/\/onlineshop.togiya.jp\/de\/wp-json\/wp\/v2\/pages\/4456\/revisions\/4478"}],"wp:attachment":[{"href":"https:\/\/onlineshop.togiya.jp\/de\/wp-json\/wp\/v2\/media?parent=4456"}],"curies":[{"name":"wp","href":"https:\/\/api.w.org\/{rel}","templated":true}]}}