{"id":2333,"date":"2021-03-06T23:34:10","date_gmt":"2021-03-06T14:34:10","guid":{"rendered":"https:\/\/onlineshop.togiya.jp\/product\/dso-65s-dso-70s\/"},"modified":"2023-05-23T13:06:53","modified_gmt":"2023-05-23T04:06:53","slug":"dso-s","status":"publish","type":"product","link":"https:\/\/onlineshop.togiya.jp\/de\/produkt\/dso-s\/","title":{"rendered":"DSO-65S DSO-70S"},"content":{"rendered":"<h1>DESIGNERS Serie_DSO-65 DSO-70<\/h1>\n<p>Von Teruo Hattori, dem Handwerker, der die Designers-Serie herstellt.<\/p>\n<p>Wenn Sie hofften, die &#8222;Schere mit sch\u00f6ner W\u00fcrde&#8220;, w\u00e4re es am meisten treffen ihn dort. Sowohl die Technik als auch das h\u00f6chste Kunstwerk k\u00f6nnen mit einer Schere hergestellt werden. Er ist einer der wenigen Kunsthandwerker.<\/p>\n<p><img data-recalc-dims=\"1\" fetchpriority=\"high\" decoding=\"async\" class=\"alignnone size-medium wp-image-278\" src=\"https:\/\/i0.wp.com\/onlineshop.togiya.jp\/wp-content\/uploads\/2020\/11\/img_1b-3-225x300.jpg?resize=225%2C300\" alt=\"\" width=\"225\" height=\"300\" srcset=\"https:\/\/i0.wp.com\/onlineshop.togiya.jp\/wp-content\/uploads\/2020\/11\/img_1b-3.jpg?resize=225%2C300&amp;ssl=1 225w, https:\/\/i0.wp.com\/onlineshop.togiya.jp\/wp-content\/uploads\/2020\/11\/img_1b-3.jpg?w=300&amp;ssl=1 300w\" sizes=\"(max-width: 225px) 100vw, 225px\" \/><\/p>\n","protected":false},"excerpt":{"rendered":"<table class=\"table\">\n<tbody>\n<tr>\n<td>Modell Nr.<\/td>\n<td>DSO-55S DS0-60S<\/td>\n<\/tr>\n<tr>\n<td>Gr\u00f6\u00dfe:.<\/td>\n<td>6,5&#8243;\/7,0&#8243; Zoll<\/td>\n<\/tr>\n<tr>\n<td>Klinge:.<\/td>\n<td>Konvex<\/td>\n<\/tr>\n<tr>\n<td>Schraube:.<\/td>\n<td>Zifferblattschraube<\/td>\n<\/tr>\n<tr>\n<td>Handgriff:.<\/td>\n<td>Anamorphes 3D.<\/td>\n<\/tr>\n<tr>\n<td>Material.<\/td>\n<td>HITACHI 314<\/td>\n<\/tr>\n<\/tbody>\n<\/table>\n","protected":false},"featured_media":1167,"comment_status":"open","ping_status":"closed","template":"","meta":[],"product_brand":[],"product_cat":[251],"product_tag":[276,254,256,253,278,280,252],"class_list":{"0":"post-2333","1":"product","2":"type-product","3":"status-publish","4":"has-post-thumbnail","6":"product_cat-lange-schere","7":"product_tag-3d-griff","8":"product_tag-hitachi314-de","9":"product_tag-lange-schere","10":"product_tag-schneiden","11":"product_tag-togiyabarber-de","12":"product_tag-togiyadesigners-de","13":"product_tag-togiyascissors-de","15":"first","16":"instock","17":"featured","18":"taxable","19":"shipping-taxable","20":"purchasable","21":"product-type-variable"},"jetpack_sharing_enabled":true,"_links":{"self":[{"href":"https:\/\/onlineshop.togiya.jp\/de\/wp-json\/wp\/v2\/product\/2333","targetHints":{"allow":["GET"]}}],"collection":[{"href":"https:\/\/onlineshop.togiya.jp\/de\/wp-json\/wp\/v2\/product"}],"about":[{"href":"https:\/\/onlineshop.togiya.jp\/de\/wp-json\/wp\/v2\/types\/product"}],"replies":[{"embeddable":true,"href":"https:\/\/onlineshop.togiya.jp\/de\/wp-json\/wp\/v2\/comments?post=2333"}],"wp:featuredmedia":[{"embeddable":true,"href":"https:\/\/onlineshop.togiya.jp\/de\/wp-json\/wp\/v2\/media\/1167"}],"wp:attachment":[{"href":"https:\/\/onlineshop.togiya.jp\/de\/wp-json\/wp\/v2\/media?parent=2333"}],"wp:term":[{"taxonomy":"product_brand","embeddable":true,"href":"https:\/\/onlineshop.togiya.jp\/de\/wp-json\/wp\/v2\/product_brand?post=2333"},{"taxonomy":"product_cat","embeddable":true,"href":"https:\/\/onlineshop.togiya.jp\/de\/wp-json\/wp\/v2\/product_cat?post=2333"},{"taxonomy":"product_tag","embeddable":true,"href":"https:\/\/onlineshop.togiya.jp\/de\/wp-json\/wp\/v2\/product_tag?post=2333"}],"curies":[{"name":"wp","href":"https:\/\/api.w.org\/{rel}","templated":true}]}}