{"id":2728,"date":"2020-11-20T14:44:25","date_gmt":"2020-11-20T05:44:25","guid":{"rendered":"https:\/\/onlineshop.togiya.jp\/product\/dco-50-dco-55-dco-60-dc0-50lefty-dco-55lefty-dco-60lefty\/"},"modified":"2023-05-24T15:43:34","modified_gmt":"2023-05-24T06:43:34","slug":"dco","status":"publish","type":"product","link":"https:\/\/onlineshop.togiya.jp\/de\/produkt\/dco\/","title":{"rendered":"DCO-50 DCO-55 DCO-60 DC0-50LEFTY DCO-55LEFTY DCO-60LEFTY"},"content":{"rendered":"<h1>DESIGNERS Serie_DCO-50 DCO-55 DCO-60 DC0-50LEFTY DCO-55LEFTY DCO-60LEFTY<\/h1>\n<p>von Teruo Hattori, dem Handwerker, der die Designers-Serie herstellt. Wenn Sie auf eine &#8222;Schere mit sch\u00f6ner W\u00fcrde&#8220; hofften, w\u00fcrden Sie ihn am liebsten dort treffen. Sowohl die Technik als auch das h\u00f6chste Kunstwerk kann als Schere hergestellt werden. Er ist einer der wenigen Kunsthandwerker.<\/p>\n<p><img data-recalc-dims=\"1\" fetchpriority=\"high\" decoding=\"async\" class=\"alignnone size-medium wp-image-278\" src=\"https:\/\/i0.wp.com\/onlineshop.togiya.jp\/wp-content\/uploads\/2020\/11\/img_1b-3-225x300.jpg?resize=225%2C300\" alt=\"\" width=\"225\" height=\"300\" srcset=\"https:\/\/i0.wp.com\/onlineshop.togiya.jp\/wp-content\/uploads\/2020\/11\/img_1b-3.jpg?resize=225%2C300&amp;ssl=1 225w, https:\/\/i0.wp.com\/onlineshop.togiya.jp\/wp-content\/uploads\/2020\/11\/img_1b-3.jpg?w=300&amp;ssl=1 300w\" sizes=\"(max-width: 225px) 100vw, 225px\" \/><\/p>\n","protected":false},"excerpt":{"rendered":"<table class=\"table\">\n<tbody>\n<tr>\n<td>Modell Nr.<\/td>\n<td>DCO-50 DCO-55 DCO-60 DCO-50LEFTY DCO-55LEFTY DCO-60LEFTY<\/td>\n<\/tr>\n<tr>\n<td>Gr\u00f6\u00dfe:.<\/td>\n<td>5,0&#8243;\/5,5&#8243;\/6,0&#8243; Zoll<\/td>\n<\/tr>\n<tr>\n<td>Klinge:.<\/td>\n<td>Konvex<\/td>\n<\/tr>\n<tr>\n<td>Schraube:.<\/td>\n<td>Justierschraube<\/td>\n<\/tr>\n<tr>\n<td>Handgriff:.<\/td>\n<td>Kamel &amp; Offset<\/td>\n<\/tr>\n<tr>\n<td>Material.<\/td>\n<td>HITACHI 314<\/td>\n<\/tr>\n<\/tbody>\n<\/table>\n<p>&nbsp;<\/p>\n","protected":false},"featured_media":1137,"comment_status":"open","ping_status":"closed","template":"","meta":[],"product_brand":[],"product_cat":[366],"product_tag":[310,254,304,302,308,299,253,280,252],"class_list":{"0":"post-2728","1":"product","2":"type-product","3":"status-publish","4":"has-post-thumbnail","6":"product_cat-designers-serie","7":"product_tag-groses-fingerloch","8":"product_tag-hitachi314-de","9":"product_tag-kamelgriff","10":"product_tag-linke-hand","11":"product_tag-mini-schere","12":"product_tag-schlanke-schere","13":"product_tag-schneiden","14":"product_tag-togiyadesigners-de","15":"product_tag-togiyascissors-de","17":"first","18":"instock","19":"taxable","20":"shipping-taxable","21":"purchasable","22":"product-type-variable"},"jetpack_sharing_enabled":true,"_links":{"self":[{"href":"https:\/\/onlineshop.togiya.jp\/de\/wp-json\/wp\/v2\/product\/2728","targetHints":{"allow":["GET"]}}],"collection":[{"href":"https:\/\/onlineshop.togiya.jp\/de\/wp-json\/wp\/v2\/product"}],"about":[{"href":"https:\/\/onlineshop.togiya.jp\/de\/wp-json\/wp\/v2\/types\/product"}],"replies":[{"embeddable":true,"href":"https:\/\/onlineshop.togiya.jp\/de\/wp-json\/wp\/v2\/comments?post=2728"}],"wp:featuredmedia":[{"embeddable":true,"href":"https:\/\/onlineshop.togiya.jp\/de\/wp-json\/wp\/v2\/media\/1137"}],"wp:attachment":[{"href":"https:\/\/onlineshop.togiya.jp\/de\/wp-json\/wp\/v2\/media?parent=2728"}],"wp:term":[{"taxonomy":"product_brand","embeddable":true,"href":"https:\/\/onlineshop.togiya.jp\/de\/wp-json\/wp\/v2\/product_brand?post=2728"},{"taxonomy":"product_cat","embeddable":true,"href":"https:\/\/onlineshop.togiya.jp\/de\/wp-json\/wp\/v2\/product_cat?post=2728"},{"taxonomy":"product_tag","embeddable":true,"href":"https:\/\/onlineshop.togiya.jp\/de\/wp-json\/wp\/v2\/product_tag?post=2728"}],"curies":[{"name":"wp","href":"https:\/\/api.w.org\/{rel}","templated":true}]}}