{"id":2749,"date":"2020-11-19T18:14:37","date_gmt":"2020-11-19T09:14:37","guid":{"rendered":"https:\/\/onlineshop.togiya.jp\/product\/mhs-55-mhs-60\/"},"modified":"2023-05-08T12:41:51","modified_gmt":"2023-05-08T03:41:51","slug":"mhs-55-mhs-60","status":"publish","type":"product","link":"https:\/\/onlineshop.togiya.jp\/de\/produkt\/mhs-55-mhs-60\/","title":{"rendered":"MHS-55 MHS-60"},"content":{"rendered":"<h1>MAXIMUM Serie_MHS-55 MHS-60<\/h1>\n<p>von Tomoo Yasuda, dem Handwerker der Maximum-Serie.<\/p>\n<p>Gr\u00fcndliche Kenntnisse \u00fcber das Material der Schere, seine Sch\u00e4rfung, die auf eine Vielzahl von Kunden Schnittarbeiten reagieren kann. Er wird von vielen Friseuren unterst\u00fctzt, die Scheren, die er hergestellt hat, haben eine charismatische Pr\u00e4senz von handwerklichen Scheren.<\/p>\n<p><img data-recalc-dims=\"1\" fetchpriority=\"high\" decoding=\"async\" class=\"alignnone size-medium wp-image-222\" src=\"https:\/\/i0.wp.com\/onlineshop.togiya.jp\/wp-content\/uploads\/2020\/11\/img_1b-1-225x300.jpg?resize=225%2C300\" alt=\"\" width=\"225\" height=\"300\" srcset=\"https:\/\/i0.wp.com\/onlineshop.togiya.jp\/wp-content\/uploads\/2020\/11\/img_1b-1.jpg?resize=225%2C300&amp;ssl=1 225w, https:\/\/i0.wp.com\/onlineshop.togiya.jp\/wp-content\/uploads\/2020\/11\/img_1b-1.jpg?w=300&amp;ssl=1 300w\" sizes=\"(max-width: 225px) 100vw, 225px\" \/><\/p>\n<h1><\/h1>\n","protected":false},"excerpt":{"rendered":"<table class=\"table\">\n<tbody>\n<tr>\n<td>Modell Nr.<\/td>\n<td>MHS-55 MHS-60<\/td>\n<\/tr>\n<tr>\n<td>Gr\u00f6\u00dfe:.<\/td>\n<td>5,5&#8243;\/6,0&#8243; Zoll<\/td>\n<\/tr>\n<tr>\n<td>Klinge:.<\/td>\n<td>Das Schwert.<\/td>\n<\/tr>\n<tr>\n<td>Schraube:.<\/td>\n<td>Zifferblattschraube<\/td>\n<\/tr>\n<tr>\n<td>Handgriff:.<\/td>\n<td>Offset und Hennessy<\/td>\n<\/tr>\n<tr>\n<td>Material.<\/td>\n<td>Gold V Nr. 1<\/td>\n<\/tr>\n<\/tbody>\n<\/table>\n","protected":false},"featured_media":1082,"comment_status":"open","ping_status":"closed","template":"","meta":[],"product_brand":[],"product_cat":[386],"product_tag":[357,387,253,339,340,252,338],"class_list":{"0":"post-2749","1":"product","2":"type-product","3":"status-publish","4":"has-post-thumbnail","6":"product_cat-maximale-serie","7":"product_tag-anfanger","8":"product_tag-hennessy-griff","9":"product_tag-schneiden","10":"product_tag-schwertklinge","11":"product_tag-togiyamaximum-de","12":"product_tag-togiyascissors-de","13":"product_tag-v-1-de","15":"first","16":"instock","17":"taxable","18":"shipping-taxable","19":"purchasable","20":"product-type-variable"},"jetpack_sharing_enabled":true,"_links":{"self":[{"href":"https:\/\/onlineshop.togiya.jp\/de\/wp-json\/wp\/v2\/product\/2749","targetHints":{"allow":["GET"]}}],"collection":[{"href":"https:\/\/onlineshop.togiya.jp\/de\/wp-json\/wp\/v2\/product"}],"about":[{"href":"https:\/\/onlineshop.togiya.jp\/de\/wp-json\/wp\/v2\/types\/product"}],"replies":[{"embeddable":true,"href":"https:\/\/onlineshop.togiya.jp\/de\/wp-json\/wp\/v2\/comments?post=2749"}],"wp:featuredmedia":[{"embeddable":true,"href":"https:\/\/onlineshop.togiya.jp\/de\/wp-json\/wp\/v2\/media\/1082"}],"wp:attachment":[{"href":"https:\/\/onlineshop.togiya.jp\/de\/wp-json\/wp\/v2\/media?parent=2749"}],"wp:term":[{"taxonomy":"product_brand","embeddable":true,"href":"https:\/\/onlineshop.togiya.jp\/de\/wp-json\/wp\/v2\/product_brand?post=2749"},{"taxonomy":"product_cat","embeddable":true,"href":"https:\/\/onlineshop.togiya.jp\/de\/wp-json\/wp\/v2\/product_cat?post=2749"},{"taxonomy":"product_tag","embeddable":true,"href":"https:\/\/onlineshop.togiya.jp\/de\/wp-json\/wp\/v2\/product_tag?post=2749"}],"curies":[{"name":"wp","href":"https:\/\/api.w.org\/{rel}","templated":true}]}}