{"id":2756,"date":"2020-11-20T16:27:22","date_gmt":"2020-11-20T07:27:22","guid":{"rendered":"https:\/\/onlineshop.togiya.jp\/product\/dsw-55-dsw-60\/"},"modified":"2023-05-08T12:41:51","modified_gmt":"2023-05-08T03:41:51","slug":"dsw-55-dsw-60","status":"publish","type":"product","link":"https:\/\/onlineshop.togiya.jp\/de\/produkt\/dsw-55-dsw-60\/","title":{"rendered":"DSW-55 DSW-60"},"content":{"rendered":"<h1>DESIGNERS Serie_DSW-55 DSW-60<\/h1>\n<p>Von Teruo Hattori, dem Handwerker, der die Designers-Serie herstellt.<\/p>\n<p>Wenn Sie hofften, die &#8222;Schere mit sch\u00f6ner W\u00fcrde&#8220;, w\u00e4re es am meisten treffen ihn dort. Sowohl die Technik als auch das h\u00f6chste Kunstwerk k\u00f6nnen mit einer Schere hergestellt werden. Er ist einer der wenigen Kunsthandwerker.<\/p>\n<p><img data-recalc-dims=\"1\" fetchpriority=\"high\" decoding=\"async\" class=\"alignnone size-medium wp-image-278\" src=\"https:\/\/i0.wp.com\/onlineshop.togiya.jp\/wp-content\/uploads\/2020\/11\/img_1b-3-225x300.jpg?resize=225%2C300\" alt=\"\" width=\"225\" height=\"300\" srcset=\"https:\/\/i0.wp.com\/onlineshop.togiya.jp\/wp-content\/uploads\/2020\/11\/img_1b-3.jpg?resize=225%2C300&amp;ssl=1 225w, https:\/\/i0.wp.com\/onlineshop.togiya.jp\/wp-content\/uploads\/2020\/11\/img_1b-3.jpg?w=300&amp;ssl=1 300w\" sizes=\"(max-width: 225px) 100vw, 225px\" \/><\/p>\n","protected":false},"excerpt":{"rendered":"<table class=\"table\">\n<tbody>\n<tr>\n<td>Modell Nr.<\/td>\n<td>DSW-55 DSW-60<\/td>\n<\/tr>\n<tr>\n<td>Gr\u00f6\u00dfe:.<\/td>\n<td>5,5&#8243;\/6,0&#8243; Zoll<\/td>\n<\/tr>\n<tr>\n<td>Klinge:.<\/td>\n<td>Konvex<\/td>\n<\/tr>\n<tr>\n<td>Schraube:.<\/td>\n<td>Zifferblattschraube<\/td>\n<\/tr>\n<tr>\n<td>Handgriff:.<\/td>\n<td>Anamorphotisches 3D-Drehgelenk<\/td>\n<\/tr>\n<tr>\n<td>Material.<\/td>\n<td>HITACHI 314<\/td>\n<\/tr>\n<\/tbody>\n<\/table>\n<p>&nbsp;<\/p>\n","protected":false},"featured_media":1172,"comment_status":"open","ping_status":"closed","template":"","meta":[],"product_brand":[],"product_cat":[366],"product_tag":[276,254,253,389,280,252],"class_list":{"0":"post-2756","1":"product","2":"type-product","3":"status-publish","4":"has-post-thumbnail","6":"product_cat-designers-serie","7":"product_tag-3d-griff","8":"product_tag-hitachi314-de","9":"product_tag-schneiden","10":"product_tag-schwenkbarer-griff","11":"product_tag-togiyadesigners-de","12":"product_tag-togiyascissors-de","14":"first","15":"instock","16":"taxable","17":"shipping-taxable","18":"purchasable","19":"product-type-variable"},"jetpack_sharing_enabled":true,"_links":{"self":[{"href":"https:\/\/onlineshop.togiya.jp\/de\/wp-json\/wp\/v2\/product\/2756","targetHints":{"allow":["GET"]}}],"collection":[{"href":"https:\/\/onlineshop.togiya.jp\/de\/wp-json\/wp\/v2\/product"}],"about":[{"href":"https:\/\/onlineshop.togiya.jp\/de\/wp-json\/wp\/v2\/types\/product"}],"replies":[{"embeddable":true,"href":"https:\/\/onlineshop.togiya.jp\/de\/wp-json\/wp\/v2\/comments?post=2756"}],"wp:featuredmedia":[{"embeddable":true,"href":"https:\/\/onlineshop.togiya.jp\/de\/wp-json\/wp\/v2\/media\/1172"}],"wp:attachment":[{"href":"https:\/\/onlineshop.togiya.jp\/de\/wp-json\/wp\/v2\/media?parent=2756"}],"wp:term":[{"taxonomy":"product_brand","embeddable":true,"href":"https:\/\/onlineshop.togiya.jp\/de\/wp-json\/wp\/v2\/product_brand?post=2756"},{"taxonomy":"product_cat","embeddable":true,"href":"https:\/\/onlineshop.togiya.jp\/de\/wp-json\/wp\/v2\/product_cat?post=2756"},{"taxonomy":"product_tag","embeddable":true,"href":"https:\/\/onlineshop.togiya.jp\/de\/wp-json\/wp\/v2\/product_tag?post=2756"}],"curies":[{"name":"wp","href":"https:\/\/api.w.org\/{rel}","templated":true}]}}