{"id":3407,"date":"2020-11-19T18:07:19","date_gmt":"2020-11-19T09:07:19","guid":{"rendered":"https:\/\/onlineshop.togiya.jp\/product\/mks-55-mks-60-mks-55lefty\/"},"modified":"2023-05-24T11:48:38","modified_gmt":"2023-05-24T02:48:38","slug":"mks","status":"publish","type":"product","link":"https:\/\/onlineshop.togiya.jp\/de\/produkt\/mks\/","title":{"rendered":"MKS-55 MKS-60 MKS-55LEFTY"},"content":{"rendered":"<h1>MAXIMUM series_MKS-55 MKS-60 MKS-55LEFTY<\/h1>\n<p>von Tomoo Yasuda, der der Handwerker ist, der die Maximum-Serie herstellt. Gr\u00fcndliche Kenntnis des Materials der Schere, seine Sch\u00e4rfung, die auf eine Vielzahl von Kunden reagieren kann cutwork. Er wird von vielen Friseuren unterst\u00fctzt, Scheren, die er produziert hat, gibt es eine charismatische Pr\u00e4senz der Handwerker Schere.<\/p>\n<p><img data-recalc-dims=\"1\" fetchpriority=\"high\" decoding=\"async\" class=\"alignnone size-medium wp-image-222\" src=\"https:\/\/i0.wp.com\/onlineshop.togiya.jp\/wp-content\/uploads\/2020\/11\/img_1b-1-225x300.jpg?resize=225%2C300\" alt=\"\" width=\"225\" height=\"300\" srcset=\"https:\/\/i0.wp.com\/onlineshop.togiya.jp\/wp-content\/uploads\/2020\/11\/img_1b-1.jpg?resize=225%2C300&amp;ssl=1 225w, https:\/\/i0.wp.com\/onlineshop.togiya.jp\/wp-content\/uploads\/2020\/11\/img_1b-1.jpg?w=300&amp;ssl=1 300w\" sizes=\"(max-width: 225px) 100vw, 225px\" \/><\/p>\n<h1><\/h1>\n","protected":false},"excerpt":{"rendered":"<table class=\"table\">\n<tbody>\n<tr>\n<td>Modell Nr.<\/td>\n<td>MKS-55 MKS-60 MKS-55LEFTY<\/td>\n<\/tr>\n<tr>\n<td>Gr\u00f6\u00dfe:.<\/td>\n<td>5,5&#8243;\/6,0&#8243; Zoll<\/td>\n<\/tr>\n<tr>\n<td>Klinge:.<\/td>\n<td>Das Schwert.<\/td>\n<\/tr>\n<tr>\n<td>Schraube:.<\/td>\n<td>Zifferblattschraube<\/td>\n<\/tr>\n<tr>\n<td>Handgriff:.<\/td>\n<td>Versetzt<\/td>\n<\/tr>\n<tr>\n<td>Material.<\/td>\n<td>Gold V Nr. 1<\/td>\n<\/tr>\n<\/tbody>\n<\/table>\n","protected":false},"featured_media":1097,"comment_status":"open","ping_status":"closed","template":"","meta":[],"product_brand":[],"product_cat":[386],"product_tag":[302,253,339,340,252,338],"class_list":{"0":"post-3407","1":"product","2":"type-product","3":"status-publish","4":"has-post-thumbnail","6":"product_cat-maximale-serie","7":"product_tag-linke-hand","8":"product_tag-schneiden","9":"product_tag-schwertklinge","10":"product_tag-togiyamaximum-de","11":"product_tag-togiyascissors-de","12":"product_tag-v-1-de","14":"first","15":"instock","16":"featured","17":"taxable","18":"shipping-taxable","19":"purchasable","20":"product-type-variable"},"jetpack_sharing_enabled":true,"_links":{"self":[{"href":"https:\/\/onlineshop.togiya.jp\/de\/wp-json\/wp\/v2\/product\/3407","targetHints":{"allow":["GET"]}}],"collection":[{"href":"https:\/\/onlineshop.togiya.jp\/de\/wp-json\/wp\/v2\/product"}],"about":[{"href":"https:\/\/onlineshop.togiya.jp\/de\/wp-json\/wp\/v2\/types\/product"}],"replies":[{"embeddable":true,"href":"https:\/\/onlineshop.togiya.jp\/de\/wp-json\/wp\/v2\/comments?post=3407"}],"wp:featuredmedia":[{"embeddable":true,"href":"https:\/\/onlineshop.togiya.jp\/de\/wp-json\/wp\/v2\/media\/1097"}],"wp:attachment":[{"href":"https:\/\/onlineshop.togiya.jp\/de\/wp-json\/wp\/v2\/media?parent=3407"}],"wp:term":[{"taxonomy":"product_brand","embeddable":true,"href":"https:\/\/onlineshop.togiya.jp\/de\/wp-json\/wp\/v2\/product_brand?post=3407"},{"taxonomy":"product_cat","embeddable":true,"href":"https:\/\/onlineshop.togiya.jp\/de\/wp-json\/wp\/v2\/product_cat?post=3407"},{"taxonomy":"product_tag","embeddable":true,"href":"https:\/\/onlineshop.togiya.jp\/de\/wp-json\/wp\/v2\/product_tag?post=3407"}],"curies":[{"name":"wp","href":"https:\/\/api.w.org\/{rel}","templated":true}]}}