{"id":5104,"date":"2023-05-15T18:10:29","date_gmt":"2023-05-15T09:10:29","guid":{"rendered":"https:\/\/onlineshop.togiya.jp\/inscripcion-de-socios\/"},"modified":"2023-05-25T17:20:19","modified_gmt":"2023-05-25T08:20:19","slug":"inscripcion-de-socios","status":"publish","type":"page","link":"https:\/\/onlineshop.togiya.jp\/es\/inscripcion-de-socios\/","title":{"rendered":"Inscripci\u00f3n de socios"},"content":{"rendered":"\t<div class='user-registration ur-frontend-form   ' id='user-registration-form-3496'>\n\t\t\t\t\t\t\t\t<form method='post' class='register' data-form-id=\"3496\"\n\t\t\t\tdata-enable-strength-password=\"\" data-minimum-password-strength=\"3\"\n\t\t\t\t\t\t\t\t\t\t\t\t\t\t\t data-captcha-enabled=\"\">\n\n\t\t\t\t<div class=\"ur-form-row\" data-row-id=\"0\">\t\t\t\t\t\t\t<div class=\"ur-form-grid ur-grid-1\"\n\t\t\t\t\t\t\t\tstyle=\"width:48%\">\n\t\t\t\t\t\t\t\t\t\t\t\t\t\t\t\t<div  data-field-id=\"user_login\" class=\"ur-field-item field-user_login \" data-ref-id=\"user_login\" data-field-pattern-enabled=\"0\" data-field-pattern-value=\" \" data-field-pattern-message=\" \">\n\t\t\t\t\t\t\t\t\t\t<div class=\"form-row validate-required\" id=\"user_login_field\" data-priority=\"\" ><label for=\"user_login\" class=\"ur-label\">Nombre de usuario <abbr class=\"required\" title=\"obligatorio\">*<\/abbr><\/label> <span class=\"input-wrapper\"> <input  data-rules=\"\" data-id=\"user_login\" type=\"text\" class=\"input-text   input-text ur-frontend-field  \" name=\"user_login\" id=\"user_login\" placeholder=\"\"  value=\"\" required=\"required\" data-label=\"Nombre de usuario\" data-username-character=\"yes\"\/> <\/span> <\/div>\t\t\t\t\t\t\t\t\t<\/div>\n\t\t\t\t\t\t\t\t\t\t\t\t\t\t\t\t\t\t<div  data-field-id=\"user_email\" class=\"ur-field-item field-user_email \" data-ref-id=\"user_email\" data-field-pattern-enabled=\"0\" data-field-pattern-value=\" \" data-field-pattern-message=\" \">\n\t\t\t\t\t\t\t\t\t\t<div class=\"form-row validate-required\" id=\"user_email_field\" data-priority=\"\" ><label for=\"user_email\" class=\"ur-label\">Correo electr\u00f3nico <abbr class=\"required\" title=\"obligatorio\">*<\/abbr><\/label> <span class=\"input-wrapper\"> <input  data-rules=\"\" data-id=\"user_email\" type=\"email\" class=\"input-text   input-email ur-frontend-field  \" name=\"user_email\" id=\"user_email\" placeholder=\"\"  value=\"\" required=\"required\" data-label=\"Correo electr\u00f3nico\" \/> <\/span> <\/div>\t\t\t\t\t\t\t\t\t<\/div>\n\t\t\t\t\t\t\t\t\t\t\t\t\t\t\t\t<\/div>\n\t\t\t\t\t\t\t\t\t\t\t\t\t\t<div class=\"ur-form-grid ur-grid-2\"\n\t\t\t\t\t\t\t\tstyle=\"width:48%\">\n\t\t\t\t\t\t\t\t\t\t\t\t\t\t\t\t<div  data-field-id=\"user_pass\" class=\"ur-field-item field-user_pass \" data-ref-id=\"user_pass\" data-field-pattern-enabled=\"0\" data-field-pattern-value=\" \" data-field-pattern-message=\" \">\n\t\t\t\t\t\t\t\t\t\t<div class=\"form-row validate-required hide_show_password\" id=\"user_pass_field\" data-priority=\"\"><label for=\"user_pass\" class=\"ur-label\">Contrase\u00f1a de usuario <abbr class=\"required\" title=\"obligatorio\">*<\/abbr><\/label> <span class=\"input-wrapper\"> <span class=\"password-input-group input-form-field-icons\"><input data-rules=\"\" data-id=\"user_pass\" type=\"password\" class=\"input-text  input-password ur-frontend-field  \" name=\"user_pass\" id=\"user_pass\" placeholder=\"\"  value=\"\" required=\"required\" data-label=\"Contrase\u00f1a de usuario\" \/><\/span> <\/span> <\/div>\t\t\t\t\t\t\t\t\t<\/div>\n\t\t\t\t\t\t\t\t\t\t\t\t\t\t\t\t\t\t<div  data-field-id=\"user_confirm_password\" class=\"ur-field-item field-user_confirm_password \" data-ref-id=\"user_confirm_password\" data-field-pattern-enabled=\"0\" data-field-pattern-value=\" \" data-field-pattern-message=\" \">\n\t\t\t\t\t\t\t\t\t\t<div class=\"form-row validate-required hide_show_password\" id=\"user_confirm_password_field\" data-priority=\"\"><label for=\"user_confirm_password\" class=\"ur-label\">Confirmar contrase\u00f1a <abbr class=\"required\" title=\"obligatorio\">*<\/abbr><\/label> <span class=\"input-wrapper\"> <span class=\"password-input-group input-form-field-icons\"><input data-rules=\"\" data-id=\"user_confirm_password\" type=\"password\" class=\"input-text  input-password ur-frontend-field  \" name=\"user_confirm_password\" id=\"user_confirm_password\" placeholder=\"\"  value=\"\" required=\"required\" data-label=\"Confirmar contrase\u00f1a\" \/><\/span> <\/span> <\/div>\t\t\t\t\t\t\t\t\t<\/div>\n\t\t\t\t\t\t\t\t\t\t\t\t\t\t\t\t<\/div>\n\t\t\t\t\t\t\t\t\t\t\t\t\t<\/div>\n\t\t\t\t\t\t<div class=\"ur-form-row\" data-row-id=\"1\">\t\t\t\t\t\t\t<div class=\"ur-form-grid ur-grid-1\"\n\t\t\t\t\t\t\t\tstyle=\"width:48%\">\n\t\t\t\t\t\t\t\t\t\t\t\t\t\t\t\t<div  data-field-id=\"first_name\" class=\"ur-field-item field-first_name \" data-ref-id=\"first_name\" data-field-pattern-enabled=\"0\" data-field-pattern-value=\" \" data-field-pattern-message=\" \">\n\t\t\t\t\t\t\t\t\t\t<div class=\"form-row validate-required\" id=\"first_name_field\" data-priority=\"\" ><label for=\"first_name\" class=\"ur-label\">Nombre <abbr class=\"required\" title=\"obligatorio\">*<\/abbr><\/label> <span class=\"input-wrapper\"> <input  data-rules=\"\" data-id=\"first_name\" type=\"text\" class=\"input-text   input-text ur-frontend-field  \" name=\"first_name\" id=\"first_name\" placeholder=\"\"  value=\"\" required=\"required\" data-label=\"Nombre\" \/> <\/span> <\/div>\t\t\t\t\t\t\t\t\t<\/div>\n\t\t\t\t\t\t\t\t\t\t\t\t\t\t\t\t\t\t<div  data-field-id=\"input_box_1684294726\" class=\"ur-field-item field-text \" data-ref-id=\"input_box_1684294726\" data-field-pattern-enabled=\"0\" data-field-pattern-value=\" \" data-field-pattern-message=\" \">\n\t\t\t\t\t\t\t\t\t\t<div class=\"form-row validate-required\" id=\"input_box_1684294726_field\" data-priority=\"\" ><label for=\"input_box_1684294726\" class=\"ur-label\">N\u00famero de contacto <abbr class=\"required\" title=\"obligatorio\">*<\/abbr><\/label> <span class=\"input-wrapper\"> <input  data-rules=\"\" data-id=\"input_box_1684294726\" type=\"text\" class=\"input-text   input-text ur-frontend-field  \" name=\"input_box_1684294726\" id=\"input_box_1684294726\" placeholder=\"\"  value=\"\" required=\"required\" data-label=\"N\u00famero de contacto\" maxlength=\"50\" \/> <\/span> <\/div>\t\t\t\t\t\t\t\t\t<\/div>\n\t\t\t\t\t\t\t\t\t\t\t\t\t\t\t\t<\/div>\n\t\t\t\t\t\t\t\t\t\t\t\t\t\t<div class=\"ur-form-grid ur-grid-2\"\n\t\t\t\t\t\t\t\tstyle=\"width:48%\">\n\t\t\t\t\t\t\t\t\t\t\t\t\t\t\t\t<div  data-field-id=\"last_name\" class=\"ur-field-item field-last_name \" data-ref-id=\"last_name\" data-field-pattern-enabled=\"0\" data-field-pattern-value=\" \" data-field-pattern-message=\" \">\n\t\t\t\t\t\t\t\t\t\t<div class=\"form-row validate-required\" id=\"last_name_field\" data-priority=\"\" ><label for=\"last_name\" class=\"ur-label\">Apellido <abbr class=\"required\" title=\"obligatorio\">*<\/abbr><\/label> <span class=\"input-wrapper\"> <input  data-rules=\"\" data-id=\"last_name\" type=\"text\" class=\"input-text   input-text ur-frontend-field  \" name=\"last_name\" id=\"last_name\" placeholder=\"\"  value=\"\" required=\"required\" data-label=\"Apellido\" \/> <\/span> <\/div>\t\t\t\t\t\t\t\t\t<\/div>\n\t\t\t\t\t\t\t\t\t\t\t\t\t\t\t\t\t\t<div  data-field-id=\"country_1684139446\" class=\"ur-field-item field-country \" data-ref-id=\"country_1684139446\" data-field-pattern-enabled=\"0\" data-field-pattern-value=\" \" data-field-pattern-message=\" \">\n\t\t\t\t\t\t\t\t\t\t<div class=\"form-row validate-required\" id=\"country_1684139446_field\" data-priority=\"\" ><label for=\"country_1684139446\" class=\"ur-label\">Nacionalidad <abbr class=\"required\" title=\"obligatorio\">*<\/abbr><\/label><select data-rules=\"\" data-id=\"country_1684139446\" name=\"country_1684139446\" id=\"country_1684139446\" class=\"ur-field-address-country select ur-frontend-field  \" required=\"required\" data-label=\"Nacionalidad\" data-default=\"AF\" data-allow_clear=\"true\" data-placeholder=\"\" data-state-enabled=\"\">\n\t\t\t\t\t<option value=\"AF\"  selected='selected'>Afganist\u00e1n<\/option><option value=\"AX\" >&#197;land Islands<\/option><option value=\"AL\" >Albania<\/option><option value=\"DZ\" >Algeria<\/option><option value=\"AS\" >Samoa Americana<\/option><option value=\"AD\" >Andorra<\/option><option value=\"AO\" >Angola<\/option><option value=\"AI\" >Anguilla<\/option><option value=\"AQ\" >Ant\u00e1rtida<\/option><option value=\"AG\" >Antigua y Barbuda<\/option><option value=\"AR\" >Argentina<\/option><option value=\"AM\" >Armenia<\/option><option value=\"AW\" >Aruba<\/option><option value=\"AU\" >Australia<\/option><option value=\"AT\" >Austria<\/option><option value=\"AZ\" >Azerbaiy\u00e1n<\/option><option value=\"BS\" >Bahamas<\/option><option value=\"BH\" >Bar\u00e9in<\/option><option value=\"BD\" >Banglad\u00e9s<\/option><option value=\"BB\" >Barbados<\/option><option value=\"BY\" >Bielorrusia<\/option><option value=\"BE\" >B\u00e9lgica<\/option><option value=\"PW\" >Belau<\/option><option value=\"BZ\" >Belice<\/option><option value=\"BJ\" >Ben\u00edn<\/option><option value=\"BM\" >Bermuda<\/option><option value=\"BT\" >But\u00e1n<\/option><option value=\"BO\" >Bolivia<\/option><option value=\"BQ\" >Bonaire, San Eustaquio y Saba<\/option><option value=\"BA\" >Bosnia y Herzegovina<\/option><option value=\"BW\" >Botsuana<\/option><option value=\"BV\" >Isla Bouvet<\/option><option value=\"BR\" >Brasil<\/option><option value=\"IO\" >Territorio Brit\u00e1nico del Oc\u00e9ano \u00cdndico<\/option><option value=\"VG\" >Inslas V\u00edrgenes Brit\u00e1nicas<\/option><option value=\"BN\" >Brun\u00e9i<\/option><option value=\"BG\" >Bulgaria<\/option><option value=\"BF\" >Burkina Faso<\/option><option value=\"BI\" >Burundi<\/option><option value=\"KH\" >Camboya<\/option><option value=\"CM\" >Camer\u00fan<\/option><option value=\"CA\" >Canad\u00e1<\/option><option value=\"CV\" >Cabo Verde<\/option><option value=\"KY\" >Islas Caim\u00e1n<\/option><option value=\"CF\" >Rep\u00fablica Centroafricana<\/option><option value=\"TD\" >Chad<\/option><option value=\"CL\" >Chile<\/option><option value=\"CN\" >China<\/option><option value=\"CX\" >Isla de Navidad<\/option><option value=\"CC\" >Islas Cocos (Keeling)<\/option><option value=\"CO\" >Colombia<\/option><option value=\"KM\" >Comoras<\/option><option value=\"CG\" >Congo (Brazzaville)<\/option><option value=\"CD\" >Congo (Kinshasa)<\/option><option value=\"CK\" >Islas Cook<\/option><option value=\"CR\" >Costa Rica<\/option><option value=\"HR\" >Croacia<\/option><option value=\"CU\" >Cuba<\/option><option value=\"CW\" >Curazao<\/option><option value=\"CY\" >Chipre<\/option><option value=\"CZ\" >Rep\u00fablica Checa<\/option><option value=\"DK\" >Dinamarca<\/option><option value=\"DJ\" >Yibuti<\/option><option value=\"DM\" >Dominica<\/option><option value=\"DO\" >Rep\u00fablica Dominicana<\/option><option value=\"EC\" >Ecuador<\/option><option value=\"EG\" >Egipto<\/option><option value=\"SV\" >El Salvador<\/option><option value=\"GQ\" >Guinea Ecuatorial<\/option><option value=\"ER\" >Eritrea<\/option><option value=\"EE\" >Estonia<\/option><option value=\"SZ\" >Eswatini<\/option><option value=\"ET\" >Etiop\u00eda<\/option><option value=\"FK\" >Islas Falkland<\/option><option value=\"FO\" >Islas Feroe<\/option><option value=\"FJ\" >Fiyi<\/option><option value=\"FI\" >Finlandia<\/option><option value=\"FR\" >Francia<\/option><option value=\"GF\" >Guayana Francesa<\/option><option value=\"PF\" >Polinesia Francesa<\/option><option value=\"TF\" >Territorios del Sur de Francia<\/option><option value=\"GA\" >Gab\u00f3n<\/option><option value=\"GM\" >Gambia<\/option><option value=\"GE\" >Georgia<\/option><option value=\"DE\" >Alemania<\/option><option value=\"GH\" >Ghana<\/option><option value=\"GI\" >Gibraltar<\/option><option value=\"GR\" >Grecia<\/option><option value=\"GL\" >Groenlandia<\/option><option value=\"GD\" >Granada<\/option><option value=\"GP\" >Guadalupe<\/option><option value=\"GU\" >Guam<\/option><option value=\"GT\" >Guatemala<\/option><option value=\"GG\" >Guernsey<\/option><option value=\"GN\" >Guinea<\/option><option value=\"GW\" >Guinea-Bis\u00e1u<\/option><option value=\"GY\" >Guyana<\/option><option value=\"HT\" >Hait\u00ed<\/option><option value=\"HM\" >Islas Heard y McDonald<\/option><option value=\"HN\" >Honduras<\/option><option value=\"HK\" >Hong Kong<\/option><option value=\"HU\" >Hungr\u00eda<\/option><option value=\"IS\" >Islandia<\/option><option value=\"IN\" >India<\/option><option value=\"ID\" >Indonesia<\/option><option value=\"IR\" >Ir\u00e1n<\/option><option value=\"IQ\" >Iraq<\/option><option value=\"IE\" >Irlanda<\/option><option value=\"IM\" >Isla de Man<\/option><option value=\"IL\" >Israel<\/option><option value=\"IT\" >Italia<\/option><option value=\"CI\" >Costa de Marfil<\/option><option value=\"JM\" >Jamaica<\/option><option value=\"JP\" >Jap\u00f3n<\/option><option value=\"JE\" >Jersey<\/option><option value=\"JO\" >Jord\u00e1n<\/option><option value=\"KZ\" >Kazajist\u00e1n<\/option><option value=\"KE\" >Kenia<\/option><option value=\"KI\" >Kiribati<\/option><option value=\"KW\" >Kuwait<\/option><option value=\"KG\" >Kirguist\u00e1n<\/option><option value=\"LA\" >Laos<\/option><option value=\"LV\" >Letonia<\/option><option value=\"LB\" >L\u00edbano<\/option><option value=\"LS\" >Lesoto<\/option><option value=\"LR\" >Liberia<\/option><option value=\"LY\" >L\u00edbia<\/option><option value=\"LI\" >Liechtenstein<\/option><option value=\"LT\" >Lituania<\/option><option value=\"LU\" >Luxemburgo<\/option><option value=\"MO\" >Macao S.A.R., China<\/option><option value=\"MK\" >Macedonia<\/option><option value=\"MG\" >Madagascar<\/option><option value=\"MW\" >Malaui<\/option><option value=\"MY\" >Malasia<\/option><option value=\"MV\" >Maldivas<\/option><option value=\"ML\" >Mali<\/option><option value=\"MT\" >Malta<\/option><option value=\"MH\" >Islas Marshall<\/option><option value=\"MQ\" >Martinica<\/option><option value=\"MR\" >Mauritania<\/option><option value=\"MU\" >Mauricio<\/option><option value=\"YT\" >Mayotte<\/option><option value=\"MX\" >M\u00e9jico<\/option><option value=\"FM\" >Micronesia<\/option><option value=\"MD\" >Moldavia<\/option><option value=\"MC\" >M\u00f3naco<\/option><option value=\"MN\" >Mongolia<\/option><option value=\"ME\" >Montenegro<\/option><option value=\"MS\" >Montserrat<\/option><option value=\"MA\" >Marruecos<\/option><option value=\"MZ\" >Mozambique<\/option><option value=\"MM\" >Birmania<\/option><option value=\"NA\" >Namibia<\/option><option value=\"NR\" >Nauru<\/option><option value=\"NP\" >Nepal<\/option><option value=\"NL\" >Pa\u00edses Bajos<\/option><option value=\"NC\" >Nueva Caledonia<\/option><option value=\"NZ\" >Nueva Zelanda<\/option><option value=\"NI\" >Nicaragua<\/option><option value=\"NE\" >N\u00edger<\/option><option value=\"NG\" >Nigeria<\/option><option value=\"NU\" >Niue<\/option><option value=\"NF\" >Isla Norfolk<\/option><option value=\"MP\" >Islas Marianas del Norte<\/option><option value=\"KP\" >Corea del Norte<\/option><option value=\"NO\" >Noruega<\/option><option value=\"OM\" >Om\u00e1n<\/option><option value=\"PK\" >Pakist\u00e1n<\/option><option value=\"PS\" >Territorio Palestino<\/option><option value=\"PA\" >Panam\u00e1<\/option><option value=\"PG\" >Pap\u00faa Nueva Guinea<\/option><option value=\"PY\" >Paraguay<\/option><option value=\"PE\" >Per\u00fa<\/option><option value=\"PH\" >Filipinas<\/option><option value=\"PN\" >Pitcairn<\/option><option value=\"PL\" >Polonia<\/option><option value=\"PT\" >Portugal<\/option><option value=\"PR\" >Puerto Rico<\/option><option value=\"QA\" >Catar<\/option><option value=\"RE\" >Reuni\u00f3n<\/option><option value=\"RO\" >Ruman\u00eda<\/option><option value=\"RU\" >Rusia<\/option><option value=\"RW\" >Ruanda<\/option><option value=\"BL\" >San Bartolom\u00e9<\/option><option value=\"SH\" >Santa Helena<\/option><option value=\"KN\" >San Crist\u00f3bal y Nieves<\/option><option value=\"LC\" >Santa Luc\u00eda<\/option><option value=\"MF\" >San Martin (parte francesa)<\/option><option value=\"SX\" >San Mart\u00edn (parte alemana)<\/option><option value=\"PM\" >San Pedro y Miquel\u00f3n<\/option><option value=\"VC\" >San Vicente y las Granadinas<\/option><option value=\"SM\" >San Marino<\/option><option value=\"ST\" >Santo Tom\u00e9 y Pr\u00edncipe<\/option><option value=\"SA\" >Arabia Saud\u00ed<\/option><option value=\"SN\" >Senegal<\/option><option value=\"RS\" >Serbia<\/option><option value=\"SC\" >Seychelles<\/option><option value=\"SL\" >Sierra Leona<\/option><option value=\"SG\" >Singapur<\/option><option value=\"SK\" >Eslovaquia<\/option><option value=\"SI\" >Eslovenia<\/option><option value=\"SB\" >Islas Salom\u00f3n<\/option><option value=\"SO\" >Somalia<\/option><option value=\"ZA\" >Sud\u00e1frica<\/option><option value=\"GS\" >Georgia del Sur\/Islas Sandwich<\/option><option value=\"KR\" >Corea del Sur<\/option><option value=\"SS\" >Sud\u00e1n del Sur<\/option><option value=\"ES\" >Espa\u00f1a<\/option><option value=\"LK\" >Sri Lanka<\/option><option value=\"SD\" >Sud\u00e1n<\/option><option value=\"SR\" >Surinam<\/option><option value=\"SJ\" >Svalbard and Jan Mayen<\/option><option value=\"SE\" >Suecia<\/option><option value=\"CH\" >Suiza<\/option><option value=\"SY\" >Siria<\/option><option value=\"TW\" >Taiw\u00e1n<\/option><option value=\"TJ\" >Tayikist\u00e1n<\/option><option value=\"TZ\" >Tanzania<\/option><option value=\"TH\" >Tailandia<\/option><option value=\"TL\" >Timor-Leste<\/option><option value=\"TG\" >Togo<\/option><option value=\"TK\" >Tokelau<\/option><option value=\"TO\" >Tonga<\/option><option value=\"TT\" >Trinidad y Tobago<\/option><option value=\"TN\" >T\u00fanez<\/option><option value=\"TR\" >Turqu\u00eda<\/option><option value=\"TM\" >Turkmenist\u00e1n<\/option><option value=\"TC\" >Islas Turcas y Caicos<\/option><option value=\"TV\" >Tuvalu<\/option><option value=\"UG\" >Uganda<\/option><option value=\"UA\" >Ucrania<\/option><option value=\"AE\" >Emiratos \u00c1rabes Unidos<\/option><option value=\"GB\" >Reino Unido (UK)<\/option><option value=\"US\" >Estados Unidos (EEUU)<\/option><option value=\"UM\" >Estados Unidos (EEUU) Islas Ultramarinas Menores<\/option><option value=\"VI\" >Estados Unidos (EEUU) Islas V\u00edrgenes<\/option><option value=\"UY\" >Uruguay<\/option><option value=\"UZ\" >Uzbekist\u00e1n<\/option><option value=\"VU\" >Vanuatu<\/option><option value=\"VA\" >Vaticano<\/option><option value=\"VE\" >Venezuela<\/option><option value=\"VN\" >Vietnam<\/option><option value=\"WF\" >Wallis y Futuna<\/option><option value=\"EH\" >Sahara del Oeste<\/option><option value=\"WS\" >Samoa<\/option><option value=\"YE\" >Yemen<\/option><option value=\"ZM\" >Zambia<\/option><option value=\"ZW\" >Zimbabue<\/option>\n\t\t\t\t\t<\/select><\/div>\t\t\t\t\t\t\t\t\t<\/div>\n\t\t\t\t\t\t\t\t\t\t\t\t\t\t\t\t<\/div>\n\t\t\t\t\t\t\t\t\t\t\t\t\t<\/div>\n\t\t\t\t\t\t<div class=\"ur-form-row\" data-row-id=\"7\">\t\t\t\t\t\t\t<div class=\"ur-form-grid ur-grid-1\"\n\t\t\t\t\t\t\t\tstyle=\"width:99%\">\n\t\t\t\t\t\t\t\t\t\t\t\t\t\t\t\t<div  data-field-id=\"check_box_1684140161\" class=\"ur-field-item field-checkbox \" data-ref-id=\"check_box_1684140161\" data-field-pattern-enabled=\"0\" data-field-pattern-value=\" \" data-field-pattern-message=\" \">\n\t\t\t\t\t\t\t\t\t\t<div class=\"form-row \" id=\"check_box_1684140161_field\" data-priority=\"\" ><label class=\"ur-label\" data-label=\"Boletines y ofertas especiales\">Boletines y ofertas especiales<\/label><ul ><li class=\"ur-checkbox-list\"><input data-rules=\"\" data-id=\"check_box_1684140161[]\" data-label=\"Boletines y ofertas especiales\" data-value=\"I want to receive newsletters and special offer notices from Email.\" type=\"checkbox\" class=\"input-checkbox ur-frontend-field  \" name=\"check_box_1684140161[]\" id=\"check_box_1684140161_I want to receive newsletters and special offer notices from Email.\" value=\"I want to receive newsletters and special offer notices from Email.\" \/><label class=\"ur-checkbox-label\" for=\"check_box_1684140161_I want to receive newsletters and special offer notices from Email.\">Deseo recibir boletines y avisos de ofertas especiales por correo electr\u00f3nico.<\/label> <\/li><li class=\"ur-checkbox-list\"><input data-rules=\"\" data-id=\"check_box_1684140161[]\" data-label=\"Boletines y ofertas especiales\" data-value=\"I want to receive newsletters and special offer notices from WhatsApp.\" type=\"checkbox\" class=\"input-checkbox ur-frontend-field  \" name=\"check_box_1684140161[]\" id=\"check_box_1684140161_I want to receive newsletters and special offer notices from WhatsApp.\" value=\"I want to receive newsletters and special offer notices from WhatsApp.\" \/><label class=\"ur-checkbox-label\" for=\"check_box_1684140161_I want to receive newsletters and special offer notices from WhatsApp.\">Deseo recibir boletines y avisos de ofertas especiales de WhatsApp.<\/label> <\/li><\/ul><\/div>\t\t\t\t\t\t\t\t\t<\/div>\n\t\t\t\t\t\t\t\t\t\t\t\t\t\t\t\t\t\t<div  data-field-id=\"privacy_policy_1684140814\" class=\"ur-field-item field-privacy_policy \" data-ref-id=\"privacy_policy_1684140814\" data-field-pattern-enabled=\"0\" data-field-pattern-value=\" \" data-field-pattern-message=\" \">\n\t\t\t\t\t\t\t\t\t\t<div class=\"form-row validate-required\" id=\"privacy_policy_1684140814_field\" data-priority=\"\" ><label class=\"ur-label checkbox\" required=\"required\" data-label=\"Acepto la declaraci\u00f3n de confidencialidad\">\n\t\t\t\t\t\t\t<input data-rules=\"\" data-id=\"privacy_policy_1684140814\" required=\"required\" data-label=\"Acepto la declaraci\u00f3n de confidencialidad\" data-value=\"\" type=\"checkbox\" class=\"input-checkbox ur-frontend-field \" name=\"privacy_policy_1684140814\" id=\"privacy_policy_1684140814\" value=\"1\"  \/> Acepto la declaraci\u00f3n de confidencialidad <abbr class=\"required\" title=\"obligatorio\">*<\/abbr><\/label><span class=\"description\">Por favor, lea la Pol\u00edtica de Privacidad de Togiya Shop, haga clic aqu\u00ed significa que est\u00e1 de acuerdo con nuestra declaraci\u00f3n.<\/span><\/div>\t\t\t\t\t\t\t\t\t<\/div>\n\t\t\t\t\t\t\t\t\t\t\t\t\t\t\t\t<\/div>\n\t\t\t\t\t\t\t\t\t\t\t\t\t<\/div>\n\t\t\t\t\t\t\t\t\t\t\t\t\t\t\t\t\t\t<div class=\"ur-button-container \" >\n\t\t\t\t\t\t\t\t\t\t\t\t\t\t<button type=\"submit\" class=\"btn button ur-submit-button \"  conditional_rules=\"&quot;&quot;\">\n\t\t\t\t\t\t\t\t<span><\/span>\n\t\t\t\t\t\t\t\tEnviar\t\t\t\t\t\t\t<\/button>\n\t\t\t\t\t\t\t\t\t\t\t\t\t\t\t\t\t\t\t\t<\/div>\n\t\t\t\t\t\t\n\t\t\t\t<div style=\"clear:both\"><\/div>\n\t\t\t\t\t\t\t\t<input type=\"hidden\" name=\"ur-registration-language\" value=\"es\"\/>\n\t\t\t\t<input type=\"hidden\" name=\"ur-user-form-id\" value=\"3496\"\/>\n\t\t\t\t<input type=\"hidden\" name=\"ur-redirect-url\" value=\"https:\/\/onlineshop.togiya.jp\/my-account\/\"\/>\n\t\t\t\t<input type=\"hidden\" id=\"ur_frontend_form_nonce\" name=\"ur_frontend_form_nonce\" value=\"ae4fcb56e2\" \/>\n\t\t\t\t\n\t\t\t<\/form>\n\t\t\t\n\t\t<div style=\"clear:both\"><\/div>\n\t<\/div>\n\n\n","protected":false},"excerpt":{"rendered":"","protected":false},"author":1,"featured_media":0,"parent":0,"menu_order":0,"comment_status":"closed","ping_status":"closed","template":"","meta":{"footnotes":""},"class_list":["post-5104","page","type-page","status-publish","hentry"],"jetpack_sharing_enabled":true,"_links":{"self":[{"href":"https:\/\/onlineshop.togiya.jp\/es\/wp-json\/wp\/v2\/pages\/5104","targetHints":{"allow":["GET"]}}],"collection":[{"href":"https:\/\/onlineshop.togiya.jp\/es\/wp-json\/wp\/v2\/pages"}],"about":[{"href":"https:\/\/onlineshop.togiya.jp\/es\/wp-json\/wp\/v2\/types\/page"}],"author":[{"embeddable":true,"href":"https:\/\/onlineshop.togiya.jp\/es\/wp-json\/wp\/v2\/users\/1"}],"replies":[{"embeddable":true,"href":"https:\/\/onlineshop.togiya.jp\/es\/wp-json\/wp\/v2\/comments?post=5104"}],"version-history":[{"count":1,"href":"https:\/\/onlineshop.togiya.jp\/es\/wp-json\/wp\/v2\/pages\/5104\/revisions"}],"predecessor-version":[{"id":5126,"href":"https:\/\/onlineshop.togiya.jp\/es\/wp-json\/wp\/v2\/pages\/5104\/revisions\/5126"}],"wp:attachment":[{"href":"https:\/\/onlineshop.togiya.jp\/es\/wp-json\/wp\/v2\/media?parent=5104"}],"curies":[{"name":"wp","href":"https:\/\/api.w.org\/{rel}","templated":true}]}}