{"id":5245,"date":"2021-03-06T23:24:09","date_gmt":"2021-03-06T14:24:09","guid":{"rendered":"https:\/\/onlineshop.togiya.jp\/product\/ksc-65-ksc-70\/"},"modified":"2021-03-06T23:24:09","modified_gmt":"2021-03-06T14:24:09","slug":"ksc","status":"publish","type":"product","link":"https:\/\/onlineshop.togiya.jp\/es\/producto\/ksc\/","title":{"rendered":"KSC-65 KSC-70"},"content":{"rendered":"<h1>KICHO serie_KSC-65 KSC-70<\/h1>\n<p>por Makoto Takahashi que es el artesano que hace la serie Kicho. Carrera de m\u00e1s de 40 a\u00f1os, hab\u00eda construido un par de tijeras de los fundamentos de las tijeras TOGIYA. Y conoce todas las tijeras, ahora se ha convertido en un profesional de tijeras de acabado m\u00e1s fino de Jap\u00f3n, sino que tambi\u00e9n est\u00e1 en condiciones de plantear un sucesor. \u00c9l es un tijeras tecnolog\u00eda existencia \u00abDios\u00bb de la industria japonesa tijeras, la gente se llama \u00abMano de Dios\u00bb sus habilidades. Una vez que los peluqueros han utilizado un par de tijeras de su acabado, no pueden utilizar las otras tijeras.<\/p>\n<p><img data-recalc-dims=\"1\" fetchpriority=\"high\" decoding=\"async\" class=\"alignnone size-medium wp-image-587\" src=\"https:\/\/i0.wp.com\/onlineshop.togiya.jp\/wp-content\/uploads\/2021\/03\/img_1b-2-225x300.jpg?resize=225%2C300\" alt=\"\" width=\"225\" height=\"300\" srcset=\"https:\/\/i0.wp.com\/onlineshop.togiya.jp\/wp-content\/uploads\/2021\/03\/img_1b-2.jpg?resize=225%2C300&amp;ssl=1 225w, https:\/\/i0.wp.com\/onlineshop.togiya.jp\/wp-content\/uploads\/2021\/03\/img_1b-2.jpg?w=300&amp;ssl=1 300w\" sizes=\"(max-width: 225px) 100vw, 225px\" \/><\/p>\n","protected":false},"excerpt":{"rendered":"<table class=\"table\">\n<tbody>\n<tr>\n<td>N\u00ba de modelo<\/td>\n<td>KSC-65 KSC-70<\/td>\n<\/tr>\n<tr>\n<td>Talla:<\/td>\n<td>5.5&#8243;\/6.0&#8243;\/6.5&#8243;\/7.0&#8243; pulgada<\/td>\n<\/tr>\n<tr>\n<td>Cuchilla:<\/td>\n<td>Convexo<\/td>\n<\/tr>\n<tr>\n<td>Tornillo:<\/td>\n<td>Marque<\/td>\n<\/tr>\n<tr>\n<td>Mango:<\/td>\n<td>3D anam\u00f3rfico<\/td>\n<\/tr>\n<tr>\n<td>Material:<\/td>\n<td>HITACHI440C<\/td>\n<\/tr>\n<\/tbody>\n<\/table>\n","protected":false},"featured_media":4864,"comment_status":"open","ping_status":"closed","template":"","meta":[],"product_brand":[],"product_cat":[653,654],"product_tag":[658,657,656,660,659,661,655],"class_list":{"0":"post-5245","1":"product","2":"type-product","3":"status-publish","4":"has-post-thumbnail","6":"product_cat-kicho-series-es","7":"product_cat-long-scissors-es","8":"product_tag-3dhandle-es","9":"product_tag-cutting-es","10":"product_tag-hitachi440-es","11":"product_tag-long-scissors-es","12":"product_tag-mini-scissors-es","13":"product_tag-togiyakicho-es","14":"product_tag-togiyascissors-es","16":"first","17":"instock","18":"featured","19":"taxable","20":"shipping-taxable","21":"purchasable","22":"product-type-variable"},"jetpack_sharing_enabled":true,"_links":{"self":[{"href":"https:\/\/onlineshop.togiya.jp\/es\/wp-json\/wp\/v2\/product\/5245","targetHints":{"allow":["GET"]}}],"collection":[{"href":"https:\/\/onlineshop.togiya.jp\/es\/wp-json\/wp\/v2\/product"}],"about":[{"href":"https:\/\/onlineshop.togiya.jp\/es\/wp-json\/wp\/v2\/types\/product"}],"replies":[{"embeddable":true,"href":"https:\/\/onlineshop.togiya.jp\/es\/wp-json\/wp\/v2\/comments?post=5245"}],"wp:featuredmedia":[{"embeddable":true,"href":"https:\/\/onlineshop.togiya.jp\/es\/wp-json\/wp\/v2\/media\/4864"}],"wp:attachment":[{"href":"https:\/\/onlineshop.togiya.jp\/es\/wp-json\/wp\/v2\/media?parent=5245"}],"wp:term":[{"taxonomy":"product_brand","embeddable":true,"href":"https:\/\/onlineshop.togiya.jp\/es\/wp-json\/wp\/v2\/product_brand?post=5245"},{"taxonomy":"product_cat","embeddable":true,"href":"https:\/\/onlineshop.togiya.jp\/es\/wp-json\/wp\/v2\/product_cat?post=5245"},{"taxonomy":"product_tag","embeddable":true,"href":"https:\/\/onlineshop.togiya.jp\/es\/wp-json\/wp\/v2\/product_tag?post=5245"}],"curies":[{"name":"wp","href":"https:\/\/api.w.org\/{rel}","templated":true}]}}