{"id":5271,"date":"2021-02-23T19:24:51","date_gmt":"2021-02-23T10:24:51","guid":{"rendered":"https:\/\/onlineshop.togiya.jp\/product\/cpc-50-cpc-55-cpc-60\/"},"modified":"2025-11-10T02:00:31","modified_gmt":"2025-11-09T17:00:31","slug":"cpc-50-cpc-55-cpc-60","status":"publish","type":"product","link":"https:\/\/onlineshop.togiya.jp\/es\/producto\/cpc-50-cpc-55-cpc-60\/","title":{"rendered":"CPC-50 CPC-55 CPc-60"},"content":{"rendered":"<h1>CLASSIC series_CPC-50 CPC-55 CPC-60<\/h1>\n<p>por Seiren Hashimoto, que es el artesano que fabrica la serie Classic.<\/p>\n<p>Precisi\u00f3n y estabilidad con una trayectoria de m\u00e1s de 10 a\u00f1os, la confecci\u00f3n de sus tijeras es excelente, es un artesano al que le apasiona cortar al m\u00e1ximo.<\/p>\n<p><img data-recalc-dims=\"1\" fetchpriority=\"high\" decoding=\"async\" class=\"alignnone size-medium wp-image-189\" src=\"https:\/\/i0.wp.com\/onlineshop.togiya.jp\/wp-content\/uploads\/2020\/11\/img_1b-225x300.jpg?resize=225%2C300\" alt=\"\" width=\"225\" height=\"300\" srcset=\"https:\/\/i0.wp.com\/onlineshop.togiya.jp\/wp-content\/uploads\/2020\/11\/img_1b.jpg?resize=225%2C300&amp;ssl=1 225w, https:\/\/i0.wp.com\/onlineshop.togiya.jp\/wp-content\/uploads\/2020\/11\/img_1b.jpg?w=300&amp;ssl=1 300w\" sizes=\"(max-width: 225px) 100vw, 225px\" \/><\/p>\n","protected":false},"excerpt":{"rendered":"<table class=\"table\">\n<tbody>\n<tr>\n<td>N\u00ba de modelo<\/td>\n<td>CPC-50 CPC-55 CPC-60<\/td>\n<\/tr>\n<tr>\n<td>Talla:<\/td>\n<td>5.0&#8243;\/5.5&#8243;\/6.0&#8243; pulgada<\/td>\n<\/tr>\n<tr>\n<td>Cuchilla:<\/td>\n<td>Convexo<\/td>\n<\/tr>\n<tr>\n<td>Tornillo:<\/td>\n<td>Tornillo Dial<\/td>\n<\/tr>\n<tr>\n<td>Mango:<\/td>\n<td>Semmi-offset<\/td>\n<\/tr>\n<tr>\n<td>Material:<\/td>\n<td>Oro V n\u00ba 1<\/td>\n<\/tr>\n<\/tbody>\n<\/table>\n","protected":false},"featured_media":4584,"comment_status":"open","ping_status":"closed","template":"","meta":[],"product_brand":[],"product_cat":[667],"product_tag":[671,657,659,668,669,655,670],"class_list":{"0":"post-5271","1":"product","2":"type-product","3":"status-publish","4":"has-post-thumbnail","6":"product_cat-serie-clasica","7":"product_tag-agujero-del-dedo-grande","8":"product_tag-cutting-es","9":"product_tag-mini-scissors-es","10":"product_tag-principiantes","11":"product_tag-togiyaclassic-es","12":"product_tag-togiyascissors-es","13":"product_tag-v-1-es","15":"first","16":"instock","17":"taxable","18":"shipping-taxable","19":"purchasable","20":"product-type-variable","21":"has-default-attributes"},"jetpack_sharing_enabled":true,"_links":{"self":[{"href":"https:\/\/onlineshop.togiya.jp\/es\/wp-json\/wp\/v2\/product\/5271","targetHints":{"allow":["GET"]}}],"collection":[{"href":"https:\/\/onlineshop.togiya.jp\/es\/wp-json\/wp\/v2\/product"}],"about":[{"href":"https:\/\/onlineshop.togiya.jp\/es\/wp-json\/wp\/v2\/types\/product"}],"replies":[{"embeddable":true,"href":"https:\/\/onlineshop.togiya.jp\/es\/wp-json\/wp\/v2\/comments?post=5271"}],"wp:featuredmedia":[{"embeddable":true,"href":"https:\/\/onlineshop.togiya.jp\/es\/wp-json\/wp\/v2\/media\/4584"}],"wp:attachment":[{"href":"https:\/\/onlineshop.togiya.jp\/es\/wp-json\/wp\/v2\/media?parent=5271"}],"wp:term":[{"taxonomy":"product_brand","embeddable":true,"href":"https:\/\/onlineshop.togiya.jp\/es\/wp-json\/wp\/v2\/product_brand?post=5271"},{"taxonomy":"product_cat","embeddable":true,"href":"https:\/\/onlineshop.togiya.jp\/es\/wp-json\/wp\/v2\/product_cat?post=5271"},{"taxonomy":"product_tag","embeddable":true,"href":"https:\/\/onlineshop.togiya.jp\/es\/wp-json\/wp\/v2\/product_tag?post=5271"}],"curies":[{"name":"wp","href":"https:\/\/api.w.org\/{rel}","templated":true}]}}