{"id":5290,"date":"2020-11-19T13:29:15","date_gmt":"2020-11-19T04:29:15","guid":{"rendered":"https:\/\/onlineshop.togiya.jp\/product\/csc-50-csc-55\/"},"modified":"2020-11-19T13:29:15","modified_gmt":"2020-11-19T04:29:15","slug":"csc-50-csc-55","status":"publish","type":"product","link":"https:\/\/onlineshop.togiya.jp\/es\/producto\/csc-50-csc-55\/","title":{"rendered":"CSC-50 CSc-55"},"content":{"rendered":"<h1>Serie CLASSIC_CUCHILLA DELGADA_CSC-50 CSC-55<\/h1>\n<p>por Seiren Hashimoto, que es el artesano que fabrica la serie Classic.<\/p>\n<p>Precisi\u00f3n y estabilidad con una trayectoria de m\u00e1s de 10 a\u00f1os, la confecci\u00f3n de sus tijeras es excelente, es un artesano al que le apasiona cortar al m\u00e1ximo.<\/p>\n<p><img data-recalc-dims=\"1\" fetchpriority=\"high\" decoding=\"async\" class=\"alignnone size-medium wp-image-189\" src=\"https:\/\/i0.wp.com\/onlineshop.togiya.jp\/wp-content\/uploads\/2020\/11\/img_1b-225x300.jpg?resize=225%2C300\" alt=\"\" width=\"225\" height=\"300\" srcset=\"https:\/\/i0.wp.com\/onlineshop.togiya.jp\/wp-content\/uploads\/2020\/11\/img_1b.jpg?resize=225%2C300&amp;ssl=1 225w, https:\/\/i0.wp.com\/onlineshop.togiya.jp\/wp-content\/uploads\/2020\/11\/img_1b.jpg?w=300&amp;ssl=1 300w\" sizes=\"(max-width: 225px) 100vw, 225px\" \/><\/p>\n","protected":false},"excerpt":{"rendered":"<table class=\"table\">\n<tbody>\n<tr>\n<td>N\u00ba de modelo<\/td>\n<td>CSC-50 CSC-55<\/td>\n<\/tr>\n<tr>\n<td>Talla:<\/td>\n<td>5.0&#8243;\/5.5&#8243; pulgada<\/td>\n<\/tr>\n<tr>\n<td>Cuchilla:<\/td>\n<td>Delgado convexo<\/td>\n<\/tr>\n<tr>\n<td>Tornillo:<\/td>\n<td>Tornillo negativo<\/td>\n<\/tr>\n<tr>\n<td>Mango:<\/td>\n<td>Semmi-offset<\/td>\n<\/tr>\n<tr>\n<td>Material:<\/td>\n<td>Oro V n\u00ba 1<\/td>\n<\/tr>\n<\/tbody>\n<\/table>\n","protected":false},"featured_media":4594,"comment_status":"open","ping_status":"closed","template":"","meta":[],"product_brand":[],"product_cat":[667],"product_tag":[671,681,657,659,668,680,669,655,670],"class_list":{"0":"post-5290","1":"product","2":"type-product","3":"status-publish","4":"has-post-thumbnail","6":"product_cat-serie-clasica","7":"product_tag-agujero-del-dedo-grande","8":"product_tag-asa-de-camello","9":"product_tag-cutting-es","10":"product_tag-mini-scissors-es","11":"product_tag-principiantes","12":"product_tag-tijeras-slim","13":"product_tag-togiyaclassic-es","14":"product_tag-togiyascissors-es","15":"product_tag-v-1-es","17":"first","18":"instock","19":"taxable","20":"shipping-taxable","21":"purchasable","22":"product-type-variable","23":"has-default-attributes"},"jetpack_sharing_enabled":true,"_links":{"self":[{"href":"https:\/\/onlineshop.togiya.jp\/es\/wp-json\/wp\/v2\/product\/5290","targetHints":{"allow":["GET"]}}],"collection":[{"href":"https:\/\/onlineshop.togiya.jp\/es\/wp-json\/wp\/v2\/product"}],"about":[{"href":"https:\/\/onlineshop.togiya.jp\/es\/wp-json\/wp\/v2\/types\/product"}],"replies":[{"embeddable":true,"href":"https:\/\/onlineshop.togiya.jp\/es\/wp-json\/wp\/v2\/comments?post=5290"}],"wp:featuredmedia":[{"embeddable":true,"href":"https:\/\/onlineshop.togiya.jp\/es\/wp-json\/wp\/v2\/media\/4594"}],"wp:attachment":[{"href":"https:\/\/onlineshop.togiya.jp\/es\/wp-json\/wp\/v2\/media?parent=5290"}],"wp:term":[{"taxonomy":"product_brand","embeddable":true,"href":"https:\/\/onlineshop.togiya.jp\/es\/wp-json\/wp\/v2\/product_brand?post=5290"},{"taxonomy":"product_cat","embeddable":true,"href":"https:\/\/onlineshop.togiya.jp\/es\/wp-json\/wp\/v2\/product_cat?post=5290"},{"taxonomy":"product_tag","embeddable":true,"href":"https:\/\/onlineshop.togiya.jp\/es\/wp-json\/wp\/v2\/product_tag?post=5290"}],"curies":[{"name":"wp","href":"https:\/\/api.w.org\/{rel}","templated":true}]}}