{"id":5303,"date":"2020-11-18T22:49:12","date_gmt":"2020-11-18T13:49:12","guid":{"rendered":"https:\/\/onlineshop.togiya.jp\/product\/gmt-30s-gmt-38s-gmt-38sb\/"},"modified":"2020-11-18T22:49:12","modified_gmt":"2020-11-18T13:49:12","slug":"gmt-sb","status":"publish","type":"product","link":"https:\/\/onlineshop.togiya.jp\/es\/producto\/gmt-sb\/","title":{"rendered":"GMT-30S GMT-38S GMT-38Sb"},"content":{"rendered":"<h1>Serie GLOBAL_GMT-30S GMT-38S GMT-38SB<\/h1>\n<p><span class=\"info\">por Shinichi Naito, que es el art\u00edfice de la serie Global.<\/span><\/p>\n<p>\u00c9l todav\u00eda est\u00e1 unido en TOGIYA en s\u00f3lo 3 a\u00f1os, el coraz\u00f3n a la b\u00fasqueda de la tecnolog\u00eda es superior, que apoyar\u00e1 TOGIYA tijeras en la tecnolog\u00eda en el futuro. Son los ingenieros m\u00e1s prometedores en los j\u00f3venes. <\/p>\n<p><img data-recalc-dims=\"1\" fetchpriority=\"high\" decoding=\"async\" class=\"alignnone size-medium wp-image-128\" src=\"https:\/\/i0.wp.com\/onlineshop.togiya.jp\/wp-content\/uploads\/2020\/11\/global-Shinichi-Naito-225x300.jpg?resize=225%2C300\" alt=\"\" width=\"225\" height=\"300\" srcset=\"https:\/\/i0.wp.com\/onlineshop.togiya.jp\/wp-content\/uploads\/2020\/11\/global-Shinichi-Naito-scaled.jpg?resize=225%2C300&amp;ssl=1 225w, https:\/\/i0.wp.com\/onlineshop.togiya.jp\/wp-content\/uploads\/2020\/11\/global-Shinichi-Naito-scaled.jpg?resize=324%2C432&amp;ssl=1 324w, https:\/\/i0.wp.com\/onlineshop.togiya.jp\/wp-content\/uploads\/2020\/11\/global-Shinichi-Naito-scaled.jpg?resize=416%2C555&amp;ssl=1 416w, https:\/\/i0.wp.com\/onlineshop.togiya.jp\/wp-content\/uploads\/2020\/11\/global-Shinichi-Naito-scaled.jpg?resize=768%2C1024&amp;ssl=1 768w, https:\/\/i0.wp.com\/onlineshop.togiya.jp\/wp-content\/uploads\/2020\/11\/global-Shinichi-Naito-scaled.jpg?resize=1152%2C1536&amp;ssl=1 1152w, https:\/\/i0.wp.com\/onlineshop.togiya.jp\/wp-content\/uploads\/2020\/11\/global-Shinichi-Naito-scaled.jpg?resize=1536%2C2048&amp;ssl=1 1536w, https:\/\/i0.wp.com\/onlineshop.togiya.jp\/wp-content\/uploads\/2020\/11\/global-Shinichi-Naito-scaled.jpg?w=1920&amp;ssl=1 1920w\" sizes=\"(max-width: 225px) 100vw, 225px\" \/><\/p>\n<h1><\/h1>\n","protected":false},"excerpt":{"rendered":"<table class=\"table\">\n<tbody>\n<tr>\n<td>N\u00ba de modelo<\/td>\n<td>GMT-30S GMT-38S GMT-38SB(Cuchilla boca abajo)<\/td>\n<\/tr>\n<tr>\n<td>Talla:<\/td>\n<td>5.5 pulgada<\/td>\n<\/tr>\n<tr>\n<td>hoja:<\/td>\n<td>30 dientes 38 dientes con una ranura<\/td>\n<\/tr>\n<tr>\n<td>Tornillo:<\/td>\n<td>Tornillo de implante<\/td>\n<\/tr>\n<tr>\n<td>Mango:<\/td>\n<td>3D<\/td>\n<\/tr>\n<tr>\n<td>Material:<\/td>\n<td>Hitachi 440C<\/td>\n<\/tr>\n<\/tbody>\n<\/table>\n","protected":false},"featured_media":4566,"comment_status":"open","ping_status":"closed","template":"","meta":[],"product_brand":[],"product_cat":[684],"product_tag":[658,688,689,656,668,685,655],"class_list":{"0":"post-5303","1":"product","2":"type-product","3":"status-publish","4":"has-post-thumbnail","6":"product_cat-serie-mundial","7":"product_tag-3dhandle-es","8":"product_tag-adelgazamiento","9":"product_tag-adelgazamiento-al-reves","10":"product_tag-hitachi440-es","11":"product_tag-principiantes","12":"product_tag-togiyaglobal-es","13":"product_tag-togiyascissors-es","15":"first","16":"instock","17":"featured","18":"taxable","19":"shipping-taxable","20":"purchasable","21":"product-type-variable"},"jetpack_sharing_enabled":true,"_links":{"self":[{"href":"https:\/\/onlineshop.togiya.jp\/es\/wp-json\/wp\/v2\/product\/5303","targetHints":{"allow":["GET"]}}],"collection":[{"href":"https:\/\/onlineshop.togiya.jp\/es\/wp-json\/wp\/v2\/product"}],"about":[{"href":"https:\/\/onlineshop.togiya.jp\/es\/wp-json\/wp\/v2\/types\/product"}],"replies":[{"embeddable":true,"href":"https:\/\/onlineshop.togiya.jp\/es\/wp-json\/wp\/v2\/comments?post=5303"}],"wp:featuredmedia":[{"embeddable":true,"href":"https:\/\/onlineshop.togiya.jp\/es\/wp-json\/wp\/v2\/media\/4566"}],"wp:attachment":[{"href":"https:\/\/onlineshop.togiya.jp\/es\/wp-json\/wp\/v2\/media?parent=5303"}],"wp:term":[{"taxonomy":"product_brand","embeddable":true,"href":"https:\/\/onlineshop.togiya.jp\/es\/wp-json\/wp\/v2\/product_brand?post=5303"},{"taxonomy":"product_cat","embeddable":true,"href":"https:\/\/onlineshop.togiya.jp\/es\/wp-json\/wp\/v2\/product_cat?post=5303"},{"taxonomy":"product_tag","embeddable":true,"href":"https:\/\/onlineshop.togiya.jp\/es\/wp-json\/wp\/v2\/product_tag?post=5303"}],"curies":[{"name":"wp","href":"https:\/\/api.w.org\/{rel}","templated":true}]}}