{"id":5368,"date":"2021-03-03T16:37:54","date_gmt":"2021-03-03T07:37:54","guid":{"rendered":"https:\/\/onlineshop.togiya.jp\/product\/toa-55-toa-60\/"},"modified":"2021-03-03T16:37:54","modified_gmt":"2021-03-03T07:37:54","slug":"toa","status":"publish","type":"product","link":"https:\/\/onlineshop.togiya.jp\/es\/producto\/toa\/","title":{"rendered":"TOA-55 TOa-60"},"content":{"rendered":"<h1>Serie Talento_TOA-55 TOA-60<\/h1>\n<p>por Makoto Takahashi que es el artesano haciendo serie Talento. Carrera de m\u00e1s de 40 a\u00f1os, hab\u00eda construido un par de tijeras de los fundamentos de las tijeras TOGIYA. Y conoce todas las tijeras, ahora se ha convertido en un acabado profesional tijeras m\u00e1s fino japon\u00e9s, tambi\u00e9n est\u00e1 en condiciones de plantear un sucesor. \u00c9l es un tijeras tecnolog\u00eda existencia \u00abDios\u00bb de la industria japonesa tijeras, la gente se llama \u00abMano de Dios\u00bb sus habilidades. Una vez que los peluqueros han utilizado un par de tijeras de su acabado, no pueden utilizar las otras tijeras.<\/p>\n<p>&nbsp;<\/p>\n","protected":false},"excerpt":{"rendered":"<table class=\"table\">\n<tbody>\n<tr>\n<td>N\u00ba de modelo<\/td>\n<td>TOA-55 TOA-60<\/td>\n<\/tr>\n<tr>\n<td>Talla:<\/td>\n<td>5.5&#8243;\/6.0&#8243; pulgada<\/td>\n<\/tr>\n<tr>\n<td>Cuchilla:<\/td>\n<td>Convexo<\/td>\n<\/tr>\n<tr>\n<td>Tornillo:<\/td>\n<td>Marque<\/td>\n<\/tr>\n<tr>\n<td>Mango:<\/td>\n<td>Camel y Offset<\/td>\n<\/tr>\n<tr>\n<td>Material:<\/td>\n<td>HITACHI440<\/td>\n<\/tr>\n<\/tbody>\n<\/table>\n","protected":false},"featured_media":4844,"comment_status":"open","ping_status":"closed","template":"","meta":[],"product_brand":[],"product_cat":[696],"product_tag":[671,681,657,656,655,697],"class_list":{"0":"post-5368","1":"product","2":"type-product","3":"status-publish","4":"has-post-thumbnail","6":"product_cat-serie-talento","7":"product_tag-agujero-del-dedo-grande","8":"product_tag-asa-de-camello","9":"product_tag-cutting-es","10":"product_tag-hitachi440-es","11":"product_tag-togiyascissors-es","12":"product_tag-togiyatalent-es","14":"first","15":"instock","16":"taxable","17":"shipping-taxable","18":"purchasable","19":"product-type-variable"},"jetpack_sharing_enabled":true,"_links":{"self":[{"href":"https:\/\/onlineshop.togiya.jp\/es\/wp-json\/wp\/v2\/product\/5368","targetHints":{"allow":["GET"]}}],"collection":[{"href":"https:\/\/onlineshop.togiya.jp\/es\/wp-json\/wp\/v2\/product"}],"about":[{"href":"https:\/\/onlineshop.togiya.jp\/es\/wp-json\/wp\/v2\/types\/product"}],"replies":[{"embeddable":true,"href":"https:\/\/onlineshop.togiya.jp\/es\/wp-json\/wp\/v2\/comments?post=5368"}],"wp:featuredmedia":[{"embeddable":true,"href":"https:\/\/onlineshop.togiya.jp\/es\/wp-json\/wp\/v2\/media\/4844"}],"wp:attachment":[{"href":"https:\/\/onlineshop.togiya.jp\/es\/wp-json\/wp\/v2\/media?parent=5368"}],"wp:term":[{"taxonomy":"product_brand","embeddable":true,"href":"https:\/\/onlineshop.togiya.jp\/es\/wp-json\/wp\/v2\/product_brand?post=5368"},{"taxonomy":"product_cat","embeddable":true,"href":"https:\/\/onlineshop.togiya.jp\/es\/wp-json\/wp\/v2\/product_cat?post=5368"},{"taxonomy":"product_tag","embeddable":true,"href":"https:\/\/onlineshop.togiya.jp\/es\/wp-json\/wp\/v2\/product_tag?post=5368"}],"curies":[{"name":"wp","href":"https:\/\/api.w.org\/{rel}","templated":true}]}}