{"id":5389,"date":"2020-11-18T23:59:51","date_gmt":"2020-11-18T14:59:51","guid":{"rendered":"https:\/\/onlineshop.togiya.jp\/product\/gsc-50-gsc-55-gsc-60-gsc-65\/"},"modified":"2020-11-18T23:59:51","modified_gmt":"2020-11-18T14:59:51","slug":"gsc","status":"publish","type":"product","link":"https:\/\/onlineshop.togiya.jp\/es\/producto\/gsc\/","title":{"rendered":"GSC-50 GSC-55 GSC-60 GSc-65"},"content":{"rendered":"<h1>Serie GLOBAL_GSC-50 GSC-55 GSC-60 GSC-65<\/h1>\n<p><span class=\"info\">por Shinichi Naito, que es el art\u00edfice de la serie Global.<\/span><\/p>\n<p>\u00c9l todav\u00eda est\u00e1 unido en TOGIYA en s\u00f3lo 3 a\u00f1os, el coraz\u00f3n a la b\u00fasqueda de la tecnolog\u00eda es superior, que apoyar\u00e1 TOGIYA tijeras en la tecnolog\u00eda en el futuro. Los j\u00f3venes ingenieros son los m\u00e1s prometedores.<\/p>\n<p><img data-recalc-dims=\"1\" fetchpriority=\"high\" decoding=\"async\" class=\"alignnone size-medium wp-image-128\" src=\"https:\/\/i0.wp.com\/onlineshop.togiya.jp\/wp-content\/uploads\/2020\/11\/global-Shinichi-Naito-225x300.jpg?resize=225%2C300\" alt=\"\" width=\"225\" height=\"300\" srcset=\"https:\/\/i0.wp.com\/onlineshop.togiya.jp\/wp-content\/uploads\/2020\/11\/global-Shinichi-Naito-scaled.jpg?resize=225%2C300&amp;ssl=1 225w, https:\/\/i0.wp.com\/onlineshop.togiya.jp\/wp-content\/uploads\/2020\/11\/global-Shinichi-Naito-scaled.jpg?resize=324%2C432&amp;ssl=1 324w, https:\/\/i0.wp.com\/onlineshop.togiya.jp\/wp-content\/uploads\/2020\/11\/global-Shinichi-Naito-scaled.jpg?resize=416%2C555&amp;ssl=1 416w, https:\/\/i0.wp.com\/onlineshop.togiya.jp\/wp-content\/uploads\/2020\/11\/global-Shinichi-Naito-scaled.jpg?resize=768%2C1024&amp;ssl=1 768w, https:\/\/i0.wp.com\/onlineshop.togiya.jp\/wp-content\/uploads\/2020\/11\/global-Shinichi-Naito-scaled.jpg?resize=1152%2C1536&amp;ssl=1 1152w, https:\/\/i0.wp.com\/onlineshop.togiya.jp\/wp-content\/uploads\/2020\/11\/global-Shinichi-Naito-scaled.jpg?resize=1536%2C2048&amp;ssl=1 1536w, https:\/\/i0.wp.com\/onlineshop.togiya.jp\/wp-content\/uploads\/2020\/11\/global-Shinichi-Naito-scaled.jpg?w=1920&amp;ssl=1 1920w\" sizes=\"(max-width: 225px) 100vw, 225px\" \/><\/p>\n","protected":false},"excerpt":{"rendered":"<table class=\"table\">\n<tbody>\n<tr>\n<td>N\u00ba de modelo<\/td>\n<td>GSC-50 GSC-55 GSC-60 GSC-65<\/td>\n<\/tr>\n<tr>\n<td>Talla:<\/td>\n<td>5.0&#8243;\/5.5&#8243;\/6.0&#8243;\/6.5&#8243; pulgada<\/td>\n<\/tr>\n<tr>\n<td>Cuchilla:<\/td>\n<td>Convexo(Delgado)<\/td>\n<\/tr>\n<tr>\n<td>Tornillo:<\/td>\n<td>Tornillo negativo<\/td>\n<\/tr>\n<tr>\n<td>Mango:<\/td>\n<td>Desplazamiento<\/td>\n<\/tr>\n<tr>\n<td>Material:<\/td>\n<td>Hitachi 440C<\/td>\n<\/tr>\n<\/tbody>\n<\/table>\n","protected":false},"featured_media":4578,"comment_status":"open","ping_status":"closed","template":"","meta":[],"product_brand":[],"product_cat":[684],"product_tag":[681,657,656,660,659,668,680,685,655],"class_list":{"0":"post-5389","1":"product","2":"type-product","3":"status-publish","4":"has-post-thumbnail","6":"product_cat-serie-mundial","7":"product_tag-asa-de-camello","8":"product_tag-cutting-es","9":"product_tag-hitachi440-es","10":"product_tag-long-scissors-es","11":"product_tag-mini-scissors-es","12":"product_tag-principiantes","13":"product_tag-tijeras-slim","14":"product_tag-togiyaglobal-es","15":"product_tag-togiyascissors-es","17":"first","18":"instock","19":"taxable","20":"shipping-taxable","21":"purchasable","22":"product-type-variable","23":"has-default-attributes"},"jetpack_sharing_enabled":true,"_links":{"self":[{"href":"https:\/\/onlineshop.togiya.jp\/es\/wp-json\/wp\/v2\/product\/5389","targetHints":{"allow":["GET"]}}],"collection":[{"href":"https:\/\/onlineshop.togiya.jp\/es\/wp-json\/wp\/v2\/product"}],"about":[{"href":"https:\/\/onlineshop.togiya.jp\/es\/wp-json\/wp\/v2\/types\/product"}],"replies":[{"embeddable":true,"href":"https:\/\/onlineshop.togiya.jp\/es\/wp-json\/wp\/v2\/comments?post=5389"}],"wp:featuredmedia":[{"embeddable":true,"href":"https:\/\/onlineshop.togiya.jp\/es\/wp-json\/wp\/v2\/media\/4578"}],"wp:attachment":[{"href":"https:\/\/onlineshop.togiya.jp\/es\/wp-json\/wp\/v2\/media?parent=5389"}],"wp:term":[{"taxonomy":"product_brand","embeddable":true,"href":"https:\/\/onlineshop.togiya.jp\/es\/wp-json\/wp\/v2\/product_brand?post=5389"},{"taxonomy":"product_cat","embeddable":true,"href":"https:\/\/onlineshop.togiya.jp\/es\/wp-json\/wp\/v2\/product_cat?post=5389"},{"taxonomy":"product_tag","embeddable":true,"href":"https:\/\/onlineshop.togiya.jp\/es\/wp-json\/wp\/v2\/product_tag?post=5389"}],"curies":[{"name":"wp","href":"https:\/\/api.w.org\/{rel}","templated":true}]}}