{"id":5401,"date":"2021-03-06T23:36:51","date_gmt":"2021-03-06T14:36:51","guid":{"rendered":"https:\/\/onlineshop.togiya.jp\/product\/pcp-65-pcp-70\/"},"modified":"2021-03-06T23:36:51","modified_gmt":"2021-03-06T14:36:51","slug":"pcp","status":"publish","type":"product","link":"https:\/\/onlineshop.togiya.jp\/es\/producto\/pcp\/","title":{"rendered":"PCP-65 PCp-70"},"content":{"rendered":"<h1>Serie PROFESIONAL_PCP-55 PCP-60 PCP-65 PCP-70<\/h1>\n<p>por Haruo Mizuno, que es el artesano que fabrica la serie Profesional.<\/p>\n<p>M\u00e1s de 20 a\u00f1os de carrera. Mira perfectas todas las tijeras. Tijeras artesano en Jap\u00f3n, que actualmente est\u00e1 activo , es uno de los artesanos de primera clase definitivamente. Sabemos que para comprar los mejores estilistas del mundo ha especificado sus tijeras. Es digno de ser llamado el \u00abgenio\u00bb de artesano s\u00f3lo tijeras.<\/p>\n<p><img data-recalc-dims=\"1\" fetchpriority=\"high\" decoding=\"async\" class=\"alignnone size-medium wp-image-267\" src=\"https:\/\/i0.wp.com\/onlineshop.togiya.jp\/wp-content\/uploads\/2020\/11\/img_1b-2-300x225.jpg?resize=300%2C225\" alt=\"\" width=\"300\" height=\"225\" srcset=\"https:\/\/i0.wp.com\/onlineshop.togiya.jp\/wp-content\/uploads\/2020\/11\/img_1b-2.jpg?resize=300%2C225&amp;ssl=1 300w, https:\/\/i0.wp.com\/onlineshop.togiya.jp\/wp-content\/uploads\/2020\/11\/img_1b-2.jpg?resize=324%2C243&amp;ssl=1 324w, https:\/\/i0.wp.com\/onlineshop.togiya.jp\/wp-content\/uploads\/2020\/11\/img_1b-2.jpg?resize=416%2C312&amp;ssl=1 416w, https:\/\/i0.wp.com\/onlineshop.togiya.jp\/wp-content\/uploads\/2020\/11\/img_1b-2.jpg?w=533&amp;ssl=1 533w\" sizes=\"(max-width: 300px) 100vw, 300px\" \/><\/p>\n","protected":false},"excerpt":{"rendered":"<table class=\"table\">\n<tbody>\n<tr>\n<td>N\u00ba de modelo<\/td>\n<td>PCP-65 PCP-70<\/td>\n<\/tr>\n<tr>\n<td>Talla:<\/td>\n<td>5.5&#8243;\/6.0&#8243;\/6.5&#8243;\/7.0 pulgada<\/td>\n<\/tr>\n<tr>\n<td>Cuchilla:<\/td>\n<td>Convexo<\/td>\n<\/tr>\n<tr>\n<td>Tornillo:<\/td>\n<td>Tornillo de ajuste<\/td>\n<\/tr>\n<tr>\n<td>Mango:<\/td>\n<td>Desplazamiento<\/td>\n<\/tr>\n<tr>\n<td>Material:<\/td>\n<td>HITACHI 314<\/td>\n<\/tr>\n<\/tbody>\n<\/table>\n","protected":false},"featured_media":4628,"comment_status":"open","ping_status":"closed","template":"","meta":[],"product_brand":[],"product_cat":[654],"product_tag":[657,704,660,719,655],"class_list":{"0":"post-5401","1":"product","2":"type-product","3":"status-publish","4":"has-post-thumbnail","6":"product_cat-long-scissors-es","7":"product_tag-cutting-es","8":"product_tag-hitachi314-es","9":"product_tag-long-scissors-es","10":"product_tag-togiyaprofessional-es","11":"product_tag-togiyascissors-es","13":"first","14":"instock","15":"taxable","16":"shipping-taxable","17":"purchasable","18":"product-type-variable","19":"has-default-attributes"},"jetpack_sharing_enabled":true,"_links":{"self":[{"href":"https:\/\/onlineshop.togiya.jp\/es\/wp-json\/wp\/v2\/product\/5401","targetHints":{"allow":["GET"]}}],"collection":[{"href":"https:\/\/onlineshop.togiya.jp\/es\/wp-json\/wp\/v2\/product"}],"about":[{"href":"https:\/\/onlineshop.togiya.jp\/es\/wp-json\/wp\/v2\/types\/product"}],"replies":[{"embeddable":true,"href":"https:\/\/onlineshop.togiya.jp\/es\/wp-json\/wp\/v2\/comments?post=5401"}],"wp:featuredmedia":[{"embeddable":true,"href":"https:\/\/onlineshop.togiya.jp\/es\/wp-json\/wp\/v2\/media\/4628"}],"wp:attachment":[{"href":"https:\/\/onlineshop.togiya.jp\/es\/wp-json\/wp\/v2\/media?parent=5401"}],"wp:term":[{"taxonomy":"product_brand","embeddable":true,"href":"https:\/\/onlineshop.togiya.jp\/es\/wp-json\/wp\/v2\/product_brand?post=5401"},{"taxonomy":"product_cat","embeddable":true,"href":"https:\/\/onlineshop.togiya.jp\/es\/wp-json\/wp\/v2\/product_cat?post=5401"},{"taxonomy":"product_tag","embeddable":true,"href":"https:\/\/onlineshop.togiya.jp\/es\/wp-json\/wp\/v2\/product_tag?post=5401"}],"curies":[{"name":"wp","href":"https:\/\/api.w.org\/{rel}","templated":true}]}}