{"id":4433,"date":"2023-05-24T16:07:45","date_gmt":"2023-05-24T07:07:45","guid":{"rendered":"https:\/\/onlineshop.togiya.jp\/politique-de-remboursement-et-de-retour\/"},"modified":"2023-05-24T18:17:58","modified_gmt":"2023-05-24T09:17:58","slug":"politique-de-remboursement-et-de-retour","status":"publish","type":"page","link":"https:\/\/onlineshop.togiya.jp\/fr\/politique-de-remboursement-et-de-retour\/","title":{"rendered":"Politique de remboursement et de retour"},"content":{"rendered":"\n<p class=\"has-large-font-size\">Vue d&rsquo;ensemble<\/p>\n\n<p>Notre politique de remboursement et de retour est de 30 jours. Veuillez noter que nous ne sommes pas en mesure d&rsquo;offrir un remboursement complet ou un \u00e9change apr\u00e8s 30 jours d&rsquo;achat.<\/p>\n\n<p>Pour pouvoir \u00eatre retourn\u00e9, votre article doit \u00eatre inutilis\u00e9 et dans le m\u00eame \u00e9tat que celui dans lequel vous l&rsquo;avez re\u00e7u. Il doit \u00e9galement \u00eatre dans son emballage d&rsquo;origine.<\/p>\n\n<p>Pour effectuer votre retour, nous avons besoin d&rsquo;un re\u00e7u ou d&rsquo;une preuve d&rsquo;achat.<\/p>\n\n<p>Ne renvoyez pas votre achat au fabricant.<\/p>\n\n<p class=\"has-large-font-size\">Remboursement<\/p>\n\n<p>Une fois votre retour re\u00e7u et inspect\u00e9, nous vous enverrons un courrier \u00e9lectronique pour vous informer que nous avons re\u00e7u votre article retourn\u00e9. Nous vous informerons \u00e9galement de l&rsquo;approbation ou du rejet de votre remboursement.<\/p>\n\n<p>Si votre demande est accept\u00e9e, votre remboursement sera trait\u00e9 et un cr\u00e9dit sera automatiquement appliqu\u00e9 \u00e0 votre carte de cr\u00e9dit ou \u00e0 votre mode de paiement initial, dans un d\u00e9lai de quelques jours.<\/p>\n\n<p><b>Remboursements tardifs ou manquants<\/b><\/p>\n\n<p>Si vous n&rsquo;avez pas encore re\u00e7u de remboursement, v\u00e9rifiez d&rsquo;abord votre compte bancaire.<\/p>\n\n<p>Contactez ensuite la soci\u00e9t\u00e9 \u00e9mettrice de votre carte de cr\u00e9dit, car il peut s&rsquo;\u00e9couler un certain temps avant que votre remboursement ne soit officiellement comptabilis\u00e9.<\/p>\n\n<p>Contactez ensuite votre banque. Il y a souvent un d\u00e9lai de traitement avant que le remboursement ne soit comptabilis\u00e9.<\/p>\n\n<p>Si vous avez fait tout cela et que vous n&rsquo;avez toujours pas re\u00e7u votre remboursement, veuillez nous contacter \u00e0 l&rsquo;adresse suivante : <a href=\"mailto:info@togiya.jp\" target=\"_blank\" rel=\"noreferrer noopener\">info@togiya.jp<\/a> .<\/p>\n\n<p><b>Articles en vente<\/b><\/p>\n\n<p>Seuls les articles \u00e0 prix normal peuvent \u00eatre rembours\u00e9s. Les articles sold\u00e9s ne peuvent \u00eatre rembours\u00e9s.<\/p>\n\n<p class=\"has-large-font-size\">\u00c9change<\/p>\n\n<p>Nous ne rempla\u00e7ons les articles que s&rsquo;ils sont d\u00e9fectueux ou endommag\u00e9s. Si vous souhaitez l&rsquo;\u00e9changer contre le m\u00eame article, envoyez-nous un courriel \u00e0 <a href=\"mailto:info@togiya.jp\" target=\"_blank\" rel=\"noreferrer noopener\">info@togiya.jp<\/a> .<\/p>\n\n<p class=\"has-large-font-size\">Exp\u00e9dition Retour<\/p>\n\n<p>Il vous incombe de payer vos propres frais d&rsquo;exp\u00e9dition pour le retour de votre article. Les frais d&rsquo;exp\u00e9dition ne sont pas remboursables. Si vous recevez un remboursement, les frais de retour seront d\u00e9duits de votre remboursement.<\/p>\n\n<p>Le d\u00e9lai d&rsquo;acheminement du produit \u00e9chang\u00e9 peut varier en fonction de votre lieu de r\u00e9sidence.<\/p>\n\n<p>Si vous retournez des articles plus co\u00fbteux, vous pouvez envisager d&rsquo;utiliser un service d&rsquo;exp\u00e9dition avec suivi ou de souscrire une assurance d&rsquo;exp\u00e9dition. Nous ne garantissons pas que nous recevrons l&rsquo;article retourn\u00e9.<\/p>\n\n<p class=\"has-medium-font-size\">Besoin d&rsquo;aide ?<\/p>\n\n<p>Contactez-nous \u00e0 l&rsquo;adresse <a href=\"mailto:info@togiya.jp\" target=\"_blank\" rel=\"noreferrer noopener\">info@togiya.jp<\/a> pour toute question relative aux remboursements et aux retours.<\/p>\n","protected":false},"excerpt":{"rendered":"<p>Vue d&rsquo;ensemble Notre politique de remboursement et de retour est de 30 jours. Veuillez noter que nous ne sommes pas en mesure d&rsquo;offrir un remboursement complet ou un \u00e9change apr\u00e8s 30 jours d&rsquo;achat. Pour pouvoir \u00eatre retourn\u00e9, votre article doit \u00eatre inutilis\u00e9 et dans le m\u00eame \u00e9tat que celui dans lequel vous l&rsquo;avez re\u00e7u. Il [&hellip;]<\/p>\n","protected":false},"author":1,"featured_media":0,"parent":0,"menu_order":0,"comment_status":"closed","ping_status":"closed","template":"","meta":{"footnotes":""},"class_list":["post-4433","page","type-page","status-publish","hentry"],"jetpack_sharing_enabled":true,"_links":{"self":[{"href":"https:\/\/onlineshop.togiya.jp\/fr\/wp-json\/wp\/v2\/pages\/4433","targetHints":{"allow":["GET"]}}],"collection":[{"href":"https:\/\/onlineshop.togiya.jp\/fr\/wp-json\/wp\/v2\/pages"}],"about":[{"href":"https:\/\/onlineshop.togiya.jp\/fr\/wp-json\/wp\/v2\/types\/page"}],"author":[{"embeddable":true,"href":"https:\/\/onlineshop.togiya.jp\/fr\/wp-json\/wp\/v2\/users\/1"}],"replies":[{"embeddable":true,"href":"https:\/\/onlineshop.togiya.jp\/fr\/wp-json\/wp\/v2\/comments?post=4433"}],"version-history":[{"count":2,"href":"https:\/\/onlineshop.togiya.jp\/fr\/wp-json\/wp\/v2\/pages\/4433\/revisions"}],"predecessor-version":[{"id":4530,"href":"https:\/\/onlineshop.togiya.jp\/fr\/wp-json\/wp\/v2\/pages\/4433\/revisions\/4530"}],"wp:attachment":[{"href":"https:\/\/onlineshop.togiya.jp\/fr\/wp-json\/wp\/v2\/media?parent=4433"}],"curies":[{"name":"wp","href":"https:\/\/api.w.org\/{rel}","templated":true}]}}