{"id":2337,"date":"2021-03-06T23:28:32","date_gmt":"2021-03-06T14:28:32","guid":{"rendered":"https:\/\/onlineshop.togiya.jp\/product\/top-65-top-70\/"},"modified":"2023-05-08T12:39:36","modified_gmt":"2023-05-08T03:39:36","slug":"top-65-top-70","status":"publish","type":"product","link":"https:\/\/onlineshop.togiya.jp\/fr\/produit\/top-65-top-70\/","title":{"rendered":"TOP-65 TOP-70"},"content":{"rendered":"<h1>TALENT s\u00e9rie_TOP-65 TOP-70<\/h1>\n<p>par Makoto Takahashi qui est l&rsquo;artisan de la s\u00e9rie Talent.<\/p>\n<p>Carri\u00e8re de plus de 40 ans, il avait construit une paire de ciseaux \u00e0 partir des bases des ciseaux TOGIYA. Il conna\u00eet tous les ciseaux et est devenu un professionnel de la finition des ciseaux japonais les plus fins, il est \u00e9galement en mesure d&rsquo;\u00e9lever un successeur. Il est un \u00ab\u00a0Dieu\u00a0\u00bb de l&rsquo;industrie japonaise des ciseaux, les gens l&rsquo;appellent \u00ab\u00a0la main de Dieu\u00a0\u00bb. \u00ab\u00a0Ses comp\u00e9tences. Une fois que les coiffeurs ont utilis\u00e9 une paire de ciseaux de sa finition, ils ne peuvent plus utiliser d&rsquo;autres ciseaux.<\/p>\n<p>&nbsp;<\/p>\n","protected":false},"excerpt":{"rendered":"<table class=\"table\">\n<tbody>\n<tr>\n<td>Num\u00e9ro de mod\u00e8le<\/td>\n<td>TOP-65 TOP-70<\/td>\n<\/tr>\n<tr>\n<td>Taille :.<\/td>\n<td>6.5&Prime;\/7.0&Prime; pouces<\/td>\n<\/tr>\n<tr>\n<td>Lame :.<\/td>\n<td>Convexe<\/td>\n<\/tr>\n<tr>\n<td>Vis :.<\/td>\n<td>Cadran.<\/td>\n<\/tr>\n<tr>\n<td>Poign\u00e9e :.<\/td>\n<td>Camel &amp; Offset avec repose-doigt sp\u00e9cial<\/td>\n<\/tr>\n<tr>\n<td>Mat\u00e9riau.<\/td>\n<td>Molybdiem.<\/td>\n<\/tr>\n<\/tbody>\n<\/table>\n","protected":false},"featured_media":1681,"comment_status":"open","ping_status":"closed","template":"","meta":[],"product_brand":[],"product_cat":[271],"product_tag":[273,287,288,286,272,281],"class_list":{"0":"post-2337","1":"product","2":"type-product","3":"status-publish","4":"has-post-thumbnail","6":"product_cat-ciseaux-longs","7":"product_tag-decoupage","8":"product_tag-gros-trou-de-doigt","9":"product_tag-molybdene","10":"product_tag-poignee-camel","11":"product_tag-togiyascissors-fr","12":"product_tag-togiyatalent-fr","14":"first","15":"instock","16":"featured","17":"taxable","18":"shipping-taxable","19":"purchasable","20":"product-type-variable"},"jetpack_sharing_enabled":true,"_links":{"self":[{"href":"https:\/\/onlineshop.togiya.jp\/fr\/wp-json\/wp\/v2\/product\/2337","targetHints":{"allow":["GET"]}}],"collection":[{"href":"https:\/\/onlineshop.togiya.jp\/fr\/wp-json\/wp\/v2\/product"}],"about":[{"href":"https:\/\/onlineshop.togiya.jp\/fr\/wp-json\/wp\/v2\/types\/product"}],"replies":[{"embeddable":true,"href":"https:\/\/onlineshop.togiya.jp\/fr\/wp-json\/wp\/v2\/comments?post=2337"}],"wp:featuredmedia":[{"embeddable":true,"href":"https:\/\/onlineshop.togiya.jp\/fr\/wp-json\/wp\/v2\/media\/1681"}],"wp:attachment":[{"href":"https:\/\/onlineshop.togiya.jp\/fr\/wp-json\/wp\/v2\/media?parent=2337"}],"wp:term":[{"taxonomy":"product_brand","embeddable":true,"href":"https:\/\/onlineshop.togiya.jp\/fr\/wp-json\/wp\/v2\/product_brand?post=2337"},{"taxonomy":"product_cat","embeddable":true,"href":"https:\/\/onlineshop.togiya.jp\/fr\/wp-json\/wp\/v2\/product_cat?post=2337"},{"taxonomy":"product_tag","embeddable":true,"href":"https:\/\/onlineshop.togiya.jp\/fr\/wp-json\/wp\/v2\/product_tag?post=2337"}],"curies":[{"name":"wp","href":"https:\/\/api.w.org\/{rel}","templated":true}]}}