{"id":2430,"date":"2021-03-06T23:18:20","date_gmt":"2021-03-06T14:18:20","guid":{"rendered":"https:\/\/onlineshop.togiya.jp\/product\/mkc-55lefty-mkc-60lefty-mkc-70lefty\/"},"modified":"2023-05-23T14:57:00","modified_gmt":"2023-05-23T05:57:00","slug":"mkc-l","status":"publish","type":"product","link":"https:\/\/onlineshop.togiya.jp\/fr\/produit\/mkc-l\/","title":{"rendered":"MKC-55LEFTY MKC-60LEFTY MKC-70LEFTY"},"content":{"rendered":"<h1>MAXIMUM series_MKC-55LEFTY MKC-60LEFTY MKC-70LEFTY<\/h1>\n<p>par Tomoo Yasuda qui est l&rsquo;artisan de la s\u00e9rie Maximum.<\/p>\n<p>Connaissance approfondie du mat\u00e9riau des ciseaux, son aff\u00fbtage pouvant r\u00e9pondre \u00e0 une vari\u00e9t\u00e9 de travaux de coupe des clients. Il est soutenu par de nombreux coiffeurs, les ciseaux qu&rsquo;il produit, il y a eu une pr\u00e9sence charismatique des ciseaux artisanaux.<\/p>\n<p><img data-recalc-dims=\"1\" fetchpriority=\"high\" decoding=\"async\" class=\"alignnone size-medium wp-image-222\" src=\"https:\/\/i0.wp.com\/onlineshop.togiya.jp\/wp-content\/uploads\/2020\/11\/img_1b-1-225x300.jpg?resize=225%2C300\" alt=\"\" width=\"225\" height=\"300\" srcset=\"https:\/\/i0.wp.com\/onlineshop.togiya.jp\/wp-content\/uploads\/2020\/11\/img_1b-1.jpg?resize=225%2C300&amp;ssl=1 225w, https:\/\/i0.wp.com\/onlineshop.togiya.jp\/wp-content\/uploads\/2020\/11\/img_1b-1.jpg?w=300&amp;ssl=1 300w\" sizes=\"(max-width: 225px) 100vw, 225px\" \/><\/p>\n<h1><\/h1>\n","protected":false},"excerpt":{"rendered":"<table class=\"table\">\n<tbody>\n<tr>\n<td>Num\u00e9ro de mod\u00e8le<\/td>\n<td>MKC-55LEFTY MKC-60LEFTY MKC-70LEFTY<\/td>\n<\/tr>\n<tr>\n<td>Taille :.<\/td>\n<td>5.5&Prime;\/6.0&Prime; pouces<\/td>\n<\/tr>\n<tr>\n<td>Lame :.<\/td>\n<td>Convexe<\/td>\n<\/tr>\n<tr>\n<td>Vis :.<\/td>\n<td>Vis de cadran<\/td>\n<\/tr>\n<tr>\n<td>Poign\u00e9e :.<\/td>\n<td>D\u00e9calage<\/td>\n<\/tr>\n<tr>\n<td>Mat\u00e9riau.<\/td>\n<td>Gold V No. 1<\/td>\n<\/tr>\n<\/tbody>\n<\/table>\n","protected":false},"featured_media":1091,"comment_status":"open","ping_status":"closed","template":"","meta":[],"product_brand":[],"product_cat":[301],"product_tag":[349,273,305,326,272,324],"class_list":{"0":"post-2430","1":"product","2":"type-product","3":"status-publish","4":"has-post-thumbnail","6":"product_cat-serie-gaucher","7":"product_tag-debutants","8":"product_tag-decoupage","9":"product_tag-main-gauche","10":"product_tag-togiyamaximum-fr","11":"product_tag-togiyascissors-fr","12":"product_tag-v-1-fr","14":"first","15":"instock","16":"taxable","17":"shipping-taxable","18":"purchasable","19":"product-type-variable"},"jetpack_sharing_enabled":true,"_links":{"self":[{"href":"https:\/\/onlineshop.togiya.jp\/fr\/wp-json\/wp\/v2\/product\/2430","targetHints":{"allow":["GET"]}}],"collection":[{"href":"https:\/\/onlineshop.togiya.jp\/fr\/wp-json\/wp\/v2\/product"}],"about":[{"href":"https:\/\/onlineshop.togiya.jp\/fr\/wp-json\/wp\/v2\/types\/product"}],"replies":[{"embeddable":true,"href":"https:\/\/onlineshop.togiya.jp\/fr\/wp-json\/wp\/v2\/comments?post=2430"}],"wp:featuredmedia":[{"embeddable":true,"href":"https:\/\/onlineshop.togiya.jp\/fr\/wp-json\/wp\/v2\/media\/1091"}],"wp:attachment":[{"href":"https:\/\/onlineshop.togiya.jp\/fr\/wp-json\/wp\/v2\/media?parent=2430"}],"wp:term":[{"taxonomy":"product_brand","embeddable":true,"href":"https:\/\/onlineshop.togiya.jp\/fr\/wp-json\/wp\/v2\/product_brand?post=2430"},{"taxonomy":"product_cat","embeddable":true,"href":"https:\/\/onlineshop.togiya.jp\/fr\/wp-json\/wp\/v2\/product_cat?post=2430"},{"taxonomy":"product_tag","embeddable":true,"href":"https:\/\/onlineshop.togiya.jp\/fr\/wp-json\/wp\/v2\/product_tag?post=2430"}],"curies":[{"name":"wp","href":"https:\/\/api.w.org\/{rel}","templated":true}]}}