{"id":2474,"date":"2021-03-06T23:07:29","date_gmt":"2021-03-06T14:07:29","guid":{"rendered":"https:\/\/onlineshop.togiya.jp\/product\/dc0-50lefty-dco-55lefty-dco-60lefty\/"},"modified":"2023-05-23T15:02:03","modified_gmt":"2023-05-23T06:02:03","slug":"dco-lefty","status":"publish","type":"product","link":"https:\/\/onlineshop.togiya.jp\/fr\/produit\/dco-lefty\/","title":{"rendered":"DC0-50LEFTY DCO-55LEFTY DCO-60LEFTY"},"content":{"rendered":"<h1>DESIGNERS series_DC0-50LEFTY DCO-55LEFTY DCO-60LEFTY<\/h1>\n<p>Par Teruo Hattori, l&rsquo;artisan de la s\u00e9rie Designers.<\/p>\n<p>Si vous esp\u00e9riez les \u00ab\u00a0ciseaux \u00e0 belle dignit\u00e9\u00a0\u00bb, il serait pr\u00e9f\u00e9rable de l&rsquo;y rencontrer. La technologie comme l&rsquo;\u0153uvre d&rsquo;art supr\u00eame peut \u00eatre r\u00e9alis\u00e9e avec une paire de ciseaux. C&rsquo;est l&rsquo;un des rares artisans.<\/p>\n<p><img data-recalc-dims=\"1\" fetchpriority=\"high\" decoding=\"async\" class=\"alignnone size-medium wp-image-278\" src=\"https:\/\/i0.wp.com\/onlineshop.togiya.jp\/wp-content\/uploads\/2020\/11\/img_1b-3-225x300.jpg?resize=225%2C300\" alt=\"\" width=\"225\" height=\"300\" srcset=\"https:\/\/i0.wp.com\/onlineshop.togiya.jp\/wp-content\/uploads\/2020\/11\/img_1b-3.jpg?resize=225%2C300&amp;ssl=1 225w, https:\/\/i0.wp.com\/onlineshop.togiya.jp\/wp-content\/uploads\/2020\/11\/img_1b-3.jpg?w=300&amp;ssl=1 300w\" sizes=\"(max-width: 225px) 100vw, 225px\" \/><\/p>\n","protected":false},"excerpt":{"rendered":"<table class=\"table\">\n<tbody>\n<tr>\n<td>Num\u00e9ro de mod\u00e8le<\/td>\n<td>DCO-50LEFTY DCO-55LEFTY DCO-60LEFTY<\/td>\n<\/tr>\n<tr>\n<td>Taille :.<\/td>\n<td>5.0&Prime;\/5.5&Prime;\/6.0&Prime; pouces<\/td>\n<\/tr>\n<tr>\n<td>Lame :.<\/td>\n<td>Convexe<\/td>\n<\/tr>\n<tr>\n<td>Vis :.<\/td>\n<td>Vis de r\u00e9glage<\/td>\n<\/tr>\n<tr>\n<td>Poign\u00e9e :.<\/td>\n<td>Chameau et offset<\/td>\n<\/tr>\n<tr>\n<td>Mat\u00e9riau.<\/td>\n<td>HITACHI 314<\/td>\n<\/tr>\n<\/tbody>\n<\/table>\n<p>&nbsp;<\/p>\n","protected":false},"featured_media":1141,"comment_status":"open","ping_status":"closed","template":"","meta":[],"product_brand":[],"product_cat":[301],"product_tag":[358,273,287,334,305,284,286,356,272],"class_list":{"0":"post-2474","1":"product","2":"type-product","3":"status-publish","4":"has-post-thumbnail","6":"product_cat-serie-gaucher","7":"product_tag-ciseaux-fins","8":"product_tag-decoupage","9":"product_tag-gros-trou-de-doigt","10":"product_tag-hitachi314-fr","11":"product_tag-main-gauche","12":"product_tag-mini-ciseaux","13":"product_tag-poignee-camel","14":"product_tag-signataires-de-togiyades","15":"product_tag-togiyascissors-fr","17":"first","18":"instock","19":"taxable","20":"shipping-taxable","21":"purchasable","22":"product-type-variable"},"jetpack_sharing_enabled":true,"_links":{"self":[{"href":"https:\/\/onlineshop.togiya.jp\/fr\/wp-json\/wp\/v2\/product\/2474","targetHints":{"allow":["GET"]}}],"collection":[{"href":"https:\/\/onlineshop.togiya.jp\/fr\/wp-json\/wp\/v2\/product"}],"about":[{"href":"https:\/\/onlineshop.togiya.jp\/fr\/wp-json\/wp\/v2\/types\/product"}],"replies":[{"embeddable":true,"href":"https:\/\/onlineshop.togiya.jp\/fr\/wp-json\/wp\/v2\/comments?post=2474"}],"wp:featuredmedia":[{"embeddable":true,"href":"https:\/\/onlineshop.togiya.jp\/fr\/wp-json\/wp\/v2\/media\/1141"}],"wp:attachment":[{"href":"https:\/\/onlineshop.togiya.jp\/fr\/wp-json\/wp\/v2\/media?parent=2474"}],"wp:term":[{"taxonomy":"product_brand","embeddable":true,"href":"https:\/\/onlineshop.togiya.jp\/fr\/wp-json\/wp\/v2\/product_brand?post=2474"},{"taxonomy":"product_cat","embeddable":true,"href":"https:\/\/onlineshop.togiya.jp\/fr\/wp-json\/wp\/v2\/product_cat?post=2474"},{"taxonomy":"product_tag","embeddable":true,"href":"https:\/\/onlineshop.togiya.jp\/fr\/wp-json\/wp\/v2\/product_tag?post=2474"}],"curies":[{"name":"wp","href":"https:\/\/api.w.org\/{rel}","templated":true}]}}