{"id":2726,"date":"2020-11-19T18:18:41","date_gmt":"2020-11-19T09:18:41","guid":{"rendered":"https:\/\/onlineshop.togiya.jp\/product\/mkt-36\/"},"modified":"2023-05-08T12:41:50","modified_gmt":"2023-05-08T03:41:50","slug":"mkt-36","status":"publish","type":"product","link":"https:\/\/onlineshop.togiya.jp\/fr\/produit\/mkt-36\/","title":{"rendered":"MKT-36."},"content":{"rendered":"<h1>MAXIMUM s\u00e9rie_MKT-36<\/h1>\n<p>par Seiren Hashimoto, l&rsquo;artisan de la s\u00e9rie Classic.<\/p>\n<p>Pr\u00e9cision et stabilit\u00e9 avec une carri\u00e8re de plus de 10 ans, la confection de ses ciseaux est excellente, c&rsquo;est un artisan qui a la passion de la coupe la plus forte.<\/p>\n<p><img data-recalc-dims=\"1\" fetchpriority=\"high\" decoding=\"async\" class=\"alignnone size-medium wp-image-222\" src=\"https:\/\/i0.wp.com\/onlineshop.togiya.jp\/wp-content\/uploads\/2020\/11\/img_1b-1-225x300.jpg?resize=225%2C300\" alt=\"\" width=\"225\" height=\"300\" srcset=\"https:\/\/i0.wp.com\/onlineshop.togiya.jp\/wp-content\/uploads\/2020\/11\/img_1b-1.jpg?resize=225%2C300&amp;ssl=1 225w, https:\/\/i0.wp.com\/onlineshop.togiya.jp\/wp-content\/uploads\/2020\/11\/img_1b-1.jpg?w=300&amp;ssl=1 300w\" sizes=\"(max-width: 225px) 100vw, 225px\" \/><\/p>\n<h1><\/h1>\n","protected":false},"excerpt":{"rendered":"<table class=\"table\">\n<tbody>\n<tr>\n<td>Num\u00e9ro de mod\u00e8le<\/td>\n<td>MKT-36.<\/td>\n<\/tr>\n<tr>\n<td>Taille :.<\/td>\n<td>6.0 in.<\/td>\n<\/tr>\n<tr>\n<td>lame :.<\/td>\n<td>36 dents avec une rainure<\/td>\n<\/tr>\n<tr>\n<td>Vis :.<\/td>\n<td>Vis de cadran<\/td>\n<\/tr>\n<tr>\n<td>Poign\u00e9e :.<\/td>\n<td>D\u00e9calage<\/td>\n<\/tr>\n<tr>\n<td>Mat\u00e9riau.<\/td>\n<td>V Gold No. 1<\/td>\n<\/tr>\n<\/tbody>\n<\/table>\n","protected":false},"featured_media":1106,"comment_status":"open","ping_status":"closed","template":"","meta":[],"product_brand":[],"product_cat":[379],"product_tag":[344,326,272,324],"class_list":{"0":"post-2726","1":"product","2":"type-product","3":"status-publish","4":"has-post-thumbnail","6":"product_cat-serie-maximale","7":"product_tag-eclaircissement","8":"product_tag-togiyamaximum-fr","9":"product_tag-togiyascissors-fr","10":"product_tag-v-1-fr","12":"first","13":"instock","14":"taxable","15":"shipping-taxable","16":"purchasable","17":"product-type-simple"},"jetpack_sharing_enabled":true,"_links":{"self":[{"href":"https:\/\/onlineshop.togiya.jp\/fr\/wp-json\/wp\/v2\/product\/2726","targetHints":{"allow":["GET"]}}],"collection":[{"href":"https:\/\/onlineshop.togiya.jp\/fr\/wp-json\/wp\/v2\/product"}],"about":[{"href":"https:\/\/onlineshop.togiya.jp\/fr\/wp-json\/wp\/v2\/types\/product"}],"replies":[{"embeddable":true,"href":"https:\/\/onlineshop.togiya.jp\/fr\/wp-json\/wp\/v2\/comments?post=2726"}],"wp:featuredmedia":[{"embeddable":true,"href":"https:\/\/onlineshop.togiya.jp\/fr\/wp-json\/wp\/v2\/media\/1106"}],"wp:attachment":[{"href":"https:\/\/onlineshop.togiya.jp\/fr\/wp-json\/wp\/v2\/media?parent=2726"}],"wp:term":[{"taxonomy":"product_brand","embeddable":true,"href":"https:\/\/onlineshop.togiya.jp\/fr\/wp-json\/wp\/v2\/product_brand?post=2726"},{"taxonomy":"product_cat","embeddable":true,"href":"https:\/\/onlineshop.togiya.jp\/fr\/wp-json\/wp\/v2\/product_cat?post=2726"},{"taxonomy":"product_tag","embeddable":true,"href":"https:\/\/onlineshop.togiya.jp\/fr\/wp-json\/wp\/v2\/product_tag?post=2726"}],"curies":[{"name":"wp","href":"https:\/\/api.w.org\/{rel}","templated":true}]}}