{"id":2730,"date":"2020-11-20T16:01:27","date_gmt":"2020-11-20T07:01:27","guid":{"rendered":"https:\/\/onlineshop.togiya.jp\/product\/dso-50-dso-55-dso-60\/"},"modified":"2023-05-08T12:41:51","modified_gmt":"2023-05-08T03:41:51","slug":"dso-50-dso-55-dso-60","status":"publish","type":"product","link":"https:\/\/onlineshop.togiya.jp\/fr\/produit\/dso-50-dso-55-dso-60\/","title":{"rendered":"DSO-50 DSO-55 DSO-60"},"content":{"rendered":"<h1>DESIGNERS series_DSO-50 DSO-55 DSO-60<\/h1>\n<p>Par Teruo Hattori, l&rsquo;artisan de la s\u00e9rie Designers.<\/p>\n<p>Si vous esp\u00e9riez les \u00ab\u00a0ciseaux \u00e0 belle dignit\u00e9\u00a0\u00bb, il serait pr\u00e9f\u00e9rable de l&rsquo;y rencontrer. La technologie comme l&rsquo;\u0153uvre d&rsquo;art supr\u00eame peut \u00eatre r\u00e9alis\u00e9e avec une paire de ciseaux. C&rsquo;est l&rsquo;un des rares artisans.<\/p>\n<p><img data-recalc-dims=\"1\" fetchpriority=\"high\" decoding=\"async\" class=\"alignnone size-medium wp-image-278\" src=\"https:\/\/i0.wp.com\/onlineshop.togiya.jp\/wp-content\/uploads\/2020\/11\/img_1b-3-225x300.jpg?resize=225%2C300\" alt=\"\" width=\"225\" height=\"300\" srcset=\"https:\/\/i0.wp.com\/onlineshop.togiya.jp\/wp-content\/uploads\/2020\/11\/img_1b-3.jpg?resize=225%2C300&amp;ssl=1 225w, https:\/\/i0.wp.com\/onlineshop.togiya.jp\/wp-content\/uploads\/2020\/11\/img_1b-3.jpg?w=300&amp;ssl=1 300w\" sizes=\"(max-width: 225px) 100vw, 225px\" \/><\/p>\n","protected":false},"excerpt":{"rendered":"<table class=\"table\">\n<tbody>\n<tr>\n<td>Num\u00e9ro de mod\u00e8le<\/td>\n<td>DSO-50 DSO-55 DSO-60<\/td>\n<\/tr>\n<tr>\n<td>Taille :.<\/td>\n<td>5.0&Prime;\/5.5&Prime;\/6.0&Prime; pouces<\/td>\n<\/tr>\n<tr>\n<td>Lame :.<\/td>\n<td>Convexe<\/td>\n<\/tr>\n<tr>\n<td>Vis :.<\/td>\n<td>Vis de r\u00e9glage<\/td>\n<\/tr>\n<tr>\n<td>Poign\u00e9e :.<\/td>\n<td>D\u00e9calage<\/td>\n<\/tr>\n<tr>\n<td>Mat\u00e9riau.<\/td>\n<td>HITACHI 314<\/td>\n<\/tr>\n<\/tbody>\n<\/table>\n","protected":false},"featured_media":1156,"comment_status":"open","ping_status":"closed","template":"","meta":[],"product_brand":[],"product_cat":[372],"product_tag":[358,273,287,334,284,356,272],"class_list":{"0":"post-2730","1":"product","2":"type-product","3":"status-publish","4":"has-post-thumbnail","6":"product_cat-serie-designers-fr","7":"product_tag-ciseaux-fins","8":"product_tag-decoupage","9":"product_tag-gros-trou-de-doigt","10":"product_tag-hitachi314-fr","11":"product_tag-mini-ciseaux","12":"product_tag-signataires-de-togiyades","13":"product_tag-togiyascissors-fr","15":"first","16":"instock","17":"taxable","18":"shipping-taxable","19":"purchasable","20":"product-type-variable"},"jetpack_sharing_enabled":true,"_links":{"self":[{"href":"https:\/\/onlineshop.togiya.jp\/fr\/wp-json\/wp\/v2\/product\/2730","targetHints":{"allow":["GET"]}}],"collection":[{"href":"https:\/\/onlineshop.togiya.jp\/fr\/wp-json\/wp\/v2\/product"}],"about":[{"href":"https:\/\/onlineshop.togiya.jp\/fr\/wp-json\/wp\/v2\/types\/product"}],"replies":[{"embeddable":true,"href":"https:\/\/onlineshop.togiya.jp\/fr\/wp-json\/wp\/v2\/comments?post=2730"}],"wp:featuredmedia":[{"embeddable":true,"href":"https:\/\/onlineshop.togiya.jp\/fr\/wp-json\/wp\/v2\/media\/1156"}],"wp:attachment":[{"href":"https:\/\/onlineshop.togiya.jp\/fr\/wp-json\/wp\/v2\/media?parent=2730"}],"wp:term":[{"taxonomy":"product_brand","embeddable":true,"href":"https:\/\/onlineshop.togiya.jp\/fr\/wp-json\/wp\/v2\/product_brand?post=2730"},{"taxonomy":"product_cat","embeddable":true,"href":"https:\/\/onlineshop.togiya.jp\/fr\/wp-json\/wp\/v2\/product_cat?post=2730"},{"taxonomy":"product_tag","embeddable":true,"href":"https:\/\/onlineshop.togiya.jp\/fr\/wp-json\/wp\/v2\/product_tag?post=2730"}],"curies":[{"name":"wp","href":"https:\/\/api.w.org\/{rel}","templated":true}]}}