{"id":2795,"date":"2020-11-20T14:27:21","date_gmt":"2020-11-20T05:27:21","guid":{"rendered":"https:\/\/onlineshop.togiya.jp\/product\/pcp-55-pcp-60-pcp-65-pcp-70\/"},"modified":"2023-05-08T12:41:53","modified_gmt":"2023-05-08T03:41:53","slug":"pcp-55-pcp-60-pcp-65-pcp-70","status":"publish","type":"product","link":"https:\/\/onlineshop.togiya.jp\/fr\/produit\/pcp-55-pcp-60-pcp-65-pcp-70\/","title":{"rendered":"PCP-55 PCP-60 PCP-65 PCP-70"},"content":{"rendered":"<h1>S\u00e9rie PROFESSIONNELLE_PCP-55 PCP-60 PCP-65 PCP-70<\/h1>\n<p>par Haruo Mizuno qui est l&rsquo;artisan de la s\u00e9rie professionnelle.<\/p>\n<p>Carri\u00e8re de plus de 20 ans. Regarde parfaitement tous les ciseaux. L&rsquo;artisan des ciseaux au Japon, qui est actuellement en activit\u00e9, est assur\u00e9ment l&rsquo;un des artisans les plus r\u00e9put\u00e9s. Nous savons que les plus grands coiffeurs du monde ont sp\u00e9cifi\u00e9 leurs ciseaux. Il est digne d&rsquo;\u00eatre appel\u00e9 le \u00ab\u00a0g\u00e9nie\u00a0\u00bb des artisans juste des ciseaux.<\/p>\n<p><img data-recalc-dims=\"1\" fetchpriority=\"high\" decoding=\"async\" class=\"alignnone size-medium wp-image-267\" src=\"https:\/\/i0.wp.com\/onlineshop.togiya.jp\/wp-content\/uploads\/2020\/11\/img_1b-2-300x225.jpg?resize=300%2C225\" alt=\"\" width=\"300\" height=\"225\" srcset=\"https:\/\/i0.wp.com\/onlineshop.togiya.jp\/wp-content\/uploads\/2020\/11\/img_1b-2.jpg?resize=300%2C225&amp;ssl=1 300w, https:\/\/i0.wp.com\/onlineshop.togiya.jp\/wp-content\/uploads\/2020\/11\/img_1b-2.jpg?resize=324%2C243&amp;ssl=1 324w, https:\/\/i0.wp.com\/onlineshop.togiya.jp\/wp-content\/uploads\/2020\/11\/img_1b-2.jpg?resize=416%2C312&amp;ssl=1 416w, https:\/\/i0.wp.com\/onlineshop.togiya.jp\/wp-content\/uploads\/2020\/11\/img_1b-2.jpg?w=533&amp;ssl=1 533w\" sizes=\"(max-width: 300px) 100vw, 300px\" \/><\/p>\n","protected":false},"excerpt":{"rendered":"<table class=\"table\">\n<tbody>\n<tr>\n<td>Num\u00e9ro de mod\u00e8le<\/td>\n<td>PCP-55 PCP-60 PCP-65 PCP-70<\/td>\n<\/tr>\n<tr>\n<td>Taille :.<\/td>\n<td>5.5&Prime;\/6.0&Prime;\/6.5&Prime;\/7.0 pouces<\/td>\n<\/tr>\n<tr>\n<td>Lame :.<\/td>\n<td>Convexe<\/td>\n<\/tr>\n<tr>\n<td>Vis :.<\/td>\n<td>Vis de r\u00e9glage<\/td>\n<\/tr>\n<tr>\n<td>Poign\u00e9e :.<\/td>\n<td>D\u00e9calage<\/td>\n<\/tr>\n<tr>\n<td>Mat\u00e9riau.<\/td>\n<td>HITACHI 314<\/td>\n<\/tr>\n<\/tbody>\n<\/table>\n","protected":false},"featured_media":1126,"comment_status":"open","ping_status":"closed","template":"","meta":[],"product_brand":[],"product_cat":[408],"product_tag":[277,273,334,335,272],"class_list":{"0":"post-2795","1":"product","2":"type-product","3":"status-publish","4":"has-post-thumbnail","6":"product_cat-serie-professionnelle","7":"product_tag-ciseaux-longs","8":"product_tag-decoupage","9":"product_tag-hitachi314-fr","10":"product_tag-togiyaprofessionnel","11":"product_tag-togiyascissors-fr","13":"first","14":"instock","15":"taxable","16":"shipping-taxable","17":"purchasable","18":"product-type-variable","19":"has-default-attributes"},"jetpack_sharing_enabled":true,"_links":{"self":[{"href":"https:\/\/onlineshop.togiya.jp\/fr\/wp-json\/wp\/v2\/product\/2795","targetHints":{"allow":["GET"]}}],"collection":[{"href":"https:\/\/onlineshop.togiya.jp\/fr\/wp-json\/wp\/v2\/product"}],"about":[{"href":"https:\/\/onlineshop.togiya.jp\/fr\/wp-json\/wp\/v2\/types\/product"}],"replies":[{"embeddable":true,"href":"https:\/\/onlineshop.togiya.jp\/fr\/wp-json\/wp\/v2\/comments?post=2795"}],"wp:featuredmedia":[{"embeddable":true,"href":"https:\/\/onlineshop.togiya.jp\/fr\/wp-json\/wp\/v2\/media\/1126"}],"wp:attachment":[{"href":"https:\/\/onlineshop.togiya.jp\/fr\/wp-json\/wp\/v2\/media?parent=2795"}],"wp:term":[{"taxonomy":"product_brand","embeddable":true,"href":"https:\/\/onlineshop.togiya.jp\/fr\/wp-json\/wp\/v2\/product_brand?post=2795"},{"taxonomy":"product_cat","embeddable":true,"href":"https:\/\/onlineshop.togiya.jp\/fr\/wp-json\/wp\/v2\/product_cat?post=2795"},{"taxonomy":"product_tag","embeddable":true,"href":"https:\/\/onlineshop.togiya.jp\/fr\/wp-json\/wp\/v2\/product_tag?post=2795"}],"curies":[{"name":"wp","href":"https:\/\/api.w.org\/{rel}","templated":true}]}}