{"id":2841,"date":"2020-11-19T18:14:37","date_gmt":"2020-11-19T09:14:37","guid":{"rendered":"https:\/\/onlineshop.togiya.jp\/product\/mhs-55-mhs-60\/"},"modified":"2023-05-08T12:41:54","modified_gmt":"2023-05-08T03:41:54","slug":"mhs-55-mhs-60","status":"publish","type":"product","link":"https:\/\/onlineshop.togiya.jp\/fr\/produit\/mhs-55-mhs-60\/","title":{"rendered":"MHS-55 MHS-60"},"content":{"rendered":"<h1>MAXIMUM s\u00e9rie_MHS-55 MHS-60<\/h1>\n<p>par Tomoo Yasuda qui est l&rsquo;artisan de la s\u00e9rie Maximum.<\/p>\n<p>Connaissance approfondie du mat\u00e9riau des ciseaux, son aff\u00fbtage pouvant r\u00e9pondre \u00e0 une vari\u00e9t\u00e9 de travaux de coupe des clients. Il est soutenu par de nombreux coiffeurs, les ciseaux qu&rsquo;il produit, il y a eu une pr\u00e9sence charismatique des ciseaux artisanaux.<\/p>\n<p><img data-recalc-dims=\"1\" fetchpriority=\"high\" decoding=\"async\" class=\"alignnone size-medium wp-image-222\" src=\"https:\/\/i0.wp.com\/onlineshop.togiya.jp\/wp-content\/uploads\/2020\/11\/img_1b-1-225x300.jpg?resize=225%2C300\" alt=\"\" width=\"225\" height=\"300\" srcset=\"https:\/\/i0.wp.com\/onlineshop.togiya.jp\/wp-content\/uploads\/2020\/11\/img_1b-1.jpg?resize=225%2C300&amp;ssl=1 225w, https:\/\/i0.wp.com\/onlineshop.togiya.jp\/wp-content\/uploads\/2020\/11\/img_1b-1.jpg?w=300&amp;ssl=1 300w\" sizes=\"(max-width: 225px) 100vw, 225px\" \/><\/p>\n<h1><\/h1>\n","protected":false},"excerpt":{"rendered":"<table class=\"table\">\n<tbody>\n<tr>\n<td>Num\u00e9ro de mod\u00e8le<\/td>\n<td>MHS-55 MHS-60<\/td>\n<\/tr>\n<tr>\n<td>Taille :.<\/td>\n<td>5.5&Prime;\/6.0&Prime; pouces<\/td>\n<\/tr>\n<tr>\n<td>Lame :.<\/td>\n<td>L&rsquo;\u00e9p\u00e9e.<\/td>\n<\/tr>\n<tr>\n<td>Vis :.<\/td>\n<td>Vis de cadran<\/td>\n<\/tr>\n<tr>\n<td>Poign\u00e9e :.<\/td>\n<td>Offset et Hennessy<\/td>\n<\/tr>\n<tr>\n<td>Mat\u00e9riau.<\/td>\n<td>Gold V No. 1<\/td>\n<\/tr>\n<\/tbody>\n<\/table>\n","protected":false},"featured_media":1081,"comment_status":"open","ping_status":"closed","template":"","meta":[],"product_brand":[],"product_cat":[379],"product_tag":[349,273,325,414,326,272,324],"class_list":{"0":"post-2841","1":"product","2":"type-product","3":"status-publish","4":"has-post-thumbnail","6":"product_cat-serie-maximale","7":"product_tag-debutants","8":"product_tag-decoupage","9":"product_tag-lame-depee","10":"product_tag-poignee-hennessy","11":"product_tag-togiyamaximum-fr","12":"product_tag-togiyascissors-fr","13":"product_tag-v-1-fr","15":"first","16":"instock","17":"taxable","18":"shipping-taxable","19":"purchasable","20":"product-type-variable"},"jetpack_sharing_enabled":true,"_links":{"self":[{"href":"https:\/\/onlineshop.togiya.jp\/fr\/wp-json\/wp\/v2\/product\/2841","targetHints":{"allow":["GET"]}}],"collection":[{"href":"https:\/\/onlineshop.togiya.jp\/fr\/wp-json\/wp\/v2\/product"}],"about":[{"href":"https:\/\/onlineshop.togiya.jp\/fr\/wp-json\/wp\/v2\/types\/product"}],"replies":[{"embeddable":true,"href":"https:\/\/onlineshop.togiya.jp\/fr\/wp-json\/wp\/v2\/comments?post=2841"}],"wp:featuredmedia":[{"embeddable":true,"href":"https:\/\/onlineshop.togiya.jp\/fr\/wp-json\/wp\/v2\/media\/1081"}],"wp:attachment":[{"href":"https:\/\/onlineshop.togiya.jp\/fr\/wp-json\/wp\/v2\/media?parent=2841"}],"wp:term":[{"taxonomy":"product_brand","embeddable":true,"href":"https:\/\/onlineshop.togiya.jp\/fr\/wp-json\/wp\/v2\/product_brand?post=2841"},{"taxonomy":"product_cat","embeddable":true,"href":"https:\/\/onlineshop.togiya.jp\/fr\/wp-json\/wp\/v2\/product_cat?post=2841"},{"taxonomy":"product_tag","embeddable":true,"href":"https:\/\/onlineshop.togiya.jp\/fr\/wp-json\/wp\/v2\/product_tag?post=2841"}],"curies":[{"name":"wp","href":"https:\/\/api.w.org\/{rel}","templated":true}]}}