{"id":2852,"date":"2020-11-20T14:36:09","date_gmt":"2020-11-20T05:36:09","guid":{"rendered":"https:\/\/onlineshop.togiya.jp\/product\/papillon-55-papillon-60\/"},"modified":"2023-05-24T11:39:23","modified_gmt":"2023-05-24T02:39:23","slug":"papillon","status":"publish","type":"product","link":"https:\/\/onlineshop.togiya.jp\/fr\/produit\/papillon\/","title":{"rendered":"Papillon-55 Papillon-60"},"content":{"rendered":"<h1>S\u00e9rie PROFESSIONNELLE_Papillon-55 Papillon-60<\/h1>\n<p>par Haruo Mizuno qui est l&rsquo;artisan de la s\u00e9rie professionnelle.<\/p>\n<p>Carri\u00e8re de plus de 20 ans. Regarde parfaitement tous les ciseaux. L&rsquo;artisan des ciseaux au Japon, qui est actuellement en activit\u00e9, est assur\u00e9ment l&rsquo;un des artisans les plus r\u00e9put\u00e9s. Nous savons que les plus grands coiffeurs du monde ont sp\u00e9cifi\u00e9 leurs ciseaux. Il est digne d&rsquo;\u00eatre appel\u00e9 le \u00ab\u00a0g\u00e9nie\u00a0\u00bb des artisans juste des ciseaux.<\/p>\n<p><img data-recalc-dims=\"1\" fetchpriority=\"high\" decoding=\"async\" class=\"alignnone size-medium wp-image-267\" src=\"https:\/\/i0.wp.com\/onlineshop.togiya.jp\/wp-content\/uploads\/2020\/11\/img_1b-2-300x225.jpg?resize=300%2C225\" alt=\"\" width=\"300\" height=\"225\" srcset=\"https:\/\/i0.wp.com\/onlineshop.togiya.jp\/wp-content\/uploads\/2020\/11\/img_1b-2.jpg?resize=300%2C225&amp;ssl=1 300w, https:\/\/i0.wp.com\/onlineshop.togiya.jp\/wp-content\/uploads\/2020\/11\/img_1b-2.jpg?resize=324%2C243&amp;ssl=1 324w, https:\/\/i0.wp.com\/onlineshop.togiya.jp\/wp-content\/uploads\/2020\/11\/img_1b-2.jpg?resize=416%2C312&amp;ssl=1 416w, https:\/\/i0.wp.com\/onlineshop.togiya.jp\/wp-content\/uploads\/2020\/11\/img_1b-2.jpg?w=533&amp;ssl=1 533w\" sizes=\"(max-width: 300px) 100vw, 300px\" \/><\/p>\n","protected":false},"excerpt":{"rendered":"<table class=\"table\">\n<tbody>\n<tr>\n<td>Num\u00e9ro de mod\u00e8le<\/td>\n<td>Papillon-55 Papillon-60<\/td>\n<\/tr>\n<tr>\n<td>Taille :.<\/td>\n<td>5.5&Prime;\/6.0&Prime; pouces<\/td>\n<\/tr>\n<tr>\n<td>Lame :.<\/td>\n<td>Cale<\/td>\n<\/tr>\n<tr>\n<td>Vis :.<\/td>\n<td>Vis de cadran<\/td>\n<\/tr>\n<tr>\n<td>Poign\u00e9e :.<\/td>\n<td>3D anamorphique.<\/td>\n<\/tr>\n<tr>\n<td>Mat\u00e9riau.<\/td>\n<td>Hybride de Damas<\/td>\n<\/tr>\n<\/tbody>\n<\/table>\n","protected":false},"featured_media":1116,"comment_status":"open","ping_status":"closed","template":"","meta":[],"product_brand":[],"product_cat":[408],"product_tag":[353,273,416,415,283,335,272],"class_list":{"0":"post-2852","1":"product","2":"type-product","3":"status-publish","4":"has-post-thumbnail","6":"product_cat-serie-professionnelle","7":"product_tag-acier-damas","8":"product_tag-decoupage","9":"product_tag-grade-eleve","10":"product_tag-lame-cuneiforme","11":"product_tag-poignee-3d","12":"product_tag-togiyaprofessionnel","13":"product_tag-togiyascissors-fr","15":"first","16":"instock","17":"featured","18":"taxable","19":"shipping-taxable","20":"purchasable","21":"product-type-variable","22":"has-default-attributes"},"jetpack_sharing_enabled":true,"_links":{"self":[{"href":"https:\/\/onlineshop.togiya.jp\/fr\/wp-json\/wp\/v2\/product\/2852","targetHints":{"allow":["GET"]}}],"collection":[{"href":"https:\/\/onlineshop.togiya.jp\/fr\/wp-json\/wp\/v2\/product"}],"about":[{"href":"https:\/\/onlineshop.togiya.jp\/fr\/wp-json\/wp\/v2\/types\/product"}],"replies":[{"embeddable":true,"href":"https:\/\/onlineshop.togiya.jp\/fr\/wp-json\/wp\/v2\/comments?post=2852"}],"wp:featuredmedia":[{"embeddable":true,"href":"https:\/\/onlineshop.togiya.jp\/fr\/wp-json\/wp\/v2\/media\/1116"}],"wp:attachment":[{"href":"https:\/\/onlineshop.togiya.jp\/fr\/wp-json\/wp\/v2\/media?parent=2852"}],"wp:term":[{"taxonomy":"product_brand","embeddable":true,"href":"https:\/\/onlineshop.togiya.jp\/fr\/wp-json\/wp\/v2\/product_brand?post=2852"},{"taxonomy":"product_cat","embeddable":true,"href":"https:\/\/onlineshop.togiya.jp\/fr\/wp-json\/wp\/v2\/product_cat?post=2852"},{"taxonomy":"product_tag","embeddable":true,"href":"https:\/\/onlineshop.togiya.jp\/fr\/wp-json\/wp\/v2\/product_tag?post=2852"}],"curies":[{"name":"wp","href":"https:\/\/api.w.org\/{rel}","templated":true}]}}