{"id":2868,"date":"2020-11-20T14:44:25","date_gmt":"2020-11-20T05:44:25","guid":{"rendered":"https:\/\/onlineshop.togiya.jp\/product\/dco-50-dco-55-dco-60-dc0-50lefty-dco-55lefty-dco-60lefty\/"},"modified":"2023-05-24T15:42:08","modified_gmt":"2023-05-24T06:42:08","slug":"dco","status":"publish","type":"product","link":"https:\/\/onlineshop.togiya.jp\/fr\/produit\/dco\/","title":{"rendered":"DCO-50 DCO-55 DCO-60 DC0-50LEFTY DCO-55LEFTY DCO-60LEFTY"},"content":{"rendered":"<h1>S\u00e9rie DESIGNERS_DCO-50 DCO-55 DCO-60 DC0-50LEFTY DCO-55LEFTY DCO-60LEFTY<\/h1>\n<p>par Teruo Hattori qui est l&rsquo;artisan de la s\u00e9rie Designers. Si vous esp\u00e9rez les \u00ab\u00a0ciseaux \u00e0 la belle dignit\u00e9\u00a0\u00bb, le mieux serait de le rencontrer sur place. La technologie ainsi que l&rsquo;\u0153uvre d&rsquo;art supr\u00eame peuvent \u00eatre r\u00e9alis\u00e9es sous la forme d&rsquo;une paire de ciseaux. Il est l&rsquo;un des rares artisans.<\/p>\n<p><img data-recalc-dims=\"1\" fetchpriority=\"high\" decoding=\"async\" class=\"alignnone size-medium wp-image-278\" src=\"https:\/\/i0.wp.com\/onlineshop.togiya.jp\/wp-content\/uploads\/2020\/11\/img_1b-3-225x300.jpg?resize=225%2C300\" alt=\"\" width=\"225\" height=\"300\" srcset=\"https:\/\/i0.wp.com\/onlineshop.togiya.jp\/wp-content\/uploads\/2020\/11\/img_1b-3.jpg?resize=225%2C300&amp;ssl=1 225w, https:\/\/i0.wp.com\/onlineshop.togiya.jp\/wp-content\/uploads\/2020\/11\/img_1b-3.jpg?w=300&amp;ssl=1 300w\" sizes=\"(max-width: 225px) 100vw, 225px\" \/><\/p>\n","protected":false},"excerpt":{"rendered":"<table class=\"table\">\n<tbody>\n<tr>\n<td>Num\u00e9ro de mod\u00e8le<\/td>\n<td>DCO-50 DCO-55 DCO-60 DCO-50LEFTY DCO-55LEFTY DCO-60LEFTY<\/td>\n<\/tr>\n<tr>\n<td>Taille :.<\/td>\n<td>5.0&Prime;\/5.5&Prime;\/6.0&Prime; pouces<\/td>\n<\/tr>\n<tr>\n<td>Lame :.<\/td>\n<td>Convexe<\/td>\n<\/tr>\n<tr>\n<td>Vis :.<\/td>\n<td>Vis de r\u00e9glage<\/td>\n<\/tr>\n<tr>\n<td>Poign\u00e9e :.<\/td>\n<td>Chameau et offset<\/td>\n<\/tr>\n<tr>\n<td>Mat\u00e9riau.<\/td>\n<td>HITACHI 314<\/td>\n<\/tr>\n<\/tbody>\n<\/table>\n<p>&nbsp;<\/p>\n","protected":false},"featured_media":1136,"comment_status":"open","ping_status":"closed","template":"","meta":[],"product_brand":[],"product_cat":[372],"product_tag":[358,273,287,334,305,284,286,356,272],"class_list":{"0":"post-2868","1":"product","2":"type-product","3":"status-publish","4":"has-post-thumbnail","6":"product_cat-serie-designers-fr","7":"product_tag-ciseaux-fins","8":"product_tag-decoupage","9":"product_tag-gros-trou-de-doigt","10":"product_tag-hitachi314-fr","11":"product_tag-main-gauche","12":"product_tag-mini-ciseaux","13":"product_tag-poignee-camel","14":"product_tag-signataires-de-togiyades","15":"product_tag-togiyascissors-fr","17":"first","18":"instock","19":"taxable","20":"shipping-taxable","21":"purchasable","22":"product-type-variable"},"jetpack_sharing_enabled":true,"_links":{"self":[{"href":"https:\/\/onlineshop.togiya.jp\/fr\/wp-json\/wp\/v2\/product\/2868","targetHints":{"allow":["GET"]}}],"collection":[{"href":"https:\/\/onlineshop.togiya.jp\/fr\/wp-json\/wp\/v2\/product"}],"about":[{"href":"https:\/\/onlineshop.togiya.jp\/fr\/wp-json\/wp\/v2\/types\/product"}],"replies":[{"embeddable":true,"href":"https:\/\/onlineshop.togiya.jp\/fr\/wp-json\/wp\/v2\/comments?post=2868"}],"wp:featuredmedia":[{"embeddable":true,"href":"https:\/\/onlineshop.togiya.jp\/fr\/wp-json\/wp\/v2\/media\/1136"}],"wp:attachment":[{"href":"https:\/\/onlineshop.togiya.jp\/fr\/wp-json\/wp\/v2\/media?parent=2868"}],"wp:term":[{"taxonomy":"product_brand","embeddable":true,"href":"https:\/\/onlineshop.togiya.jp\/fr\/wp-json\/wp\/v2\/product_brand?post=2868"},{"taxonomy":"product_cat","embeddable":true,"href":"https:\/\/onlineshop.togiya.jp\/fr\/wp-json\/wp\/v2\/product_cat?post=2868"},{"taxonomy":"product_tag","embeddable":true,"href":"https:\/\/onlineshop.togiya.jp\/fr\/wp-json\/wp\/v2\/product_tag?post=2868"}],"curies":[{"name":"wp","href":"https:\/\/api.w.org\/{rel}","templated":true}]}}