{"id":2893,"date":"2020-11-18T22:49:12","date_gmt":"2020-11-18T13:49:12","guid":{"rendered":"https:\/\/onlineshop.togiya.jp\/product\/gmt-30s-gmt-38s-gmt-38sb\/"},"modified":"2023-05-08T12:44:07","modified_gmt":"2023-05-08T03:44:07","slug":"gmt-30s-gmt-38s-gmt-38sb","status":"publish","type":"product","link":"https:\/\/onlineshop.togiya.jp\/fr\/produit\/gmt-30s-gmt-38s-gmt-38sb\/","title":{"rendered":"GMT-30S GMT-38S GMT-38SB"},"content":{"rendered":"<h1>S\u00e9rie GLOBAL_GMT-30S GMT-38S GMT-38SB<\/h1>\n<p><span class=\"info\">Par Shinichi Naito qui est l&rsquo;artisan de la s\u00e9rie Global.<\/span><\/p>\n<p>Il a rejoint TOGIYA il y a seulement 3 ans, son c\u0153ur pour la poursuite de la technologie est sup\u00e9rieur, il soutiendra les ciseaux de TOGIYA dans la technologie \u00e0 l&rsquo;avenir. Ce sont les ing\u00e9nieurs qui sont les plus prometteurs chez les jeunes.<\/p>\n<p><img data-recalc-dims=\"1\" fetchpriority=\"high\" decoding=\"async\" class=\"alignnone size-medium wp-image-128\" src=\"https:\/\/i0.wp.com\/onlineshop.togiya.jp\/wp-content\/uploads\/2020\/11\/global-Shinichi-Naito-225x300.jpg?resize=225%2C300\" alt=\"\" width=\"225\" height=\"300\" srcset=\"https:\/\/i0.wp.com\/onlineshop.togiya.jp\/wp-content\/uploads\/2020\/11\/global-Shinichi-Naito-scaled.jpg?resize=225%2C300&amp;ssl=1 225w, https:\/\/i0.wp.com\/onlineshop.togiya.jp\/wp-content\/uploads\/2020\/11\/global-Shinichi-Naito-scaled.jpg?resize=324%2C432&amp;ssl=1 324w, https:\/\/i0.wp.com\/onlineshop.togiya.jp\/wp-content\/uploads\/2020\/11\/global-Shinichi-Naito-scaled.jpg?resize=416%2C555&amp;ssl=1 416w, https:\/\/i0.wp.com\/onlineshop.togiya.jp\/wp-content\/uploads\/2020\/11\/global-Shinichi-Naito-scaled.jpg?resize=768%2C1024&amp;ssl=1 768w, https:\/\/i0.wp.com\/onlineshop.togiya.jp\/wp-content\/uploads\/2020\/11\/global-Shinichi-Naito-scaled.jpg?resize=1152%2C1536&amp;ssl=1 1152w, https:\/\/i0.wp.com\/onlineshop.togiya.jp\/wp-content\/uploads\/2020\/11\/global-Shinichi-Naito-scaled.jpg?resize=1536%2C2048&amp;ssl=1 1536w, https:\/\/i0.wp.com\/onlineshop.togiya.jp\/wp-content\/uploads\/2020\/11\/global-Shinichi-Naito-scaled.jpg?w=1920&amp;ssl=1 1920w\" sizes=\"(max-width: 225px) 100vw, 225px\" \/><\/p>\n<h1><\/h1>\n","protected":false},"excerpt":{"rendered":"<table class=\"table\">\n<tbody>\n<tr>\n<td>Num\u00e9ro de mod\u00e8le<\/td>\n<td>GMT-30S GMT-38S GMT-38SB (Lame mont\u00e9e et descendue)<\/td>\n<\/tr>\n<tr>\n<td>Taille :.<\/td>\n<td>5.5 in.<\/td>\n<\/tr>\n<tr>\n<td>lame :.<\/td>\n<td>30 dents 38 dents avec une rainure<\/td>\n<\/tr>\n<tr>\n<td>Vis :.<\/td>\n<td>Vis d&rsquo;implant<\/td>\n<\/tr>\n<tr>\n<td>Poign\u00e9e :.<\/td>\n<td>tridimensionnel<\/td>\n<\/tr>\n<tr>\n<td>Mat\u00e9riau.<\/td>\n<td>Hitachi 440C<\/td>\n<\/tr>\n<\/tbody>\n<\/table>\n","protected":false},"featured_media":971,"comment_status":"open","ping_status":"closed","template":"","meta":[],"product_brand":[],"product_cat":[430],"product_tag":[349,344,431,282,283,275,272],"class_list":{"0":"post-2893","1":"product","2":"type-product","3":"status-publish","4":"has-post-thumbnail","6":"product_cat-serie-mondiale","7":"product_tag-debutants","8":"product_tag-eclaircissement","9":"product_tag-eclaircissement-a-lenvers","10":"product_tag-hitachi440-fr","11":"product_tag-poignee-3d","12":"product_tag-togiyaglobal-fr","13":"product_tag-togiyascissors-fr","15":"first","16":"instock","17":"featured","18":"taxable","19":"shipping-taxable","20":"purchasable","21":"product-type-variable"},"jetpack_sharing_enabled":true,"_links":{"self":[{"href":"https:\/\/onlineshop.togiya.jp\/fr\/wp-json\/wp\/v2\/product\/2893","targetHints":{"allow":["GET"]}}],"collection":[{"href":"https:\/\/onlineshop.togiya.jp\/fr\/wp-json\/wp\/v2\/product"}],"about":[{"href":"https:\/\/onlineshop.togiya.jp\/fr\/wp-json\/wp\/v2\/types\/product"}],"replies":[{"embeddable":true,"href":"https:\/\/onlineshop.togiya.jp\/fr\/wp-json\/wp\/v2\/comments?post=2893"}],"wp:featuredmedia":[{"embeddable":true,"href":"https:\/\/onlineshop.togiya.jp\/fr\/wp-json\/wp\/v2\/media\/971"}],"wp:attachment":[{"href":"https:\/\/onlineshop.togiya.jp\/fr\/wp-json\/wp\/v2\/media?parent=2893"}],"wp:term":[{"taxonomy":"product_brand","embeddable":true,"href":"https:\/\/onlineshop.togiya.jp\/fr\/wp-json\/wp\/v2\/product_brand?post=2893"},{"taxonomy":"product_cat","embeddable":true,"href":"https:\/\/onlineshop.togiya.jp\/fr\/wp-json\/wp\/v2\/product_cat?post=2893"},{"taxonomy":"product_tag","embeddable":true,"href":"https:\/\/onlineshop.togiya.jp\/fr\/wp-json\/wp\/v2\/product_tag?post=2893"}],"curies":[{"name":"wp","href":"https:\/\/api.w.org\/{rel}","templated":true}]}}