{"id":3254,"date":"2020-11-27T21:27:49","date_gmt":"2020-11-27T12:27:49","guid":{"rendered":"https:\/\/onlineshop.togiya.jp\/product\/code-abc-bar\/"},"modified":"2023-05-23T12:28:53","modified_gmt":"2023-05-23T03:28:53","slug":"abc","status":"publish","type":"product","link":"https:\/\/onlineshop.togiya.jp\/fr\/produit\/abc\/","title":{"rendered":"Code ABC-Bar"},"content":{"rendered":"<h1>ART COLLECTION I series_ABC-Bar Code<\/h1>\n<p>par Shinichi Mori qui est l&rsquo;artisan de la s\u00e9rie Art Collection. Au cours de sa carri\u00e8re de plus de 40 ans, il a construit une paire de ciseaux \u00e0 partir des bases des ciseaux TOGIYA. Il conna\u00eet tous les types de ciseaux et est devenu un professionnel de la finition des ciseaux japonais les plus raffin\u00e9s ; il est \u00e9galement en mesure d&rsquo;\u00e9lever un successeur. Il est un \u00ab\u00a0Dieu\u00a0\u00bb de l&rsquo;industrie japonaise des ciseaux, les gens l&rsquo;appellent \u00ab\u00a0la main de Dieu\u00a0\u00bb pour ses comp\u00e9tences. Une fois que les coiffeurs ont utilis\u00e9 une paire de ciseaux de son cru, ils ne peuvent plus utiliser d&rsquo;autres ciseaux.<\/p>\n<p><img data-recalc-dims=\"1\" fetchpriority=\"high\" decoding=\"async\" class=\"alignnone wp-image-355 size-medium\" src=\"https:\/\/i0.wp.com\/onlineshop.togiya.jp\/wp-content\/uploads\/2020\/11\/img_1b-4-225x300.jpg?resize=225%2C300\" alt=\"\" width=\"225\" height=\"300\" srcset=\"https:\/\/i0.wp.com\/onlineshop.togiya.jp\/wp-content\/uploads\/2020\/11\/img_1b-4.jpg?resize=225%2C300&amp;ssl=1 225w, https:\/\/i0.wp.com\/onlineshop.togiya.jp\/wp-content\/uploads\/2020\/11\/img_1b-4.jpg?w=300&amp;ssl=1 300w\" sizes=\"(max-width: 225px) 100vw, 225px\" \/><\/p>\n","protected":false},"excerpt":{"rendered":"<table class=\"table\">\n<tbody>\n<tr>\n<td>Non.<\/td>\n<td>Code ABC-Bar<\/td>\n<\/tr>\n<tr>\n<td>Taille<\/td>\n<td>6.0 in.<\/td>\n<\/tr>\n<tr>\n<td>Lame<\/td>\n<td>30 dents avec 1 rainure<\/td>\n<\/tr>\n<tr>\n<td>Vis<\/td>\n<td>Vis de r\u00e9glage<\/td>\n<\/tr>\n<tr>\n<td>Poign\u00e9e<\/td>\n<td>D\u00e9calage<\/td>\n<\/tr>\n<tr>\n<td>Mat\u00e9riau<\/td>\n<td>HITACHI 314.<\/td>\n<\/tr>\n<\/tbody>\n<\/table>\n","protected":false},"featured_media":1216,"comment_status":"open","ping_status":"closed","template":"","meta":[],"product_brand":[],"product_cat":[388],"product_tag":[344,334,345,272],"class_list":{"0":"post-3254","1":"product","2":"type-product","3":"status-publish","4":"has-post-thumbnail","6":"product_cat-collection-dart-1-serie","7":"product_tag-eclaircissement","8":"product_tag-hitachi314-fr","9":"product_tag-togiyaart1-fr","10":"product_tag-togiyascissors-fr","12":"first","13":"instock","14":"taxable","15":"shipping-taxable","16":"purchasable","17":"product-type-simple"},"jetpack_sharing_enabled":true,"_links":{"self":[{"href":"https:\/\/onlineshop.togiya.jp\/fr\/wp-json\/wp\/v2\/product\/3254","targetHints":{"allow":["GET"]}}],"collection":[{"href":"https:\/\/onlineshop.togiya.jp\/fr\/wp-json\/wp\/v2\/product"}],"about":[{"href":"https:\/\/onlineshop.togiya.jp\/fr\/wp-json\/wp\/v2\/types\/product"}],"replies":[{"embeddable":true,"href":"https:\/\/onlineshop.togiya.jp\/fr\/wp-json\/wp\/v2\/comments?post=3254"}],"wp:featuredmedia":[{"embeddable":true,"href":"https:\/\/onlineshop.togiya.jp\/fr\/wp-json\/wp\/v2\/media\/1216"}],"wp:attachment":[{"href":"https:\/\/onlineshop.togiya.jp\/fr\/wp-json\/wp\/v2\/media?parent=3254"}],"wp:term":[{"taxonomy":"product_brand","embeddable":true,"href":"https:\/\/onlineshop.togiya.jp\/fr\/wp-json\/wp\/v2\/product_brand?post=3254"},{"taxonomy":"product_cat","embeddable":true,"href":"https:\/\/onlineshop.togiya.jp\/fr\/wp-json\/wp\/v2\/product_cat?post=3254"},{"taxonomy":"product_tag","embeddable":true,"href":"https:\/\/onlineshop.togiya.jp\/fr\/wp-json\/wp\/v2\/product_tag?post=3254"}],"curies":[{"name":"wp","href":"https:\/\/api.w.org\/{rel}","templated":true}]}}