{"id":3261,"date":"2021-02-28T18:44:59","date_gmt":"2021-02-28T09:44:59","guid":{"rendered":"https:\/\/onlineshop.togiya.jp\/product\/atw-55-atw-60-atw-65-atw-70\/"},"modified":"2023-05-08T12:46:38","modified_gmt":"2023-05-08T03:46:38","slug":"atw-55-atw-60-atw-65-atw-70","status":"publish","type":"product","link":"https:\/\/onlineshop.togiya.jp\/fr\/produit\/atw-55-atw-60-atw-65-atw-70\/","title":{"rendered":"ATW-55 ATW-60 ATW-65 ATW-70"},"content":{"rendered":"<h1>ART COLLECTION \u2161 s\u00e9rie_ATW-55 ATW-60 ATW-65 ATW-70<\/h1>\n<p>Par Shinichi Mori qui est l&rsquo;artisan de la s\u00e9rie Art Collection.<\/p>\n<p>Carri\u00e8re de plus de 40 ans, il avait construit une paire de ciseaux \u00e0 partir des bases des ciseaux TOGIYA. Il conna\u00eet tous les ciseaux et est devenu un professionnel de la finition des ciseaux japonais les plus fins, il est \u00e9galement en mesure d&rsquo;\u00e9lever un successeur. Il est un \u00ab\u00a0Dieu\u00a0\u00bb de l&rsquo;industrie japonaise des ciseaux, les gens l&rsquo;appellent \u00ab\u00a0la main de Dieu\u00a0\u00bb. \u00ab\u00a0Ses comp\u00e9tences. Une fois que les coiffeurs ont utilis\u00e9 une paire de ciseaux de sa finition, ils ne peuvent plus utiliser d&rsquo;autres ciseaux.<\/p>\n<p><img data-recalc-dims=\"1\" fetchpriority=\"high\" decoding=\"async\" class=\"alignnone size-medium wp-image-355\" src=\"https:\/\/i0.wp.com\/onlineshop.togiya.jp\/wp-content\/uploads\/2020\/11\/img_1b-4-225x300.jpg?resize=225%2C300\" alt=\"\" width=\"225\" height=\"300\" srcset=\"https:\/\/i0.wp.com\/onlineshop.togiya.jp\/wp-content\/uploads\/2020\/11\/img_1b-4.jpg?resize=225%2C300&amp;ssl=1 225w, https:\/\/i0.wp.com\/onlineshop.togiya.jp\/wp-content\/uploads\/2020\/11\/img_1b-4.jpg?w=300&amp;ssl=1 300w\" sizes=\"(max-width: 225px) 100vw, 225px\" \/><\/p>\n<h1><\/h1>\n","protected":false},"excerpt":{"rendered":"<table class=\"table\">\n<tbody>\n<tr>\n<td>Num\u00e9ro de mod\u00e8le<\/td>\n<td>ATW-55 ATW-60 ATW-65 ATW-70<\/td>\n<\/tr>\n<tr>\n<td>Taille :.<\/td>\n<td>5.5&Prime;\/6.0&Prime;\/6.5&Prime;\/7.0&Prime; pouces<\/td>\n<\/tr>\n<tr>\n<td>Lame :.<\/td>\n<td>Lame d&rsquo;\u00e9p\u00e9e moyenne<\/td>\n<\/tr>\n<tr>\n<td>Vis :.<\/td>\n<td>Vis de r\u00e9glage<\/td>\n<\/tr>\n<tr>\n<td>Poign\u00e9e :.<\/td>\n<td>Chameau et Hennessy<\/td>\n<\/tr>\n<tr>\n<td>Mat\u00e9riau.<\/td>\n<td>HITACHI 314<\/td>\n<\/tr>\n<\/tbody>\n<\/table>\n","protected":false},"featured_media":1566,"comment_status":"open","ping_status":"closed","template":"","meta":[],"product_brand":[],"product_cat":[461],"product_tag":[277,273,416,287,334,354,286,414,309,272],"class_list":{"0":"post-3261","1":"product","2":"type-product","3":"status-publish","4":"has-post-thumbnail","6":"product_cat-serie-art-collection-2","7":"product_tag-ciseaux-longs","8":"product_tag-decoupage","9":"product_tag-grade-eleve","10":"product_tag-gros-trou-de-doigt","11":"product_tag-hitachi314-fr","12":"product_tag-lame-de-feuille-de-bambou","13":"product_tag-poignee-camel","14":"product_tag-poignee-hennessy","15":"product_tag-togiyaart2-fr","16":"product_tag-togiyascissors-fr","18":"first","19":"instock","20":"taxable","21":"shipping-taxable","22":"purchasable","23":"product-type-variable"},"jetpack_sharing_enabled":true,"_links":{"self":[{"href":"https:\/\/onlineshop.togiya.jp\/fr\/wp-json\/wp\/v2\/product\/3261","targetHints":{"allow":["GET"]}}],"collection":[{"href":"https:\/\/onlineshop.togiya.jp\/fr\/wp-json\/wp\/v2\/product"}],"about":[{"href":"https:\/\/onlineshop.togiya.jp\/fr\/wp-json\/wp\/v2\/types\/product"}],"replies":[{"embeddable":true,"href":"https:\/\/onlineshop.togiya.jp\/fr\/wp-json\/wp\/v2\/comments?post=3261"}],"wp:featuredmedia":[{"embeddable":true,"href":"https:\/\/onlineshop.togiya.jp\/fr\/wp-json\/wp\/v2\/media\/1566"}],"wp:attachment":[{"href":"https:\/\/onlineshop.togiya.jp\/fr\/wp-json\/wp\/v2\/media?parent=3261"}],"wp:term":[{"taxonomy":"product_brand","embeddable":true,"href":"https:\/\/onlineshop.togiya.jp\/fr\/wp-json\/wp\/v2\/product_brand?post=3261"},{"taxonomy":"product_cat","embeddable":true,"href":"https:\/\/onlineshop.togiya.jp\/fr\/wp-json\/wp\/v2\/product_cat?post=3261"},{"taxonomy":"product_tag","embeddable":true,"href":"https:\/\/onlineshop.togiya.jp\/fr\/wp-json\/wp\/v2\/product_tag?post=3261"}],"curies":[{"name":"wp","href":"https:\/\/api.w.org\/{rel}","templated":true}]}}