{"id":3870,"date":"2020-11-19T17:08:25","date_gmt":"2020-11-19T08:08:25","guid":{"rendered":"https:\/\/onlineshop.togiya.jp\/product\/cst-38b\/"},"modified":"2020-11-19T17:08:25","modified_gmt":"2020-11-19T08:08:25","slug":"cst","status":"publish","type":"product","link":"https:\/\/onlineshop.togiya.jp\/fr\/produit\/cst\/","title":{"rendered":"CST-38B"},"content":{"rendered":"<h1>S\u00e9rie CLASSIC_SLIM blade_CST-38B<\/h1>\n<p>par Seiren Hashimoto, l&rsquo;artisan de la s\u00e9rie Classic.<\/p>\n<p>Pr\u00e9cision et stabilit\u00e9 avec une carri\u00e8re de plus de 10 ans, la confection de ses ciseaux est excellente, c&rsquo;est un artisan qui a la passion de la coupe la plus forte.<\/p>\n<p><img data-recalc-dims=\"1\" fetchpriority=\"high\" decoding=\"async\" class=\"alignnone size-medium wp-image-189\" src=\"https:\/\/i0.wp.com\/onlineshop.togiya.jp\/wp-content\/uploads\/2020\/11\/img_1b-225x300.jpg?resize=225%2C300\" alt=\"\" width=\"225\" height=\"300\" srcset=\"https:\/\/i0.wp.com\/onlineshop.togiya.jp\/wp-content\/uploads\/2020\/11\/img_1b.jpg?resize=225%2C300&amp;ssl=1 225w, https:\/\/i0.wp.com\/onlineshop.togiya.jp\/wp-content\/uploads\/2020\/11\/img_1b.jpg?w=300&amp;ssl=1 300w\" sizes=\"(max-width: 225px) 100vw, 225px\" \/><\/p>\n<h1><\/h1>\n","protected":false},"excerpt":{"rendered":"<table class=\"table\">\n<tbody>\n<tr>\n<td>Num\u00e9ro de mod\u00e8le<\/td>\n<td>CST-38B<\/td>\n<\/tr>\n<tr>\n<td>Taille :.<\/td>\n<td>5.5 in.<\/td>\n<\/tr>\n<tr>\n<td>lame :.<\/td>\n<td>Haut en bas, 38 dents avec une seule rainure<\/td>\n<\/tr>\n<tr>\n<td>Vis :.<\/td>\n<td>Vis moins<\/td>\n<\/tr>\n<tr>\n<td>Poign\u00e9e :.<\/td>\n<td>Semi-compensation<\/td>\n<\/tr>\n<tr>\n<td>Mat\u00e9riau.<\/td>\n<td>V Gold No. 1<\/td>\n<\/tr>\n<\/tbody>\n<\/table>\n","protected":false},"featured_media":1056,"comment_status":"open","ping_status":"closed","template":"","meta":[],"product_brand":[],"product_cat":[422],"product_tag":[358,349,344,431,287,286,423,272,324],"class_list":{"0":"post-3870","1":"product","2":"type-product","3":"status-publish","4":"has-post-thumbnail","6":"product_cat-serie-classique","7":"product_tag-ciseaux-fins","8":"product_tag-debutants","9":"product_tag-eclaircissement","10":"product_tag-eclaircissement-a-lenvers","11":"product_tag-gros-trou-de-doigt","12":"product_tag-poignee-camel","13":"product_tag-togiyaclassic-fr","14":"product_tag-togiyascissors-fr","15":"product_tag-v-1-fr","17":"first","18":"instock","19":"taxable","20":"shipping-taxable","21":"purchasable","22":"product-type-simple"},"jetpack_sharing_enabled":true,"_links":{"self":[{"href":"https:\/\/onlineshop.togiya.jp\/fr\/wp-json\/wp\/v2\/product\/3870","targetHints":{"allow":["GET"]}}],"collection":[{"href":"https:\/\/onlineshop.togiya.jp\/fr\/wp-json\/wp\/v2\/product"}],"about":[{"href":"https:\/\/onlineshop.togiya.jp\/fr\/wp-json\/wp\/v2\/types\/product"}],"replies":[{"embeddable":true,"href":"https:\/\/onlineshop.togiya.jp\/fr\/wp-json\/wp\/v2\/comments?post=3870"}],"wp:featuredmedia":[{"embeddable":true,"href":"https:\/\/onlineshop.togiya.jp\/fr\/wp-json\/wp\/v2\/media\/1056"}],"wp:attachment":[{"href":"https:\/\/onlineshop.togiya.jp\/fr\/wp-json\/wp\/v2\/media?parent=3870"}],"wp:term":[{"taxonomy":"product_brand","embeddable":true,"href":"https:\/\/onlineshop.togiya.jp\/fr\/wp-json\/wp\/v2\/product_brand?post=3870"},{"taxonomy":"product_cat","embeddable":true,"href":"https:\/\/onlineshop.togiya.jp\/fr\/wp-json\/wp\/v2\/product_cat?post=3870"},{"taxonomy":"product_tag","embeddable":true,"href":"https:\/\/onlineshop.togiya.jp\/fr\/wp-json\/wp\/v2\/product_tag?post=3870"}],"curies":[{"name":"wp","href":"https:\/\/api.w.org\/{rel}","templated":true}]}}