{"id":2724,"date":"2020-11-20T16:13:49","date_gmt":"2020-11-20T07:13:49","guid":{"rendered":"https:\/\/onlineshop.togiya.jp\/product\/dcp-55-dcp-60\/"},"modified":"2023-05-24T15:47:45","modified_gmt":"2023-05-24T06:47:45","slug":"dcp","status":"publish","type":"product","link":"https:\/\/onlineshop.togiya.jp\/it\/prodotto\/dcp\/","title":{"rendered":"DCP-55 DCP-60"},"content":{"rendered":"<h1>DESIGNER serie_DCP-55 DCP-60<\/h1>\n<p>di Teruo Hattori, l&#8217;artigiano che realizza la serie Designers. Se si sperava in una &#8220;forbice con una bella dignit\u00e0&#8221;, sarebbe stato meglio incontrarlo l\u00ec. La tecnologia e l&#8217;opera d&#8217;arte suprema possono essere realizzate come un paio di forbici. \u00c8 uno dei pochi artigiani.<\/p>\n<p><img data-recalc-dims=\"1\" fetchpriority=\"high\" decoding=\"async\" class=\"alignnone size-medium wp-image-278\" src=\"https:\/\/i0.wp.com\/onlineshop.togiya.jp\/wp-content\/uploads\/2020\/11\/img_1b-3-225x300.jpg?resize=225%2C300\" alt=\"\" width=\"225\" height=\"300\" srcset=\"https:\/\/i0.wp.com\/onlineshop.togiya.jp\/wp-content\/uploads\/2020\/11\/img_1b-3.jpg?resize=225%2C300&amp;ssl=1 225w, https:\/\/i0.wp.com\/onlineshop.togiya.jp\/wp-content\/uploads\/2020\/11\/img_1b-3.jpg?w=300&amp;ssl=1 300w\" sizes=\"(max-width: 225px) 100vw, 225px\" \/><\/p>\n","protected":false},"excerpt":{"rendered":"<table class=\"table\">\n<tbody>\n<tr>\n<td>Modello No.<\/td>\n<td>DCP-55 DCP-60<\/td>\n<\/tr>\n<tr>\n<td>Dimensione:.<\/td>\n<td>5,5&#8243;\/6,0&#8243; pollici<\/td>\n<\/tr>\n<tr>\n<td>Lama:.<\/td>\n<td>Convesso<\/td>\n<\/tr>\n<tr>\n<td>Vite:.<\/td>\n<td>Vite di regolazione<\/td>\n<\/tr>\n<tr>\n<td>Maniglia:.<\/td>\n<td>Cammello e Offset<\/td>\n<\/tr>\n<tr>\n<td>Materiale.<\/td>\n<td>HITACHI 314<\/td>\n<\/tr>\n<\/tbody>\n<\/table>\n","protected":false},"featured_media":2600,"comment_status":"open","ping_status":"closed","template":"","meta":[],"product_brand":[],"product_cat":[368],"product_tag":[378,369,375,377,373,371,376],"class_list":{"0":"post-2724","1":"product","2":"type-product","3":"status-publish","4":"has-post-thumbnail","6":"product_cat-serie-designers","7":"product_tag-buco-del-dito-grande","8":"product_tag-forbici-da-togiyascissors","9":"product_tag-hitachi314-it","10":"product_tag-manico-di-cammello","11":"product_tag-maniglia-hennessy","12":"product_tag-taglio","13":"product_tag-togiyadesigners-it","15":"first","16":"instock","17":"taxable","18":"shipping-taxable","19":"purchasable","20":"product-type-variable"},"jetpack_sharing_enabled":true,"_links":{"self":[{"href":"https:\/\/onlineshop.togiya.jp\/it\/wp-json\/wp\/v2\/product\/2724","targetHints":{"allow":["GET"]}}],"collection":[{"href":"https:\/\/onlineshop.togiya.jp\/it\/wp-json\/wp\/v2\/product"}],"about":[{"href":"https:\/\/onlineshop.togiya.jp\/it\/wp-json\/wp\/v2\/types\/product"}],"replies":[{"embeddable":true,"href":"https:\/\/onlineshop.togiya.jp\/it\/wp-json\/wp\/v2\/comments?post=2724"}],"wp:featuredmedia":[{"embeddable":true,"href":"https:\/\/onlineshop.togiya.jp\/it\/wp-json\/wp\/v2\/media\/2600"}],"wp:attachment":[{"href":"https:\/\/onlineshop.togiya.jp\/it\/wp-json\/wp\/v2\/media?parent=2724"}],"wp:term":[{"taxonomy":"product_brand","embeddable":true,"href":"https:\/\/onlineshop.togiya.jp\/it\/wp-json\/wp\/v2\/product_brand?post=2724"},{"taxonomy":"product_cat","embeddable":true,"href":"https:\/\/onlineshop.togiya.jp\/it\/wp-json\/wp\/v2\/product_cat?post=2724"},{"taxonomy":"product_tag","embeddable":true,"href":"https:\/\/onlineshop.togiya.jp\/it\/wp-json\/wp\/v2\/product_tag?post=2724"}],"curies":[{"name":"wp","href":"https:\/\/api.w.org\/{rel}","templated":true}]}}