{"id":2823,"date":"2020-11-20T16:08:49","date_gmt":"2020-11-20T07:08:49","guid":{"rendered":"https:\/\/onlineshop.togiya.jp\/product\/abr-30-abr-sinistro-abr-19\/"},"modified":"2023-05-08T12:41:54","modified_gmt":"2023-05-08T03:41:54","slug":"abr-30-abr-sinistro-abr-19","status":"publish","type":"product","link":"https:\/\/onlineshop.togiya.jp\/it\/prodotto\/abr-30-abr-sinistro-abr-19\/","title":{"rendered":"ABR-30 ABR-SINISTRO ABR-19"},"content":{"rendered":"<h1>COLLEZIONE D&#8217;ARTE I serie_ABR-30 ABR-LEFTY ABR-19<\/h1>\n<p>Di Shinichi Mori, l&#8217;artigiano che realizza la serie Art Collection.<\/p>\n<p>In pi\u00f9 di 40 anni di carriera, aveva costruito un paio di forbici partendo dalle basi delle forbici TOGIYA. E conosce tutte le forbici, ora \u00e8 diventato un professionista finitura forbici migliori giapponesi, \u00e8 anche in grado di sollevare un successore. Egli \u00e8 una tecnologia forbici esistenza &#8220;Dio&#8221; dell&#8217;industria giapponese forbici, le persone sono chiamati &#8220;Dio mano&#8221;. &#8220;Le sue capacit\u00e0. Una volta che l&#8217;acconciatore ha utilizzato un paio di forbici del suo genere, non pu\u00f2 utilizzare altre forbici.<\/p>\n<p><img data-recalc-dims=\"1\" fetchpriority=\"high\" decoding=\"async\" class=\"alignnone wp-image-355 size-medium\" src=\"https:\/\/i0.wp.com\/onlineshop.togiya.jp\/wp-content\/uploads\/2020\/11\/img_1b-4-225x300.jpg?resize=225%2C300\" alt=\"\" width=\"225\" height=\"300\" srcset=\"https:\/\/i0.wp.com\/onlineshop.togiya.jp\/wp-content\/uploads\/2020\/11\/img_1b-4.jpg?resize=225%2C300&amp;ssl=1 225w, https:\/\/i0.wp.com\/onlineshop.togiya.jp\/wp-content\/uploads\/2020\/11\/img_1b-4.jpg?w=300&amp;ssl=1 300w\" sizes=\"(max-width: 225px) 100vw, 225px\" \/><\/p>\n","protected":false},"excerpt":{"rendered":"<table class=\"table\">\n<tbody>\n<tr>\n<td>Modello No.<\/td>\n<td>ABR-30 ABR-30SINISTRO ABR-19<\/td>\n<\/tr>\n<tr>\n<td>Dimensione:.<\/td>\n<td>6,0 pollici.<\/td>\n<\/tr>\n<tr>\n<td>lama:.<\/td>\n<td>30 denti con 3 scanalature; 19 denti con 5 scanalature<\/td>\n<\/tr>\n<tr>\n<td>Vite:.<\/td>\n<td>Vite del quadrante<\/td>\n<\/tr>\n<tr>\n<td>Maniglia:.<\/td>\n<td>Offset<\/td>\n<\/tr>\n<tr>\n<td>Materiale.<\/td>\n<td>HITACHI 314.<\/td>\n<\/tr>\n<\/tbody>\n<\/table>\n","protected":false},"featured_media":2608,"comment_status":"open","ping_status":"closed","template":"","meta":[],"product_brand":[],"product_cat":[411],"product_tag":[378,404,369,375,397,412],"class_list":{"0":"post-2823","1":"product","2":"type-product","3":"status-publish","4":"has-post-thumbnail","6":"product_cat-collezione-darte-1-serie","7":"product_tag-buco-del-dito-grande","8":"product_tag-diradamento","9":"product_tag-forbici-da-togiyascissors","10":"product_tag-hitachi314-it","11":"product_tag-mano-sinistra","12":"product_tag-togiyaart1-it","14":"first","15":"instock","16":"featured","17":"taxable","18":"shipping-taxable","19":"purchasable","20":"product-type-variable"},"jetpack_sharing_enabled":true,"_links":{"self":[{"href":"https:\/\/onlineshop.togiya.jp\/it\/wp-json\/wp\/v2\/product\/2823","targetHints":{"allow":["GET"]}}],"collection":[{"href":"https:\/\/onlineshop.togiya.jp\/it\/wp-json\/wp\/v2\/product"}],"about":[{"href":"https:\/\/onlineshop.togiya.jp\/it\/wp-json\/wp\/v2\/types\/product"}],"replies":[{"embeddable":true,"href":"https:\/\/onlineshop.togiya.jp\/it\/wp-json\/wp\/v2\/comments?post=2823"}],"wp:featuredmedia":[{"embeddable":true,"href":"https:\/\/onlineshop.togiya.jp\/it\/wp-json\/wp\/v2\/media\/2608"}],"wp:attachment":[{"href":"https:\/\/onlineshop.togiya.jp\/it\/wp-json\/wp\/v2\/media?parent=2823"}],"wp:term":[{"taxonomy":"product_brand","embeddable":true,"href":"https:\/\/onlineshop.togiya.jp\/it\/wp-json\/wp\/v2\/product_brand?post=2823"},{"taxonomy":"product_cat","embeddable":true,"href":"https:\/\/onlineshop.togiya.jp\/it\/wp-json\/wp\/v2\/product_cat?post=2823"},{"taxonomy":"product_tag","embeddable":true,"href":"https:\/\/onlineshop.togiya.jp\/it\/wp-json\/wp\/v2\/product_tag?post=2823"}],"curies":[{"name":"wp","href":"https:\/\/api.w.org\/{rel}","templated":true}]}}