{"id":2889,"date":"2020-11-18T23:59:51","date_gmt":"2020-11-18T14:59:51","guid":{"rendered":"https:\/\/onlineshop.togiya.jp\/product\/gsc-50-gsc-55-gsc-60-gsc-65\/"},"modified":"2023-05-08T12:44:07","modified_gmt":"2023-05-08T03:44:07","slug":"gsc-50-gsc-55-gsc-60-gsc-65","status":"publish","type":"product","link":"https:\/\/onlineshop.togiya.jp\/it\/prodotto\/gsc-50-gsc-55-gsc-60-gsc-65\/","title":{"rendered":"GSC-50 GSC-55 GSC-60 GSC-65"},"content":{"rendered":"<h1>Serie GLOBAL_GSC-50 GSC-55 GSC-60 GSC-65<\/h1>\n<p><span class=\"info\">Di Shinichi Naito, che \u00e8 l&#8217;artigiano che realizza la serie Global.<\/span><\/p>\n<p>\u00c8 ancora unito a TOGIYA in soli 3 anni, il cuore per il perseguimento della tecnologia \u00e8 superiore, egli sosterr\u00e0 TOGIYA forbici in tecnologia in futuro. Sono gli ingegneri pi\u00f9 promettenti tra i giovani.<\/p>\n<p><img data-recalc-dims=\"1\" fetchpriority=\"high\" decoding=\"async\" class=\"alignnone size-medium wp-image-128\" src=\"https:\/\/i0.wp.com\/onlineshop.togiya.jp\/wp-content\/uploads\/2020\/11\/global-Shinichi-Naito-225x300.jpg?resize=225%2C300\" alt=\"\" width=\"225\" height=\"300\" srcset=\"https:\/\/i0.wp.com\/onlineshop.togiya.jp\/wp-content\/uploads\/2020\/11\/global-Shinichi-Naito-scaled.jpg?resize=225%2C300&amp;ssl=1 225w, https:\/\/i0.wp.com\/onlineshop.togiya.jp\/wp-content\/uploads\/2020\/11\/global-Shinichi-Naito-scaled.jpg?resize=324%2C432&amp;ssl=1 324w, https:\/\/i0.wp.com\/onlineshop.togiya.jp\/wp-content\/uploads\/2020\/11\/global-Shinichi-Naito-scaled.jpg?resize=416%2C555&amp;ssl=1 416w, https:\/\/i0.wp.com\/onlineshop.togiya.jp\/wp-content\/uploads\/2020\/11\/global-Shinichi-Naito-scaled.jpg?resize=768%2C1024&amp;ssl=1 768w, https:\/\/i0.wp.com\/onlineshop.togiya.jp\/wp-content\/uploads\/2020\/11\/global-Shinichi-Naito-scaled.jpg?resize=1152%2C1536&amp;ssl=1 1152w, https:\/\/i0.wp.com\/onlineshop.togiya.jp\/wp-content\/uploads\/2020\/11\/global-Shinichi-Naito-scaled.jpg?resize=1536%2C2048&amp;ssl=1 1536w, https:\/\/i0.wp.com\/onlineshop.togiya.jp\/wp-content\/uploads\/2020\/11\/global-Shinichi-Naito-scaled.jpg?w=1920&amp;ssl=1 1920w\" sizes=\"(max-width: 225px) 100vw, 225px\" \/><\/p>\n","protected":false},"excerpt":{"rendered":"<table class=\"table\">\n<tbody>\n<tr>\n<td>Modello No.<\/td>\n<td>GSC-50 GSC-55 GSC-60 GSC-65<\/td>\n<\/tr>\n<tr>\n<td>Dimensione:.<\/td>\n<td>5,0&#8243;\/5,5&#8243;\/6,0&#8243;\/6,5&#8243; pollici<\/td>\n<\/tr>\n<tr>\n<td>Lama:.<\/td>\n<td>Convesso (sottile)<\/td>\n<\/tr>\n<tr>\n<td>Vite:.<\/td>\n<td>Vite meno<\/td>\n<\/tr>\n<tr>\n<td>Maniglia:.<\/td>\n<td>Offset<\/td>\n<\/tr>\n<tr>\n<td>Materiale.<\/td>\n<td>Hitachi 440C<\/td>\n<\/tr>\n<\/tbody>\n<\/table>\n","protected":false},"featured_media":2570,"comment_status":"open","ping_status":"closed","template":"","meta":[],"product_brand":[],"product_cat":[424],"product_tag":[369,392,396,426,377,398,400,371,425],"class_list":{"0":"post-2889","1":"product","2":"type-product","3":"status-publish","4":"has-post-thumbnail","6":"product_cat-serie-globale","7":"product_tag-forbici-da-togiyascissors","8":"product_tag-forbici-lunghe","9":"product_tag-forbici-sottili","10":"product_tag-hitachi440-it","11":"product_tag-manico-di-cammello","12":"product_tag-mini-forbici","13":"product_tag-principianti","14":"product_tag-taglio","15":"product_tag-togiyaglobal-it","17":"first","18":"instock","19":"taxable","20":"shipping-taxable","21":"purchasable","22":"product-type-variable","23":"has-default-attributes"},"jetpack_sharing_enabled":true,"_links":{"self":[{"href":"https:\/\/onlineshop.togiya.jp\/it\/wp-json\/wp\/v2\/product\/2889","targetHints":{"allow":["GET"]}}],"collection":[{"href":"https:\/\/onlineshop.togiya.jp\/it\/wp-json\/wp\/v2\/product"}],"about":[{"href":"https:\/\/onlineshop.togiya.jp\/it\/wp-json\/wp\/v2\/types\/product"}],"replies":[{"embeddable":true,"href":"https:\/\/onlineshop.togiya.jp\/it\/wp-json\/wp\/v2\/comments?post=2889"}],"wp:featuredmedia":[{"embeddable":true,"href":"https:\/\/onlineshop.togiya.jp\/it\/wp-json\/wp\/v2\/media\/2570"}],"wp:attachment":[{"href":"https:\/\/onlineshop.togiya.jp\/it\/wp-json\/wp\/v2\/media?parent=2889"}],"wp:term":[{"taxonomy":"product_brand","embeddable":true,"href":"https:\/\/onlineshop.togiya.jp\/it\/wp-json\/wp\/v2\/product_brand?post=2889"},{"taxonomy":"product_cat","embeddable":true,"href":"https:\/\/onlineshop.togiya.jp\/it\/wp-json\/wp\/v2\/product_cat?post=2889"},{"taxonomy":"product_tag","embeddable":true,"href":"https:\/\/onlineshop.togiya.jp\/it\/wp-json\/wp\/v2\/product_tag?post=2889"}],"curies":[{"name":"wp","href":"https:\/\/api.w.org\/{rel}","templated":true}]}}