{"id":2914,"date":"2020-11-19T12:45:07","date_gmt":"2020-11-19T03:45:07","guid":{"rendered":"https:\/\/onlineshop.togiya.jp\/product\/cps-55-cps-60\/"},"modified":"2023-05-08T12:44:08","modified_gmt":"2023-05-08T03:44:08","slug":"cps-55-cps-60","status":"publish","type":"product","link":"https:\/\/onlineshop.togiya.jp\/it\/prodotto\/cps-55-cps-60\/","title":{"rendered":"CPS-55 CPS-60"},"content":{"rendered":"<h1>Serie CLASSIC_CPS-55 CPS-60<\/h1>\n<p>da Seiren Hashimoto, l&#8217;artigiano che realizza la serie Classic.<\/p>\n<p>Precisione e stabilit\u00e0 con una carriera di oltre 10 anni, comporre le sue forbici \u00e8 eccellente, \u00e8 un artigiano che ha la passione per il taglio pi\u00f9.<\/p>\n<p><img data-recalc-dims=\"1\" fetchpriority=\"high\" decoding=\"async\" class=\"alignnone size-medium wp-image-189\" src=\"https:\/\/i0.wp.com\/onlineshop.togiya.jp\/wp-content\/uploads\/2020\/11\/img_1b-225x300.jpg?resize=225%2C300\" alt=\"\" width=\"225\" height=\"300\" srcset=\"https:\/\/i0.wp.com\/onlineshop.togiya.jp\/wp-content\/uploads\/2020\/11\/img_1b.jpg?resize=225%2C300&amp;ssl=1 225w, https:\/\/i0.wp.com\/onlineshop.togiya.jp\/wp-content\/uploads\/2020\/11\/img_1b.jpg?w=300&amp;ssl=1 300w\" sizes=\"(max-width: 225px) 100vw, 225px\" \/><\/p>\n","protected":false},"excerpt":{"rendered":"<table class=\"table\">\n<tbody>\n<tr>\n<td>Modello No.<\/td>\n<td>CPS-55 CPS-60<\/td>\n<\/tr>\n<tr>\n<td>Dimensione:.<\/td>\n<td>5,5&#8243;\/6,0&#8243; pollici<\/td>\n<\/tr>\n<tr>\n<td>Lama:.<\/td>\n<td>Spada.<\/td>\n<\/tr>\n<tr>\n<td>Vite:.<\/td>\n<td>Vite del quadrante<\/td>\n<\/tr>\n<tr>\n<td>Maniglia:.<\/td>\n<td>Semmi-offset<\/td>\n<\/tr>\n<tr>\n<td>Materiale.<\/td>\n<td>Oro V n. 1<\/td>\n<\/tr>\n<\/tbody>\n<\/table>\n","protected":false},"featured_media":2574,"comment_status":"open","ping_status":"closed","template":"","meta":[],"product_brand":[],"product_cat":[433],"product_tag":[378,369,402,400,371,434,401],"class_list":{"0":"post-2914","1":"product","2":"type-product","3":"status-publish","4":"has-post-thumbnail","6":"product_cat-serie-classica","7":"product_tag-buco-del-dito-grande","8":"product_tag-forbici-da-togiyascissors","9":"product_tag-lama-di-spada","10":"product_tag-principianti","11":"product_tag-taglio","12":"product_tag-togiyaclassic-it","13":"product_tag-v-1-it","15":"first","16":"instock","17":"featured","18":"taxable","19":"shipping-taxable","20":"purchasable","21":"product-type-variable","22":"has-default-attributes"},"jetpack_sharing_enabled":true,"_links":{"self":[{"href":"https:\/\/onlineshop.togiya.jp\/it\/wp-json\/wp\/v2\/product\/2914","targetHints":{"allow":["GET"]}}],"collection":[{"href":"https:\/\/onlineshop.togiya.jp\/it\/wp-json\/wp\/v2\/product"}],"about":[{"href":"https:\/\/onlineshop.togiya.jp\/it\/wp-json\/wp\/v2\/types\/product"}],"replies":[{"embeddable":true,"href":"https:\/\/onlineshop.togiya.jp\/it\/wp-json\/wp\/v2\/comments?post=2914"}],"wp:featuredmedia":[{"embeddable":true,"href":"https:\/\/onlineshop.togiya.jp\/it\/wp-json\/wp\/v2\/media\/2574"}],"wp:attachment":[{"href":"https:\/\/onlineshop.togiya.jp\/it\/wp-json\/wp\/v2\/media?parent=2914"}],"wp:term":[{"taxonomy":"product_brand","embeddable":true,"href":"https:\/\/onlineshop.togiya.jp\/it\/wp-json\/wp\/v2\/product_brand?post=2914"},{"taxonomy":"product_cat","embeddable":true,"href":"https:\/\/onlineshop.togiya.jp\/it\/wp-json\/wp\/v2\/product_cat?post=2914"},{"taxonomy":"product_tag","embeddable":true,"href":"https:\/\/onlineshop.togiya.jp\/it\/wp-json\/wp\/v2\/product_tag?post=2914"}],"curies":[{"name":"wp","href":"https:\/\/api.w.org\/{rel}","templated":true}]}}