{"id":3007,"date":"2021-03-03T11:02:05","date_gmt":"2021-03-03T02:02:05","guid":{"rendered":"https:\/\/onlineshop.togiya.jp\/product\/allure-55-allure-60-allure-65\/"},"modified":"2023-05-08T12:45:38","modified_gmt":"2023-05-08T03:45:38","slug":"allure-55-allure-60-allure-65","status":"publish","type":"product","link":"https:\/\/onlineshop.togiya.jp\/it\/prodotto\/allure-55-allure-60-allure-65\/","title":{"rendered":"Allure-55 Allure-60 Allure-65"},"content":{"rendered":"<h1>ART COLLECTION \u2161 serie_Allure-55 Allure-60 Allure-65<\/h1>\n<p>Di Shinichi Mori, l&#8217;artigiano che realizza la serie Art Collection.<\/p>\n<p>In pi\u00f9 di 40 anni di carriera, aveva costruito un paio di forbici partendo dalle basi delle forbici TOGIYA. E conosce tutte le forbici, ora \u00e8 diventato un professionista finitura forbici migliori giapponesi, \u00e8 anche in grado di sollevare un successore. Egli \u00e8 una tecnologia forbici esistenza &#8220;Dio&#8221; dell&#8217;industria giapponese forbici, le persone sono chiamati &#8220;Dio mano&#8221;. &#8220;Le sue capacit\u00e0. Una volta che l&#8217;acconciatore ha utilizzato un paio di forbici del suo genere, non pu\u00f2 utilizzare altre forbici.<\/p>\n<p><img data-recalc-dims=\"1\" fetchpriority=\"high\" decoding=\"async\" class=\"alignnone size-medium wp-image-355\" src=\"https:\/\/i0.wp.com\/onlineshop.togiya.jp\/wp-content\/uploads\/2020\/11\/img_1b-4-225x300.jpg?resize=225%2C300\" alt=\"\" width=\"225\" height=\"300\" srcset=\"https:\/\/i0.wp.com\/onlineshop.togiya.jp\/wp-content\/uploads\/2020\/11\/img_1b-4.jpg?resize=225%2C300&amp;ssl=1 225w, https:\/\/i0.wp.com\/onlineshop.togiya.jp\/wp-content\/uploads\/2020\/11\/img_1b-4.jpg?w=300&amp;ssl=1 300w\" sizes=\"(max-width: 225px) 100vw, 225px\" \/><\/p>\n<h1><\/h1>\n","protected":false},"excerpt":{"rendered":"<table class=\"table\">\n<tbody>\n<tr>\n<td>Modello No.<\/td>\n<td>Allure-55 Allure-60 Allure-65<\/td>\n<\/tr>\n<tr>\n<td>Dimensione:.<\/td>\n<td>5,5&#8243;\/6,0&#8243;\/6,5&#8243; pollici<\/td>\n<\/tr>\n<tr>\n<td>Lama:.<\/td>\n<td>Propellente.<\/td>\n<\/tr>\n<tr>\n<td>Vite:.<\/td>\n<td>Vite di regolazione della pietra Swarovski<\/td>\n<\/tr>\n<tr>\n<td>Maniglia:.<\/td>\n<td>Anamorfico 3D con pietra Swarovski<\/td>\n<\/tr>\n<tr>\n<td>Materiale.<\/td>\n<td>HITACHI 314<\/td>\n<\/tr>\n<\/tbody>\n<\/table>\n","protected":false},"featured_media":2684,"comment_status":"open","ping_status":"closed","template":"","meta":[],"product_brand":[],"product_cat":[444],"product_tag":[446,369,392,375,381,448,449,371,447],"class_list":{"0":"post-3007","1":"product","2":"type-product","3":"status-publish","4":"has-post-thumbnail","6":"product_cat-collezione-darte-2-serie","7":"product_tag-alto-grado","8":"product_tag-forbici-da-togiyascissors","9":"product_tag-forbici-lunghe","10":"product_tag-hitachi314-it","11":"product_tag-maniglia-3d","12":"product_tag-pala-dellelica","13":"product_tag-pietra-swarovski","14":"product_tag-taglio","15":"product_tag-togiyaart2-it","17":"first","18":"instock","19":"taxable","20":"shipping-taxable","21":"purchasable","22":"product-type-variable"},"jetpack_sharing_enabled":true,"_links":{"self":[{"href":"https:\/\/onlineshop.togiya.jp\/it\/wp-json\/wp\/v2\/product\/3007","targetHints":{"allow":["GET"]}}],"collection":[{"href":"https:\/\/onlineshop.togiya.jp\/it\/wp-json\/wp\/v2\/product"}],"about":[{"href":"https:\/\/onlineshop.togiya.jp\/it\/wp-json\/wp\/v2\/types\/product"}],"replies":[{"embeddable":true,"href":"https:\/\/onlineshop.togiya.jp\/it\/wp-json\/wp\/v2\/comments?post=3007"}],"wp:featuredmedia":[{"embeddable":true,"href":"https:\/\/onlineshop.togiya.jp\/it\/wp-json\/wp\/v2\/media\/2684"}],"wp:attachment":[{"href":"https:\/\/onlineshop.togiya.jp\/it\/wp-json\/wp\/v2\/media?parent=3007"}],"wp:term":[{"taxonomy":"product_brand","embeddable":true,"href":"https:\/\/onlineshop.togiya.jp\/it\/wp-json\/wp\/v2\/product_brand?post=3007"},{"taxonomy":"product_cat","embeddable":true,"href":"https:\/\/onlineshop.togiya.jp\/it\/wp-json\/wp\/v2\/product_cat?post=3007"},{"taxonomy":"product_tag","embeddable":true,"href":"https:\/\/onlineshop.togiya.jp\/it\/wp-json\/wp\/v2\/product_tag?post=3007"}],"curies":[{"name":"wp","href":"https:\/\/api.w.org\/{rel}","templated":true}]}}