{"id":3011,"date":"2021-03-06T23:29:53","date_gmt":"2021-03-06T14:29:53","guid":{"rendered":"https:\/\/onlineshop.togiya.jp\/product\/toy-70-toy-80\/"},"modified":"2023-05-23T14:46:59","modified_gmt":"2023-05-23T05:46:59","slug":"toy","status":"publish","type":"product","link":"https:\/\/onlineshop.togiya.jp\/it\/prodotto\/toy\/","title":{"rendered":"TOY-70 TOY-80"},"content":{"rendered":"<h1>TALENTO serie_TOY-70 TOY-80<\/h1>\n<p>di Makoto Takahashi, l&#8217;artigiano che ha realizzato la serie Talent.<\/p>\n<p>In pi\u00f9 di 40 anni di carriera, aveva costruito un paio di forbici partendo dalle basi delle forbici TOGIYA. E conosce tutte le forbici, ora \u00e8 diventato un professionista finitura forbici migliori giapponesi, \u00e8 anche in grado di sollevare un successore. Egli \u00e8 una tecnologia forbici esistenza &#8220;Dio&#8221; dell&#8217;industria giapponese forbici, le persone sono chiamati &#8220;Dio mano&#8221;. &#8220;Le sue capacit\u00e0. Una volta che l&#8217;acconciatore ha utilizzato un paio di forbici del suo genere, non pu\u00f2 utilizzare altre forbici.<\/p>\n<p>&nbsp;<\/p>\n","protected":false},"excerpt":{"rendered":"<table class=\"table\">\n<tbody>\n<tr>\n<td>Modello No.<\/td>\n<td>TOY-70.<\/td>\n<\/tr>\n<tr>\n<td>Dimensione:.<\/td>\n<td>7,0&#8243; pollici<\/td>\n<\/tr>\n<tr>\n<td>Lama:.<\/td>\n<td>Convesso<\/td>\n<\/tr>\n<tr>\n<td>Vite:.<\/td>\n<td>Quadrante.<\/td>\n<\/tr>\n<tr>\n<td>Maniglia:.<\/td>\n<td>3D anamorfico.<\/td>\n<\/tr>\n<tr>\n<td>Materiale.<\/td>\n<td>Hitachi440<\/td>\n<\/tr>\n<\/tbody>\n<\/table>\n","protected":false},"featured_media":2705,"comment_status":"open","ping_status":"closed","template":"","meta":[],"product_brand":[],"product_cat":[450],"product_tag":[369,392,426,381,371,443,390,445],"class_list":{"0":"post-3011","1":"product","2":"type-product","3":"status-publish","4":"has-post-thumbnail","6":"product_cat-forbici-lunghe","7":"product_tag-forbici-da-togiyascissors","8":"product_tag-forbici-lunghe","9":"product_tag-hitachi440-it","10":"product_tag-maniglia-3d","11":"product_tag-taglio","12":"product_tag-taglio-del-cursore","13":"product_tag-togiyabarber-it","14":"product_tag-togiyatalent-it","16":"first","17":"instock","18":"featured","19":"taxable","20":"shipping-taxable","21":"purchasable","22":"product-type-variable"},"jetpack_sharing_enabled":true,"_links":{"self":[{"href":"https:\/\/onlineshop.togiya.jp\/it\/wp-json\/wp\/v2\/product\/3011","targetHints":{"allow":["GET"]}}],"collection":[{"href":"https:\/\/onlineshop.togiya.jp\/it\/wp-json\/wp\/v2\/product"}],"about":[{"href":"https:\/\/onlineshop.togiya.jp\/it\/wp-json\/wp\/v2\/types\/product"}],"replies":[{"embeddable":true,"href":"https:\/\/onlineshop.togiya.jp\/it\/wp-json\/wp\/v2\/comments?post=3011"}],"wp:featuredmedia":[{"embeddable":true,"href":"https:\/\/onlineshop.togiya.jp\/it\/wp-json\/wp\/v2\/media\/2705"}],"wp:attachment":[{"href":"https:\/\/onlineshop.togiya.jp\/it\/wp-json\/wp\/v2\/media?parent=3011"}],"wp:term":[{"taxonomy":"product_brand","embeddable":true,"href":"https:\/\/onlineshop.togiya.jp\/it\/wp-json\/wp\/v2\/product_brand?post=3011"},{"taxonomy":"product_cat","embeddable":true,"href":"https:\/\/onlineshop.togiya.jp\/it\/wp-json\/wp\/v2\/product_cat?post=3011"},{"taxonomy":"product_tag","embeddable":true,"href":"https:\/\/onlineshop.togiya.jp\/it\/wp-json\/wp\/v2\/product_tag?post=3011"}],"curies":[{"name":"wp","href":"https:\/\/api.w.org\/{rel}","templated":true}]}}