{"id":3032,"date":"2021-03-06T23:07:29","date_gmt":"2021-03-06T14:07:29","guid":{"rendered":"https:\/\/onlineshop.togiya.jp\/product\/dc0-50lefty-dco-55lefty-dco-60lefty\/"},"modified":"2023-05-23T15:04:25","modified_gmt":"2023-05-23T06:04:25","slug":"dco-lefty","status":"publish","type":"product","link":"https:\/\/onlineshop.togiya.jp\/it\/prodotto\/dco-lefty\/","title":{"rendered":"DC0-50LEFTY DCO-55LEFTY DCO-60LEFTY"},"content":{"rendered":"<h1>DESIGNERS serie_DC0-50LEFTY DCO-55LEFTY DCO-60LEFTY<\/h1>\n<p>Di Teruo Hattori, l&#8217;artigiano che realizza la serie Designers.<\/p>\n<p>Se si sperava che le &#8220;forbici con bella dignit\u00e0&#8221;, sarebbe stato pi\u00f9 incontrarlo l\u00ec. La tecnologia e l&#8217;opera d&#8217;arte suprema possono essere realizzate come un paio di forbici. \u00c8 uno dei pochi artigiani.<\/p>\n<p><img data-recalc-dims=\"1\" fetchpriority=\"high\" decoding=\"async\" class=\"alignnone size-medium wp-image-278\" src=\"https:\/\/i0.wp.com\/onlineshop.togiya.jp\/wp-content\/uploads\/2020\/11\/img_1b-3-225x300.jpg?resize=225%2C300\" alt=\"\" width=\"225\" height=\"300\" srcset=\"https:\/\/i0.wp.com\/onlineshop.togiya.jp\/wp-content\/uploads\/2020\/11\/img_1b-3.jpg?resize=225%2C300&amp;ssl=1 225w, https:\/\/i0.wp.com\/onlineshop.togiya.jp\/wp-content\/uploads\/2020\/11\/img_1b-3.jpg?w=300&amp;ssl=1 300w\" sizes=\"(max-width: 225px) 100vw, 225px\" \/><\/p>\n","protected":false},"excerpt":{"rendered":"<table class=\"table\">\n<tbody>\n<tr>\n<td>Modello No.<\/td>\n<td>DCO-50LEFTY DCO-55LEFTY DCO-60LEFTY<\/td>\n<\/tr>\n<tr>\n<td>Dimensione:.<\/td>\n<td>5,0&#8243;\/5,5&#8243;\/6,0&#8243; pollici<\/td>\n<\/tr>\n<tr>\n<td>Lama:.<\/td>\n<td>Convesso<\/td>\n<\/tr>\n<tr>\n<td>Vite:.<\/td>\n<td>Vite di regolazione<\/td>\n<\/tr>\n<tr>\n<td>Maniglia:.<\/td>\n<td>Cammello e Offset<\/td>\n<\/tr>\n<tr>\n<td>Materiale.<\/td>\n<td>HITACHI 314<\/td>\n<\/tr>\n<\/tbody>\n<\/table>\n<p>&nbsp;<\/p>\n","protected":false},"featured_media":2598,"comment_status":"open","ping_status":"closed","template":"","meta":[],"product_brand":[],"product_cat":[441],"product_tag":[378,369,396,375,377,397,398,371,376],"class_list":{"0":"post-3032","1":"product","2":"type-product","3":"status-publish","4":"has-post-thumbnail","6":"product_cat-serie-mano-sinistra","7":"product_tag-buco-del-dito-grande","8":"product_tag-forbici-da-togiyascissors","9":"product_tag-forbici-sottili","10":"product_tag-hitachi314-it","11":"product_tag-manico-di-cammello","12":"product_tag-mano-sinistra","13":"product_tag-mini-forbici","14":"product_tag-taglio","15":"product_tag-togiyadesigners-it","17":"first","18":"instock","19":"taxable","20":"shipping-taxable","21":"purchasable","22":"product-type-variable"},"jetpack_sharing_enabled":true,"_links":{"self":[{"href":"https:\/\/onlineshop.togiya.jp\/it\/wp-json\/wp\/v2\/product\/3032","targetHints":{"allow":["GET"]}}],"collection":[{"href":"https:\/\/onlineshop.togiya.jp\/it\/wp-json\/wp\/v2\/product"}],"about":[{"href":"https:\/\/onlineshop.togiya.jp\/it\/wp-json\/wp\/v2\/types\/product"}],"replies":[{"embeddable":true,"href":"https:\/\/onlineshop.togiya.jp\/it\/wp-json\/wp\/v2\/comments?post=3032"}],"wp:featuredmedia":[{"embeddable":true,"href":"https:\/\/onlineshop.togiya.jp\/it\/wp-json\/wp\/v2\/media\/2598"}],"wp:attachment":[{"href":"https:\/\/onlineshop.togiya.jp\/it\/wp-json\/wp\/v2\/media?parent=3032"}],"wp:term":[{"taxonomy":"product_brand","embeddable":true,"href":"https:\/\/onlineshop.togiya.jp\/it\/wp-json\/wp\/v2\/product_brand?post=3032"},{"taxonomy":"product_cat","embeddable":true,"href":"https:\/\/onlineshop.togiya.jp\/it\/wp-json\/wp\/v2\/product_cat?post=3032"},{"taxonomy":"product_tag","embeddable":true,"href":"https:\/\/onlineshop.togiya.jp\/it\/wp-json\/wp\/v2\/product_tag?post=3032"}],"curies":[{"name":"wp","href":"https:\/\/api.w.org\/{rel}","templated":true}]}}