{"id":3053,"date":"2021-03-03T18:43:56","date_gmt":"2021-03-03T09:43:56","guid":{"rendered":"https:\/\/onlineshop.togiya.jp\/product\/tot-40\/"},"modified":"2023-05-23T15:18:09","modified_gmt":"2023-05-23T06:18:09","slug":"tot","status":"publish","type":"product","link":"https:\/\/onlineshop.togiya.jp\/it\/prodotto\/tot\/","title":{"rendered":"TOT-40."},"content":{"rendered":"<h1>TALENTO serie_TOT-40<\/h1>\n<p>di Takahashi Makoto, l&#8217;artigiano che ha realizzato la serie Talent.<\/p>\n<p>Carriera pi\u00f9 di 40 anni, aveva costruito un paio di forbici dalle basi delle forbici TOGIYA. E conosce tutte le forbici, ora \u00e8 diventato un professionista della finitura delle forbici pi\u00f9 belle del Giappone, \u00e8 anche in grado di crescere un successore. \u00c8 un &#8220;Dio&#8221; dell&#8217;industria delle forbici giapponesi, le persone sono chiamate &#8220;Mano di Dio&#8221; per le sue capacit\u00e0. Una volta che gli acconciatori hanno usato un paio di forbici della sua finitura, non possono usare le altre forbici.   <\/p>\n<p><img data-recalc-dims=\"1\" fetchpriority=\"high\" decoding=\"async\" class=\"alignnone size-medium wp-image-587\" src=\"https:\/\/i0.wp.com\/onlineshop.togiya.jp\/wp-content\/uploads\/2021\/03\/img_1b-2-225x300.jpg?resize=225%2C300\" alt=\"\" width=\"225\" height=\"300\" srcset=\"https:\/\/i0.wp.com\/onlineshop.togiya.jp\/wp-content\/uploads\/2021\/03\/img_1b-2.jpg?resize=225%2C300&amp;ssl=1 225w, https:\/\/i0.wp.com\/onlineshop.togiya.jp\/wp-content\/uploads\/2021\/03\/img_1b-2.jpg?w=300&amp;ssl=1 300w\" sizes=\"(max-width: 225px) 100vw, 225px\" \/><\/p>\n","protected":false},"excerpt":{"rendered":"<table class=\"table\">\n<tbody>\n<tr>\n<td>Modello No.<\/td>\n<td>TOT-40.<\/td>\n<\/tr>\n<tr>\n<td>Dimensione:.<\/td>\n<td>6,0 pollici.<\/td>\n<\/tr>\n<tr>\n<td>lama:.<\/td>\n<td>40 denti con una scanalatura<\/td>\n<\/tr>\n<tr>\n<td>Vite:.<\/td>\n<td>Vite del quadrante<\/td>\n<\/tr>\n<tr>\n<td>Maniglia:.<\/td>\n<td>Maniglia 3D<\/td>\n<\/tr>\n<tr>\n<td>Materiale.<\/td>\n<td>HITACHI 440C<\/td>\n<\/tr>\n<\/tbody>\n<\/table>\n","protected":false},"featured_media":2710,"comment_status":"open","ping_status":"closed","template":"","meta":[],"product_brand":[],"product_cat":[442],"product_tag":[404,369,381,445],"class_list":{"0":"post-3053","1":"product","2":"type-product","3":"status-publish","4":"has-post-thumbnail","6":"product_cat-serie-talenti","7":"product_tag-diradamento","8":"product_tag-forbici-da-togiyascissors","9":"product_tag-maniglia-3d","10":"product_tag-togiyatalent-it","12":"first","13":"instock","14":"taxable","15":"shipping-taxable","16":"purchasable","17":"product-type-simple"},"jetpack_sharing_enabled":true,"_links":{"self":[{"href":"https:\/\/onlineshop.togiya.jp\/it\/wp-json\/wp\/v2\/product\/3053","targetHints":{"allow":["GET"]}}],"collection":[{"href":"https:\/\/onlineshop.togiya.jp\/it\/wp-json\/wp\/v2\/product"}],"about":[{"href":"https:\/\/onlineshop.togiya.jp\/it\/wp-json\/wp\/v2\/types\/product"}],"replies":[{"embeddable":true,"href":"https:\/\/onlineshop.togiya.jp\/it\/wp-json\/wp\/v2\/comments?post=3053"}],"wp:featuredmedia":[{"embeddable":true,"href":"https:\/\/onlineshop.togiya.jp\/it\/wp-json\/wp\/v2\/media\/2710"}],"wp:attachment":[{"href":"https:\/\/onlineshop.togiya.jp\/it\/wp-json\/wp\/v2\/media?parent=3053"}],"wp:term":[{"taxonomy":"product_brand","embeddable":true,"href":"https:\/\/onlineshop.togiya.jp\/it\/wp-json\/wp\/v2\/product_brand?post=3053"},{"taxonomy":"product_cat","embeddable":true,"href":"https:\/\/onlineshop.togiya.jp\/it\/wp-json\/wp\/v2\/product_cat?post=3053"},{"taxonomy":"product_tag","embeddable":true,"href":"https:\/\/onlineshop.togiya.jp\/it\/wp-json\/wp\/v2\/product_tag?post=3053"}],"curies":[{"name":"wp","href":"https:\/\/api.w.org\/{rel}","templated":true}]}}