{"id":3062,"date":"2020-11-27T21:27:49","date_gmt":"2020-11-27T12:27:49","guid":{"rendered":"https:\/\/onlineshop.togiya.jp\/product\/codice-abc-bar\/"},"modified":"2023-05-23T12:29:28","modified_gmt":"2023-05-23T03:29:28","slug":"abc","status":"publish","type":"product","link":"https:\/\/onlineshop.togiya.jp\/it\/prodotto\/abc\/","title":{"rendered":"Codice ABC-Bar"},"content":{"rendered":"<h1>COLLEZIONE D&#8217;ARTE I serie_ABC-Bar Codice<\/h1>\n<p>Di Shinichi Mori, l&#8217;artigiano che realizza la serie Art Collection.<\/p>\n<p>In pi\u00f9 di 40 anni di carriera, aveva costruito un paio di forbici partendo dalle basi delle forbici TOGIYA. E conosce tutte le forbici, ora \u00e8 diventato un professionista finitura forbici migliori giapponesi, \u00e8 anche in grado di sollevare un successore. Egli \u00e8 una tecnologia forbici esistenza &#8220;Dio&#8221; dell&#8217;industria giapponese forbici, le persone sono chiamati &#8220;Dio mano&#8221;. &#8220;Le sue capacit\u00e0. Una volta che l&#8217;acconciatore ha utilizzato un paio di forbici del suo genere, non pu\u00f2 utilizzare altre forbici.<\/p>\n<p><img data-recalc-dims=\"1\" fetchpriority=\"high\" decoding=\"async\" class=\"alignnone wp-image-355 size-medium\" src=\"https:\/\/i0.wp.com\/onlineshop.togiya.jp\/wp-content\/uploads\/2020\/11\/img_1b-4-225x300.jpg?resize=225%2C300\" alt=\"\" width=\"225\" height=\"300\" srcset=\"https:\/\/i0.wp.com\/onlineshop.togiya.jp\/wp-content\/uploads\/2020\/11\/img_1b-4.jpg?resize=225%2C300&amp;ssl=1 225w, https:\/\/i0.wp.com\/onlineshop.togiya.jp\/wp-content\/uploads\/2020\/11\/img_1b-4.jpg?w=300&amp;ssl=1 300w\" sizes=\"(max-width: 225px) 100vw, 225px\" \/><\/p>\n","protected":false},"excerpt":{"rendered":"<table class=\"table\">\n<tbody>\n<tr>\n<td>No.<\/td>\n<td>Codice ABC-Bar<\/td>\n<\/tr>\n<tr>\n<td>Dimensione<\/td>\n<td>6,0 pollici.<\/td>\n<\/tr>\n<tr>\n<td>Lama<\/td>\n<td>30 denti con 1 scanalatura<\/td>\n<\/tr>\n<tr>\n<td>Vite<\/td>\n<td>Vite di regolazione<\/td>\n<\/tr>\n<tr>\n<td>Maniglia<\/td>\n<td>Offset<\/td>\n<\/tr>\n<tr>\n<td>Materiale<\/td>\n<td>HITACHI 314.<\/td>\n<\/tr>\n<\/tbody>\n<\/table>\n","protected":false},"featured_media":2613,"comment_status":"open","ping_status":"closed","template":"","meta":[],"product_brand":[],"product_cat":[411],"product_tag":[404,369,375,412],"class_list":{"0":"post-3062","1":"product","2":"type-product","3":"status-publish","4":"has-post-thumbnail","6":"product_cat-collezione-darte-1-serie","7":"product_tag-diradamento","8":"product_tag-forbici-da-togiyascissors","9":"product_tag-hitachi314-it","10":"product_tag-togiyaart1-it","12":"first","13":"instock","14":"taxable","15":"shipping-taxable","16":"purchasable","17":"product-type-simple"},"jetpack_sharing_enabled":true,"_links":{"self":[{"href":"https:\/\/onlineshop.togiya.jp\/it\/wp-json\/wp\/v2\/product\/3062","targetHints":{"allow":["GET"]}}],"collection":[{"href":"https:\/\/onlineshop.togiya.jp\/it\/wp-json\/wp\/v2\/product"}],"about":[{"href":"https:\/\/onlineshop.togiya.jp\/it\/wp-json\/wp\/v2\/types\/product"}],"replies":[{"embeddable":true,"href":"https:\/\/onlineshop.togiya.jp\/it\/wp-json\/wp\/v2\/comments?post=3062"}],"wp:featuredmedia":[{"embeddable":true,"href":"https:\/\/onlineshop.togiya.jp\/it\/wp-json\/wp\/v2\/media\/2613"}],"wp:attachment":[{"href":"https:\/\/onlineshop.togiya.jp\/it\/wp-json\/wp\/v2\/media?parent=3062"}],"wp:term":[{"taxonomy":"product_brand","embeddable":true,"href":"https:\/\/onlineshop.togiya.jp\/it\/wp-json\/wp\/v2\/product_brand?post=3062"},{"taxonomy":"product_cat","embeddable":true,"href":"https:\/\/onlineshop.togiya.jp\/it\/wp-json\/wp\/v2\/product_cat?post=3062"},{"taxonomy":"product_tag","embeddable":true,"href":"https:\/\/onlineshop.togiya.jp\/it\/wp-json\/wp\/v2\/product_tag?post=3062"}],"curies":[{"name":"wp","href":"https:\/\/api.w.org\/{rel}","templated":true}]}}