{"id":3072,"date":"2021-03-03T18:32:28","date_gmt":"2021-03-03T09:32:28","guid":{"rendered":"https:\/\/onlineshop.togiya.jp\/product\/ton-55-ton-60-ton-65\/"},"modified":"2023-05-08T12:45:40","modified_gmt":"2023-05-08T03:45:40","slug":"ton-55-ton-60-ton-65","status":"publish","type":"product","link":"https:\/\/onlineshop.togiya.jp\/it\/prodotto\/ton-55-ton-60-ton-65\/","title":{"rendered":"TON-55 TON-60 TON-65"},"content":{"rendered":"<h1>Serie TALENT_TON-55 TON-60 TON-65<\/h1>\n<p>di Makoto Takahashi, l&#8217;artigiano che ha realizzato la serie Talent.<\/p>\n<p>In pi\u00f9 di 40 anni di carriera, aveva costruito un paio di forbici partendo dalle basi delle forbici TOGIYA. E conosce tutte le forbici, ora \u00e8 diventato un professionista finitura forbici migliori giapponesi, \u00e8 anche in grado di sollevare un successore. Egli \u00e8 una tecnologia forbici esistenza &#8220;Dio&#8221; dell&#8217;industria giapponese forbici, le persone sono chiamati &#8220;Dio mano&#8221;. &#8220;Le sue capacit\u00e0. Una volta che l&#8217;acconciatore ha utilizzato un paio di forbici del suo genere, non pu\u00f2 utilizzare altre forbici.<\/p>\n<p>&nbsp;<\/p>\n","protected":false},"excerpt":{"rendered":"<table class=\"table\">\n<tbody>\n<tr>\n<td>Modello No.<\/td>\n<td>TON-55 TON-60 TON-65<\/td>\n<\/tr>\n<tr>\n<td>Dimensione:.<\/td>\n<td>5,5&#8243;\/6,0&#8243;\/6,5&#8243; pollici<\/td>\n<\/tr>\n<tr>\n<td>Lama:.<\/td>\n<td>Convesso<\/td>\n<\/tr>\n<tr>\n<td>Vite:.<\/td>\n<td>Quadrante.<\/td>\n<\/tr>\n<tr>\n<td>Maniglia:.<\/td>\n<td>Cammello e Offset<\/td>\n<\/tr>\n<tr>\n<td>Materiale.<\/td>\n<td>Hitachi 440C<\/td>\n<\/tr>\n<\/tbody>\n<\/table>\n","protected":false},"featured_media":2709,"comment_status":"open","ping_status":"closed","template":"","meta":[],"product_brand":[],"product_cat":[442],"product_tag":[378,369,426,377,371,445],"class_list":{"0":"post-3072","1":"product","2":"type-product","3":"status-publish","4":"has-post-thumbnail","6":"product_cat-serie-talenti","7":"product_tag-buco-del-dito-grande","8":"product_tag-forbici-da-togiyascissors","9":"product_tag-hitachi440-it","10":"product_tag-manico-di-cammello","11":"product_tag-taglio","12":"product_tag-togiyatalent-it","14":"first","15":"instock","16":"taxable","17":"shipping-taxable","18":"purchasable","19":"product-type-variable"},"jetpack_sharing_enabled":true,"_links":{"self":[{"href":"https:\/\/onlineshop.togiya.jp\/it\/wp-json\/wp\/v2\/product\/3072","targetHints":{"allow":["GET"]}}],"collection":[{"href":"https:\/\/onlineshop.togiya.jp\/it\/wp-json\/wp\/v2\/product"}],"about":[{"href":"https:\/\/onlineshop.togiya.jp\/it\/wp-json\/wp\/v2\/types\/product"}],"replies":[{"embeddable":true,"href":"https:\/\/onlineshop.togiya.jp\/it\/wp-json\/wp\/v2\/comments?post=3072"}],"wp:featuredmedia":[{"embeddable":true,"href":"https:\/\/onlineshop.togiya.jp\/it\/wp-json\/wp\/v2\/media\/2709"}],"wp:attachment":[{"href":"https:\/\/onlineshop.togiya.jp\/it\/wp-json\/wp\/v2\/media?parent=3072"}],"wp:term":[{"taxonomy":"product_brand","embeddable":true,"href":"https:\/\/onlineshop.togiya.jp\/it\/wp-json\/wp\/v2\/product_brand?post=3072"},{"taxonomy":"product_cat","embeddable":true,"href":"https:\/\/onlineshop.togiya.jp\/it\/wp-json\/wp\/v2\/product_cat?post=3072"},{"taxonomy":"product_tag","embeddable":true,"href":"https:\/\/onlineshop.togiya.jp\/it\/wp-json\/wp\/v2\/product_tag?post=3072"}],"curies":[{"name":"wp","href":"https:\/\/api.w.org\/{rel}","templated":true}]}}