{"id":3088,"date":"2021-03-06T22:52:05","date_gmt":"2021-03-06T13:52:05","guid":{"rendered":"https:\/\/onlineshop.togiya.jp\/product\/hsp-53lefty-hsp-55lefty-hsp-58lefty\/"},"modified":"2023-05-23T15:11:10","modified_gmt":"2023-05-23T06:11:10","slug":"hsp-lefty","status":"publish","type":"product","link":"https:\/\/onlineshop.togiya.jp\/it\/prodotto\/hsp-lefty\/","title":{"rendered":"HSP-53LEFTY HSP-55LEFTY HSP-58LEFTY"},"content":{"rendered":"<h1>COLLEZIONE ART \u2161 serie_HSP-53LEFTY HSP-55LEFTY HSP-58LEFTY<\/h1>\n<p>Di Shinichi Mori, l&#8217;artigiano che realizza la serie Art Collection.<\/p>\n<p>In pi\u00f9 di 40 anni di carriera, aveva costruito un paio di forbici partendo dalle basi delle forbici TOGIYA. E conosce tutte le forbici, ora \u00e8 diventato un professionista finitura forbici migliori giapponesi, \u00e8 anche in grado di sollevare un successore. Egli \u00e8 una tecnologia forbici esistenza &#8220;Dio&#8221; dell&#8217;industria giapponese forbici, le persone sono chiamati &#8220;Dio mano&#8221;. &#8220;Le sue capacit\u00e0. Una volta che l&#8217;acconciatore ha utilizzato un paio di forbici del suo genere, non pu\u00f2 utilizzare altre forbici.<\/p>\n<p><img data-recalc-dims=\"1\" fetchpriority=\"high\" decoding=\"async\" class=\"alignnone size-medium wp-image-566\" src=\"https:\/\/i0.wp.com\/onlineshop.togiya.jp\/wp-content\/uploads\/2021\/03\/img_1b-1-225x300.jpg?resize=225%2C300\" alt=\"\" width=\"225\" height=\"300\" srcset=\"https:\/\/i0.wp.com\/onlineshop.togiya.jp\/wp-content\/uploads\/2021\/03\/img_1b-1.jpg?resize=225%2C300&amp;ssl=1 225w, https:\/\/i0.wp.com\/onlineshop.togiya.jp\/wp-content\/uploads\/2021\/03\/img_1b-1.jpg?w=300&amp;ssl=1 300w\" sizes=\"(max-width: 225px) 100vw, 225px\" \/><\/p>\n","protected":false},"excerpt":{"rendered":"<table class=\"table\">\n<tbody>\n<tr>\n<td>Modello No.<\/td>\n<td>HSP-53LEFTY HSP-55LEFTY HSP-58LEFTY<\/td>\n<\/tr>\n<tr>\n<td>Dimensione:.<\/td>\n<td>5,3&#8243;\/5,5&#8243;\/5,8&#8243; pollici<\/td>\n<\/tr>\n<tr>\n<td>Lama:.<\/td>\n<td>Propellente.<\/td>\n<\/tr>\n<tr>\n<td>Vite:.<\/td>\n<td>impianto<\/td>\n<\/tr>\n<tr>\n<td>Maniglia:.<\/td>\n<td>3D anamorfico.<\/td>\n<\/tr>\n<tr>\n<td>Materiale.<\/td>\n<td>Polvere ad alta velocit\u00e0<\/td>\n<\/tr>\n<\/tbody>\n<\/table>\n","protected":false},"featured_media":2696,"comment_status":"open","ping_status":"closed","template":"","meta":[],"product_brand":[],"product_cat":[441],"product_tag":[455,446,369,381,397,448,371,447],"class_list":{"0":"post-3088","1":"product","2":"type-product","3":"status-publish","4":"has-post-thumbnail","6":"product_cat-serie-mano-sinistra","7":"product_tag-acciaio-ad-alto-tenore-di-polvere","8":"product_tag-alto-grado","9":"product_tag-forbici-da-togiyascissors","10":"product_tag-maniglia-3d","11":"product_tag-mano-sinistra","12":"product_tag-pala-dellelica","13":"product_tag-taglio","14":"product_tag-togiyaart2-it","16":"first","17":"instock","18":"featured","19":"taxable","20":"shipping-taxable","21":"purchasable","22":"product-type-variable"},"jetpack_sharing_enabled":true,"_links":{"self":[{"href":"https:\/\/onlineshop.togiya.jp\/it\/wp-json\/wp\/v2\/product\/3088","targetHints":{"allow":["GET"]}}],"collection":[{"href":"https:\/\/onlineshop.togiya.jp\/it\/wp-json\/wp\/v2\/product"}],"about":[{"href":"https:\/\/onlineshop.togiya.jp\/it\/wp-json\/wp\/v2\/types\/product"}],"replies":[{"embeddable":true,"href":"https:\/\/onlineshop.togiya.jp\/it\/wp-json\/wp\/v2\/comments?post=3088"}],"wp:featuredmedia":[{"embeddable":true,"href":"https:\/\/onlineshop.togiya.jp\/it\/wp-json\/wp\/v2\/media\/2696"}],"wp:attachment":[{"href":"https:\/\/onlineshop.togiya.jp\/it\/wp-json\/wp\/v2\/media?parent=3088"}],"wp:term":[{"taxonomy":"product_brand","embeddable":true,"href":"https:\/\/onlineshop.togiya.jp\/it\/wp-json\/wp\/v2\/product_brand?post=3088"},{"taxonomy":"product_cat","embeddable":true,"href":"https:\/\/onlineshop.togiya.jp\/it\/wp-json\/wp\/v2\/product_cat?post=3088"},{"taxonomy":"product_tag","embeddable":true,"href":"https:\/\/onlineshop.togiya.jp\/it\/wp-json\/wp\/v2\/product_tag?post=3088"}],"curies":[{"name":"wp","href":"https:\/\/api.w.org\/{rel}","templated":true}]}}