{"id":3093,"date":"2021-03-03T16:33:22","date_gmt":"2021-03-03T07:33:22","guid":{"rendered":"https:\/\/onlineshop.togiya.jp\/product\/tgc-80b\/"},"modified":"2023-05-08T12:45:41","modified_gmt":"2023-05-08T03:45:41","slug":"tgc-80b","status":"publish","type":"product","link":"https:\/\/onlineshop.togiya.jp\/it\/prodotto\/tgc-80b\/","title":{"rendered":"TGC-80B."},"content":{"rendered":"<h1>Serie TALENT_TGC-80B<\/h1>\n<p>di Makoto Takahashi, l&#8217;artigiano che ha realizzato la serie Talent.<\/p>\n<p>In pi\u00f9 di 40 anni di carriera, aveva costruito un paio di forbici partendo dalle basi delle forbici TOGIYA. E conosce tutte le forbici, ora \u00e8 diventato un professionista finitura forbici migliori giapponesi, \u00e8 anche in grado di sollevare un successore. Egli \u00e8 una tecnologia forbici esistenza &#8220;Dio&#8221; dell&#8217;industria giapponese forbici, le persone sono chiamati &#8220;Dio mano&#8221;. &#8220;Le sue capacit\u00e0. Una volta che l&#8217;acconciatore ha utilizzato un paio di forbici del suo genere, non pu\u00f2 utilizzare altre forbici.<\/p>\n<p>&nbsp;<\/p>\n","protected":false},"excerpt":{"rendered":"<table class=\"table\">\n<tbody>\n<tr>\n<td>Modello No.<\/td>\n<td>TGC-80B.<\/td>\n<\/tr>\n<tr>\n<td>Dimensione:.<\/td>\n<td>8,0&#8243; pollici<\/td>\n<\/tr>\n<tr>\n<td>Lama:.<\/td>\n<td>Convesso<\/td>\n<\/tr>\n<tr>\n<td>Vite:.<\/td>\n<td>impianto<\/td>\n<\/tr>\n<tr>\n<td>Maniglia:.<\/td>\n<td>Bamb\u00f9 tradizionale<\/td>\n<\/tr>\n<tr>\n<td>Materiale.<\/td>\n<td>V Oro n. 10<\/td>\n<\/tr>\n<\/tbody>\n<\/table>\n","protected":false},"featured_media":2699,"comment_status":"open","ping_status":"closed","template":"","meta":[],"product_brand":[],"product_cat":[442],"product_tag":[369,392,458,371,445,440],"class_list":{"0":"post-3093","1":"product","2":"type-product","3":"status-publish","4":"has-post-thumbnail","6":"product_cat-serie-talenti","7":"product_tag-forbici-da-togiyascissors","8":"product_tag-forbici-lunghe","9":"product_tag-manico-tradizionale-in-bambu","10":"product_tag-taglio","11":"product_tag-togiyatalent-it","12":"product_tag-v-10-it","14":"first","15":"instock","16":"featured","17":"taxable","18":"shipping-taxable","19":"purchasable","20":"product-type-simple"},"jetpack_sharing_enabled":true,"_links":{"self":[{"href":"https:\/\/onlineshop.togiya.jp\/it\/wp-json\/wp\/v2\/product\/3093","targetHints":{"allow":["GET"]}}],"collection":[{"href":"https:\/\/onlineshop.togiya.jp\/it\/wp-json\/wp\/v2\/product"}],"about":[{"href":"https:\/\/onlineshop.togiya.jp\/it\/wp-json\/wp\/v2\/types\/product"}],"replies":[{"embeddable":true,"href":"https:\/\/onlineshop.togiya.jp\/it\/wp-json\/wp\/v2\/comments?post=3093"}],"wp:featuredmedia":[{"embeddable":true,"href":"https:\/\/onlineshop.togiya.jp\/it\/wp-json\/wp\/v2\/media\/2699"}],"wp:attachment":[{"href":"https:\/\/onlineshop.togiya.jp\/it\/wp-json\/wp\/v2\/media?parent=3093"}],"wp:term":[{"taxonomy":"product_brand","embeddable":true,"href":"https:\/\/onlineshop.togiya.jp\/it\/wp-json\/wp\/v2\/product_brand?post=3093"},{"taxonomy":"product_cat","embeddable":true,"href":"https:\/\/onlineshop.togiya.jp\/it\/wp-json\/wp\/v2\/product_cat?post=3093"},{"taxonomy":"product_tag","embeddable":true,"href":"https:\/\/onlineshop.togiya.jp\/it\/wp-json\/wp\/v2\/product_tag?post=3093"}],"curies":[{"name":"wp","href":"https:\/\/api.w.org\/{rel}","templated":true}]}}