{"id":3095,"date":"2021-03-06T23:32:06","date_gmt":"2021-03-06T14:32:06","guid":{"rendered":"https:\/\/onlineshop.togiya.jp\/product\/tgs-70b\/"},"modified":"2023-05-23T14:27:46","modified_gmt":"2023-05-23T05:27:46","slug":"tgs","status":"publish","type":"product","link":"https:\/\/onlineshop.togiya.jp\/it\/prodotto\/tgs\/","title":{"rendered":"TGS-70B"},"content":{"rendered":"<h1>Serie TALENT_TGS-70B<\/h1>\n<p>di Makoto Takahashi, l&#8217;artigiano che realizza la serie Talent. Carriera pi\u00f9 di 40 anni, aveva costruito un paio di forbici dalle basi delle forbici TOGIYA. E conosce tutte le forbici, ora \u00e8 diventato un professionista della finitura delle forbici pi\u00f9 belle del Giappone, \u00e8 anche in grado di crescere un successore. \u00c8 un &#8220;Dio&#8221; dell&#8217;industria delle forbici giapponesi, le persone sono chiamate &#8220;Mano di Dio&#8221; per le sue capacit\u00e0. Una volta che gli acconciatori hanno usato un paio di forbici della sua finitura, non possono usare le altre forbici.<\/p>\n<p>&nbsp;<\/p>\n","protected":false},"excerpt":{"rendered":"<table class=\"table\">\n<tbody>\n<tr>\n<td>Modello No.<\/td>\n<td>TGS-70B<\/td>\n<\/tr>\n<tr>\n<td>Dimensione:.<\/td>\n<td>7,0&#8243; pollici<\/td>\n<\/tr>\n<tr>\n<td>Lama:.<\/td>\n<td>Foglia di bamb\u00f9<\/td>\n<\/tr>\n<tr>\n<td>Vite:.<\/td>\n<td>Impianto e vite a quadrante<\/td>\n<\/tr>\n<tr>\n<td>Maniglia:.<\/td>\n<td>Bamb\u00f9 tradizionale<\/td>\n<\/tr>\n<tr>\n<td>Materiale.<\/td>\n<td>V Oro n. 10<\/td>\n<\/tr>\n<\/tbody>\n<\/table>\n","protected":false},"featured_media":2700,"comment_status":"open","ping_status":"closed","template":"","meta":[],"product_brand":[],"product_cat":[450],"product_tag":[369,392,458,371,440],"class_list":{"0":"post-3095","1":"product","2":"type-product","3":"status-publish","4":"has-post-thumbnail","6":"product_cat-forbici-lunghe","7":"product_tag-forbici-da-togiyascissors","8":"product_tag-forbici-lunghe","9":"product_tag-manico-tradizionale-in-bambu","10":"product_tag-taglio","11":"product_tag-v-10-it","13":"first","14":"instock","15":"featured","16":"taxable","17":"shipping-taxable","18":"purchasable","19":"product-type-simple"},"jetpack_sharing_enabled":true,"_links":{"self":[{"href":"https:\/\/onlineshop.togiya.jp\/it\/wp-json\/wp\/v2\/product\/3095","targetHints":{"allow":["GET"]}}],"collection":[{"href":"https:\/\/onlineshop.togiya.jp\/it\/wp-json\/wp\/v2\/product"}],"about":[{"href":"https:\/\/onlineshop.togiya.jp\/it\/wp-json\/wp\/v2\/types\/product"}],"replies":[{"embeddable":true,"href":"https:\/\/onlineshop.togiya.jp\/it\/wp-json\/wp\/v2\/comments?post=3095"}],"wp:featuredmedia":[{"embeddable":true,"href":"https:\/\/onlineshop.togiya.jp\/it\/wp-json\/wp\/v2\/media\/2700"}],"wp:attachment":[{"href":"https:\/\/onlineshop.togiya.jp\/it\/wp-json\/wp\/v2\/media?parent=3095"}],"wp:term":[{"taxonomy":"product_brand","embeddable":true,"href":"https:\/\/onlineshop.togiya.jp\/it\/wp-json\/wp\/v2\/product_brand?post=3095"},{"taxonomy":"product_cat","embeddable":true,"href":"https:\/\/onlineshop.togiya.jp\/it\/wp-json\/wp\/v2\/product_cat?post=3095"},{"taxonomy":"product_tag","embeddable":true,"href":"https:\/\/onlineshop.togiya.jp\/it\/wp-json\/wp\/v2\/product_tag?post=3095"}],"curies":[{"name":"wp","href":"https:\/\/api.w.org\/{rel}","templated":true}]}}