{"id":3099,"date":"2021-03-06T23:24:09","date_gmt":"2021-03-06T14:24:09","guid":{"rendered":"https:\/\/onlineshop.togiya.jp\/product\/ksc-65-ksc-70\/"},"modified":"2023-05-23T14:55:14","modified_gmt":"2023-05-23T05:55:14","slug":"ksc","status":"publish","type":"product","link":"https:\/\/onlineshop.togiya.jp\/it\/prodotto\/ksc\/","title":{"rendered":"KSC-65 KSC-70"},"content":{"rendered":"<h1>Serie KICHO_KSC-65 KSC-70<\/h1>\n<p>di Makoto Takahashi, che \u00e8 l&#8217;artigiano della serie Talent. Carriera pi\u00f9 di 40 anni, aveva costruito una forbice dalle basi delle forbici TOGIYA. E conosce tutte le forbici, ora \u00e8 diventato un professionista della finitura delle forbici pi\u00f9 belle del Giappone, \u00e8 anche in grado di crescere un successore. Egli \u00e8 un &#8220;dio&#8221; dell&#8217;esistenza delle forbici tecnologiche dell&#8217;industria delle forbici giapponesi, le persone sono considerate &#8220;mano di Dio&#8221; le sue abilit\u00e0. Una volta che i parrucchieri hanno usato un paio delle sue forbici finite, non possono usare l&#8217;altro paio di forbici.<\/p>\n<p><img data-recalc-dims=\"1\" fetchpriority=\"high\" decoding=\"async\" class=\"alignnone size-medium wp-image-587\" src=\"https:\/\/i0.wp.com\/onlineshop.togiya.jp\/wp-content\/uploads\/2021\/03\/img_1b-2-225x300.jpg?resize=225%2C300\" alt=\"\" width=\"225\" height=\"300\" srcset=\"https:\/\/i0.wp.com\/onlineshop.togiya.jp\/wp-content\/uploads\/2021\/03\/img_1b-2.jpg?resize=225%2C300&amp;ssl=1 225w, https:\/\/i0.wp.com\/onlineshop.togiya.jp\/wp-content\/uploads\/2021\/03\/img_1b-2.jpg?w=300&amp;ssl=1 300w\" sizes=\"(max-width: 225px) 100vw, 225px\" \/><\/p>\n","protected":false},"excerpt":{"rendered":"<table class=\"table\">\n<tbody>\n<tr>\n<td>Modello No.<\/td>\n<td>KSC-65 KSC-70<\/td>\n<\/tr>\n<tr>\n<td>Dimensione:.<\/td>\n<td>5,5&#8243;\/6,0&#8243;\/6,5&#8243;\/7,0&#8243; pollici<\/td>\n<\/tr>\n<tr>\n<td>Lama:.<\/td>\n<td>Convesso<\/td>\n<\/tr>\n<tr>\n<td>Vite:.<\/td>\n<td>Quadrante.<\/td>\n<\/tr>\n<tr>\n<td>Maniglia:.<\/td>\n<td>3D anamorfico.<\/td>\n<\/tr>\n<tr>\n<td>Materiale.<\/td>\n<td>HITACHI440C<\/td>\n<\/tr>\n<\/tbody>\n<\/table>\n","protected":false},"featured_media":2713,"comment_status":"open","ping_status":"closed","template":"","meta":[],"product_brand":[],"product_cat":[450,451],"product_tag":[369,392,426,381,398,371,453],"class_list":{"0":"post-3099","1":"product","2":"type-product","3":"status-publish","4":"has-post-thumbnail","6":"product_cat-forbici-lunghe","7":"product_cat-serie-kicho-it","8":"product_tag-forbici-da-togiyascissors","9":"product_tag-forbici-lunghe","10":"product_tag-hitachi440-it","11":"product_tag-maniglia-3d","12":"product_tag-mini-forbici","13":"product_tag-taglio","14":"product_tag-togiyakicho-it","16":"first","17":"instock","18":"featured","19":"taxable","20":"shipping-taxable","21":"purchasable","22":"product-type-variable"},"jetpack_sharing_enabled":true,"_links":{"self":[{"href":"https:\/\/onlineshop.togiya.jp\/it\/wp-json\/wp\/v2\/product\/3099","targetHints":{"allow":["GET"]}}],"collection":[{"href":"https:\/\/onlineshop.togiya.jp\/it\/wp-json\/wp\/v2\/product"}],"about":[{"href":"https:\/\/onlineshop.togiya.jp\/it\/wp-json\/wp\/v2\/types\/product"}],"replies":[{"embeddable":true,"href":"https:\/\/onlineshop.togiya.jp\/it\/wp-json\/wp\/v2\/comments?post=3099"}],"wp:featuredmedia":[{"embeddable":true,"href":"https:\/\/onlineshop.togiya.jp\/it\/wp-json\/wp\/v2\/media\/2713"}],"wp:attachment":[{"href":"https:\/\/onlineshop.togiya.jp\/it\/wp-json\/wp\/v2\/media?parent=3099"}],"wp:term":[{"taxonomy":"product_brand","embeddable":true,"href":"https:\/\/onlineshop.togiya.jp\/it\/wp-json\/wp\/v2\/product_brand?post=3099"},{"taxonomy":"product_cat","embeddable":true,"href":"https:\/\/onlineshop.togiya.jp\/it\/wp-json\/wp\/v2\/product_cat?post=3099"},{"taxonomy":"product_tag","embeddable":true,"href":"https:\/\/onlineshop.togiya.jp\/it\/wp-json\/wp\/v2\/product_tag?post=3099"}],"curies":[{"name":"wp","href":"https:\/\/api.w.org\/{rel}","templated":true}]}}