{"id":3102,"date":"2020-11-27T20:35:20","date_gmt":"2020-11-27T11:35:20","guid":{"rendered":"https:\/\/onlineshop.togiya.jp\/product\/amw-14-moon-walker\/"},"modified":"2023-05-08T12:45:41","modified_gmt":"2023-05-08T03:45:41","slug":"amw-14-moon-walker","status":"publish","type":"product","link":"https:\/\/onlineshop.togiya.jp\/it\/prodotto\/amw-14-moon-walker\/","title":{"rendered":"AMW-14 Moon Walker"},"content":{"rendered":"<h1>COLLEZIONE D&#8217;ARTE I serie_AMW-14 Moon Walker<\/h1>\n<p>Di Shinichi Mori, l&#8217;artigiano che realizza la serie Art Collection.<\/p>\n<p>In pi\u00f9 di 40 anni di carriera, aveva costruito un paio di forbici partendo dalle basi delle forbici TOGIYA. E conosce tutte le forbici, ora \u00e8 diventato un professionista finitura forbici migliori giapponesi, \u00e8 anche in grado di sollevare un successore. Egli \u00e8 una tecnologia forbici esistenza &#8220;Dio&#8221; dell&#8217;industria giapponese forbici, le persone sono chiamati &#8220;Dio mano&#8221;. &#8220;Le sue capacit\u00e0. Una volta che l&#8217;acconciatore ha utilizzato un paio di forbici del suo genere, non pu\u00f2 utilizzare altre forbici.<\/p>\n<p><img data-recalc-dims=\"1\" fetchpriority=\"high\" decoding=\"async\" class=\"alignnone wp-image-355 size-medium\" src=\"https:\/\/i0.wp.com\/onlineshop.togiya.jp\/wp-content\/uploads\/2020\/11\/img_1b-4-225x300.jpg?resize=225%2C300\" alt=\"\" width=\"225\" height=\"300\" srcset=\"https:\/\/i0.wp.com\/onlineshop.togiya.jp\/wp-content\/uploads\/2020\/11\/img_1b-4.jpg?resize=225%2C300&amp;ssl=1 225w, https:\/\/i0.wp.com\/onlineshop.togiya.jp\/wp-content\/uploads\/2020\/11\/img_1b-4.jpg?w=300&amp;ssl=1 300w\" sizes=\"(max-width: 225px) 100vw, 225px\" \/><\/p>\n","protected":false},"excerpt":{"rendered":"<table class=\"table\">\n<tbody>\n<tr>\n<td>Modello No.<\/td>\n<td>AMW-14 Moon Walker<\/td>\n<\/tr>\n<tr>\n<td>Dimensione:.<\/td>\n<td>6,0 pollici.<\/td>\n<\/tr>\n<tr>\n<td>lama:.<\/td>\n<td>14 denti<\/td>\n<\/tr>\n<tr>\n<td>Vite:.<\/td>\n<td>Vite di regolazione<\/td>\n<\/tr>\n<tr>\n<td>Maniglia:.<\/td>\n<td>Offset<\/td>\n<\/tr>\n<tr>\n<td>Materiale.<\/td>\n<td>HITACHI 314.<\/td>\n<\/tr>\n<\/tbody>\n<\/table>\n","protected":false},"featured_media":2611,"comment_status":"open","ping_status":"closed","template":"","meta":[],"product_brand":[],"product_cat":[411],"product_tag":[378,404,438,369,375,412,390],"class_list":{"0":"post-3102","1":"product","2":"type-product","3":"status-publish","4":"has-post-thumbnail","6":"product_cat-collezione-darte-1-serie","7":"product_tag-buco-del-dito-grande","8":"product_tag-diradamento","9":"product_tag-diradamento-a-rovescio","10":"product_tag-forbici-da-togiyascissors","11":"product_tag-hitachi314-it","12":"product_tag-togiyaart1-it","13":"product_tag-togiyabarber-it","15":"first","16":"instock","17":"featured","18":"taxable","19":"shipping-taxable","20":"purchasable","21":"product-type-simple"},"jetpack_sharing_enabled":true,"_links":{"self":[{"href":"https:\/\/onlineshop.togiya.jp\/it\/wp-json\/wp\/v2\/product\/3102","targetHints":{"allow":["GET"]}}],"collection":[{"href":"https:\/\/onlineshop.togiya.jp\/it\/wp-json\/wp\/v2\/product"}],"about":[{"href":"https:\/\/onlineshop.togiya.jp\/it\/wp-json\/wp\/v2\/types\/product"}],"replies":[{"embeddable":true,"href":"https:\/\/onlineshop.togiya.jp\/it\/wp-json\/wp\/v2\/comments?post=3102"}],"wp:featuredmedia":[{"embeddable":true,"href":"https:\/\/onlineshop.togiya.jp\/it\/wp-json\/wp\/v2\/media\/2611"}],"wp:attachment":[{"href":"https:\/\/onlineshop.togiya.jp\/it\/wp-json\/wp\/v2\/media?parent=3102"}],"wp:term":[{"taxonomy":"product_brand","embeddable":true,"href":"https:\/\/onlineshop.togiya.jp\/it\/wp-json\/wp\/v2\/product_brand?post=3102"},{"taxonomy":"product_cat","embeddable":true,"href":"https:\/\/onlineshop.togiya.jp\/it\/wp-json\/wp\/v2\/product_cat?post=3102"},{"taxonomy":"product_tag","embeddable":true,"href":"https:\/\/onlineshop.togiya.jp\/it\/wp-json\/wp\/v2\/product_tag?post=3102"}],"curies":[{"name":"wp","href":"https:\/\/api.w.org\/{rel}","templated":true}]}}