{"id":3924,"date":"2020-11-19T17:08:25","date_gmt":"2020-11-19T08:08:25","guid":{"rendered":"https:\/\/onlineshop.togiya.jp\/product\/cst-38b\/"},"modified":"2020-11-19T17:08:25","modified_gmt":"2020-11-19T08:08:25","slug":"cst","status":"publish","type":"product","link":"https:\/\/onlineshop.togiya.jp\/it\/prodotto\/cst\/","title":{"rendered":"CST-38B"},"content":{"rendered":"<h1>Serie CLASSIC_SLIM blade_CST-38B<\/h1>\n<p>da Seiren Hashimoto, l&#8217;artigiano che realizza la serie Classic.<\/p>\n<p>Precisione e stabilit\u00e0 con una carriera di oltre 10 anni, comporre le sue forbici \u00e8 eccellente, \u00e8 un artigiano che ha la passione per il taglio pi\u00f9.<\/p>\n<p><img data-recalc-dims=\"1\" fetchpriority=\"high\" decoding=\"async\" class=\"alignnone size-medium wp-image-189\" src=\"https:\/\/i0.wp.com\/onlineshop.togiya.jp\/wp-content\/uploads\/2020\/11\/img_1b-225x300.jpg?resize=225%2C300\" alt=\"\" width=\"225\" height=\"300\" srcset=\"https:\/\/i0.wp.com\/onlineshop.togiya.jp\/wp-content\/uploads\/2020\/11\/img_1b.jpg?resize=225%2C300&amp;ssl=1 225w, https:\/\/i0.wp.com\/onlineshop.togiya.jp\/wp-content\/uploads\/2020\/11\/img_1b.jpg?w=300&amp;ssl=1 300w\" sizes=\"(max-width: 225px) 100vw, 225px\" \/><\/p>\n<h1><\/h1>\n","protected":false},"excerpt":{"rendered":"<table class=\"table\">\n<tbody>\n<tr>\n<td>Modello No.<\/td>\n<td>CST-38B<\/td>\n<\/tr>\n<tr>\n<td>Dimensione:.<\/td>\n<td>5,5 pollici.<\/td>\n<\/tr>\n<tr>\n<td>lama:.<\/td>\n<td>Su per gi\u00f9, 38 denti con una scanalatura<\/td>\n<\/tr>\n<tr>\n<td>Vite:.<\/td>\n<td>Vite meno<\/td>\n<\/tr>\n<tr>\n<td>Maniglia:.<\/td>\n<td>Semi-Offset<\/td>\n<\/tr>\n<tr>\n<td>Materiale.<\/td>\n<td>V Oro n. 1<\/td>\n<\/tr>\n<\/tbody>\n<\/table>\n","protected":false},"featured_media":2581,"comment_status":"open","ping_status":"closed","template":"","meta":[],"product_brand":[],"product_cat":[433],"product_tag":[378,404,438,369,396,377,400,434,401],"class_list":{"0":"post-3924","1":"product","2":"type-product","3":"status-publish","4":"has-post-thumbnail","6":"product_cat-serie-classica","7":"product_tag-buco-del-dito-grande","8":"product_tag-diradamento","9":"product_tag-diradamento-a-rovescio","10":"product_tag-forbici-da-togiyascissors","11":"product_tag-forbici-sottili","12":"product_tag-manico-di-cammello","13":"product_tag-principianti","14":"product_tag-togiyaclassic-it","15":"product_tag-v-1-it","17":"first","18":"instock","19":"taxable","20":"shipping-taxable","21":"purchasable","22":"product-type-simple"},"jetpack_sharing_enabled":true,"_links":{"self":[{"href":"https:\/\/onlineshop.togiya.jp\/it\/wp-json\/wp\/v2\/product\/3924","targetHints":{"allow":["GET"]}}],"collection":[{"href":"https:\/\/onlineshop.togiya.jp\/it\/wp-json\/wp\/v2\/product"}],"about":[{"href":"https:\/\/onlineshop.togiya.jp\/it\/wp-json\/wp\/v2\/types\/product"}],"replies":[{"embeddable":true,"href":"https:\/\/onlineshop.togiya.jp\/it\/wp-json\/wp\/v2\/comments?post=3924"}],"wp:featuredmedia":[{"embeddable":true,"href":"https:\/\/onlineshop.togiya.jp\/it\/wp-json\/wp\/v2\/media\/2581"}],"wp:attachment":[{"href":"https:\/\/onlineshop.togiya.jp\/it\/wp-json\/wp\/v2\/media?parent=3924"}],"wp:term":[{"taxonomy":"product_brand","embeddable":true,"href":"https:\/\/onlineshop.togiya.jp\/it\/wp-json\/wp\/v2\/product_brand?post=3924"},{"taxonomy":"product_cat","embeddable":true,"href":"https:\/\/onlineshop.togiya.jp\/it\/wp-json\/wp\/v2\/product_cat?post=3924"},{"taxonomy":"product_tag","embeddable":true,"href":"https:\/\/onlineshop.togiya.jp\/it\/wp-json\/wp\/v2\/product_tag?post=3924"}],"curies":[{"name":"wp","href":"https:\/\/api.w.org\/{rel}","templated":true}]}}