{"id":3925,"date":"2020-11-19T14:54:17","date_gmt":"2020-11-19T05:54:17","guid":{"rendered":"https:\/\/onlineshop.togiya.jp\/product\/cpt-30-cpt-38-cpt-38sb\/"},"modified":"2020-11-19T14:54:17","modified_gmt":"2020-11-19T05:54:17","slug":"cpt-sb","status":"publish","type":"product","link":"https:\/\/onlineshop.togiya.jp\/it\/prodotto\/cpt-sb\/","title":{"rendered":"CPT-30 CPT-38 CPT-38SB"},"content":{"rendered":"<h1>Serie CLASSIC_CPT-30 CPT-38 CPT-38SB<\/h1>\n<p>da Seiren Hashimoto, l&#8217;artigiano che realizza la serie Classic.<\/p>\n<p>Precisione e stabilit\u00e0 con una carriera di oltre 10 anni, comporre le sue forbici \u00e8 eccellente, \u00e8 un artigiano che ha la passione per il taglio pi\u00f9.<\/p>\n<p><img data-recalc-dims=\"1\" fetchpriority=\"high\" decoding=\"async\" class=\"alignnone size-medium wp-image-189\" src=\"https:\/\/i0.wp.com\/onlineshop.togiya.jp\/wp-content\/uploads\/2020\/11\/img_1b-225x300.jpg?resize=225%2C300\" alt=\"\" width=\"225\" height=\"300\" srcset=\"https:\/\/i0.wp.com\/onlineshop.togiya.jp\/wp-content\/uploads\/2020\/11\/img_1b.jpg?resize=225%2C300&amp;ssl=1 225w, https:\/\/i0.wp.com\/onlineshop.togiya.jp\/wp-content\/uploads\/2020\/11\/img_1b.jpg?w=300&amp;ssl=1 300w\" sizes=\"(max-width: 225px) 100vw, 225px\" \/><\/p>\n<h1><\/h1>\n","protected":false},"excerpt":{"rendered":"<table class=\"table\">\n<tbody>\n<tr>\n<td>Modello No.<\/td>\n<td>CPT-30 CPT-38 CPT-38SB(Lama a testa in gi\u00f9)<\/td>\n<\/tr>\n<tr>\n<td>Dimensione:.<\/td>\n<td>5,5 pollici.<\/td>\n<\/tr>\n<tr>\n<td>lama:.<\/td>\n<td>30 denti 38 denti con una scanalatura<\/td>\n<\/tr>\n<tr>\n<td>Vite:.<\/td>\n<td>Vite del quadrante<\/td>\n<\/tr>\n<tr>\n<td>Maniglia:.<\/td>\n<td>Semi-offset<\/td>\n<\/tr>\n<tr>\n<td>Materiale.<\/td>\n<td>V Oro n. 1<\/td>\n<\/tr>\n<\/tbody>\n<\/table>\n","protected":false},"featured_media":2579,"comment_status":"open","ping_status":"closed","template":"","meta":[],"product_brand":[],"product_cat":[433],"product_tag":[378,404,438,369,381,400,401],"class_list":{"0":"post-3925","1":"product","2":"type-product","3":"status-publish","4":"has-post-thumbnail","6":"product_cat-serie-classica","7":"product_tag-buco-del-dito-grande","8":"product_tag-diradamento","9":"product_tag-diradamento-a-rovescio","10":"product_tag-forbici-da-togiyascissors","11":"product_tag-maniglia-3d","12":"product_tag-principianti","13":"product_tag-v-1-it","15":"first","16":"instock","17":"taxable","18":"shipping-taxable","19":"purchasable","20":"product-type-variable"},"jetpack_sharing_enabled":true,"_links":{"self":[{"href":"https:\/\/onlineshop.togiya.jp\/it\/wp-json\/wp\/v2\/product\/3925","targetHints":{"allow":["GET"]}}],"collection":[{"href":"https:\/\/onlineshop.togiya.jp\/it\/wp-json\/wp\/v2\/product"}],"about":[{"href":"https:\/\/onlineshop.togiya.jp\/it\/wp-json\/wp\/v2\/types\/product"}],"replies":[{"embeddable":true,"href":"https:\/\/onlineshop.togiya.jp\/it\/wp-json\/wp\/v2\/comments?post=3925"}],"wp:featuredmedia":[{"embeddable":true,"href":"https:\/\/onlineshop.togiya.jp\/it\/wp-json\/wp\/v2\/media\/2579"}],"wp:attachment":[{"href":"https:\/\/onlineshop.togiya.jp\/it\/wp-json\/wp\/v2\/media?parent=3925"}],"wp:term":[{"taxonomy":"product_brand","embeddable":true,"href":"https:\/\/onlineshop.togiya.jp\/it\/wp-json\/wp\/v2\/product_brand?post=3925"},{"taxonomy":"product_cat","embeddable":true,"href":"https:\/\/onlineshop.togiya.jp\/it\/wp-json\/wp\/v2\/product_cat?post=3925"},{"taxonomy":"product_tag","embeddable":true,"href":"https:\/\/onlineshop.togiya.jp\/it\/wp-json\/wp\/v2\/product_tag?post=3925"}],"curies":[{"name":"wp","href":"https:\/\/api.w.org\/{rel}","templated":true}]}}